{"id":1001,"date":"2019-07-18T12:31:40","date_gmt":"2019-07-18T19:31:40","guid":{"rendered":"http:\/\/www.rula.disabilityrightsca.org\/serr\/sp\/?page_id=1001"},"modified":"2020-02-20T16:34:56","modified_gmt":"2020-02-21T00:34:56","slug":"4-17-que-es-una-notificacion-previa-por-escrito-prior-written-notice-pwn","status":"publish","type":"page","link":"https:\/\/serr.disabilityrightsca.org\/sp\/serr-manual\/capitulo-4-informacion-sobre-el-proceso-del-iep\/4-17-que-es-una-notificacion-previa-por-escrito-prior-written-notice-pwn\/","title":{"rendered":"(4.17) \u00bfQu\u00e9 es una notificaci\u00f3n previa por escrito (Prior Written Notice, PWN)?"},"content":{"rendered":"\n<p>El distrito tiene la obligaci\u00f3n de enviarle una\nnotificaci\u00f3n previa por escrito \u201ccon una anticipaci\u00f3n razonable antes de\u201d\nreusarse a iniciar o cambiar la identificaci\u00f3n, evaluaci\u00f3n, ubicaci\u00f3n o\nprovisi\u00f3n de una educaci\u00f3n p\u00fablica, adecuada y gratuita (free, appropriate\npublic education, FAPE). La expresi\u00f3n \u201canticipaci\u00f3n razonable\u201d no se encuentra\ndefinida por la ley. La notificaci\u00f3n debe incluir el servicio o la asignaci\u00f3n\nrechazados por el distrito, las razones del rechazo, y una descripci\u00f3n de cada\nprocedimiento de evaluaci\u00f3n, valoraci\u00f3n, registro o informe utilizado por el\ndistrito escolar para tomar su decisi\u00f3n. En la notificaci\u00f3n tambi\u00e9n se le debe\ninformar acerca de su derecho de apelar dicha decisi\u00f3n. [34 C.F.R. Sec.\n300.503; Cal. Ed. Code Sec. 56500.4].<\/p>\n\n\n\n<p>Si no se le brinda una notificaci\u00f3n adecuada antes del\nIEP, puede argumentar que el distrito no solo ha desconocido el requisito de la\nnotificaci\u00f3n previa por escrito, sino tambi\u00e9n que la falta de notificaci\u00f3n no\nle permiti\u00f3 participar de manera significativa en el IEP de su hijo. <\/p>\n","protected":false},"excerpt":{"rendered":"<p>El distrito tiene la obligaci\u00f3n de enviarle una notificaci\u00f3n previa por escrito \u201ccon una anticipaci\u00f3n razonable antes de\u201d reusarse a iniciar o cambiar la identificaci\u00f3n,&hellip;<\/p>\n","protected":false},"author":1,"featured_media":0,"parent":332,"menu_order":17,"comment_status":"closed","ping_status":"closed","template":"","meta":{"footnotes":""},"class_list":["post-1001","page","type-page","status-publish","hentry"],"_links":{"self":[{"href":"https:\/\/serr.disabilityrightsca.org\/sp\/wp-json\/wp\/v2\/pages\/1001","targetHints":{"allow":["GET"]}}],"collection":[{"href":"https:\/\/serr.disabilityrightsca.org\/sp\/wp-json\/wp\/v2\/pages"}],"about":[{"href":"https:\/\/serr.disabilityrightsca.org\/sp\/wp-json\/wp\/v2\/types\/page"}],"author":[{"embeddable":true,"href":"https:\/\/serr.disabilityrightsca.org\/sp\/wp-json\/wp\/v2\/users\/1"}],"replies":[{"embeddable":true,"href":"https:\/\/serr.disabilityrightsca.org\/sp\/wp-json\/wp\/v2\/comments?post=1001"}],"version-history":[{"count":4,"href":"https:\/\/serr.disabilityrightsca.org\/sp\/wp-json\/wp\/v2\/pages\/1001\/revisions"}],"predecessor-version":[{"id":3453,"href":"https:\/\/serr.disabilityrightsca.org\/sp\/wp-json\/wp\/v2\/pages\/1001\/revisions\/3453"}],"up":[{"embeddable":true,"href":"https:\/\/serr.disabilityrightsca.org\/sp\/wp-json\/wp\/v2\/pages\/332"}],"wp:attachment":[{"href":"https:\/\/serr.disabilityrightsca.org\/sp\/wp-json\/wp\/v2\/media?parent=1001"}],"curies":[{"name":"wp","href":"https:\/\/api.w.org\/{rel}","templated":true}]}}