{"id":1008,"date":"2019-07-18T12:41:00","date_gmt":"2019-07-18T19:41:00","guid":{"rendered":"http:\/\/www.rula.disabilityrightsca.org\/serr\/sp\/?page_id=1008"},"modified":"2020-02-25T10:07:33","modified_gmt":"2020-02-25T18:07:33","slug":"4-20-hay-otros-servicios-o-factores-especiales-que-deban-considerarse-e-incluirse-en-un-iep-si-fuera-apropiado-para-un-alumno","status":"publish","type":"page","link":"https:\/\/serr.disabilityrightsca.org\/sp\/serr-manual\/capitulo-4-informacion-sobre-el-proceso-del-iep\/4-20-hay-otros-servicios-o-factores-especiales-que-deban-considerarse-e-incluirse-en-un-iep-si-fuera-apropiado-para-un-alumno\/","title":{"rendered":"(4.20) \u00bfHay otros servicios o factores especiales que deban considerarse e incluirse en un IEP, si fuera apropiado para un alumno?"},"content":{"rendered":"\n<p>S\u00ed. El equipo del IEP\ndebe considerar, cuando fuera adecuado:<\/p>\n\n\n\n<p>(1) estrategias, incluidas las intervenciones\nconductuales positivas y los apoyos para abordar la conducta de un alumno cuyo\ncomportamiento impide su aprendizaje o el de otros;<\/p>\n\n\n\n<p>(2) la instrucci\u00f3n y uso del sistema Braille, en el\ncaso de que el alumno sea ciego o tenga dificultades auditivas, salvo que el\nequipo del IEP determine, tras evaluar sus habilidades de lectura y escritura,\nnecesidades y medios adecuados de lectura y escritura disponibles, que esto no\nes conveniente;<\/p>\n\n\n\n<p>(3) las necesidades de comunicaci\u00f3n, y en el caso de\nun alumno sordo o con dificultades auditivas, tener en cuenta sus necesidades\nling\u00fc\u00edsticas y de comunicaci\u00f3n, las oportunidades de comunicarse de forma\ndirecta con sus pares y personal profesional en el idioma y modo de\ncomunicaci\u00f3n del alumno, nivel acad\u00e9mico, y el rango completo de sus\nnecesidades, incluidas las oportunidades de recibir una instrucci\u00f3n de forma\ndirecta en su idioma y modo de comunicaci\u00f3n.<\/p>\n\n\n\n<p>(4) la posibilidad de que el alumno necesite de\ndispositivos y servicios de tecnolog\u00eda asistencial;<\/p>\n\n\n\n<p>(5) cualquier medio y modo alternativo que necesarios\npara que el alumno entre los grados 7-12 complete el curso de estudio del\ndistrito y alcance los est\u00e1ndares de competencia requeridos para la graduaci\u00f3n;<\/p>\n\n\n\n<p>(6) metas, objetivos, programas y servicios\nling\u00fc\u00edsticamente apropiados para un alumno cuya lengua materna no es el ingl\u00e9s\n(o que es un estudiante de ingl\u00e9s);<\/p>\n\n\n\n<p>(7) servicios, materiales y equipos especializados\npara un alumno con discapacidades de baja incidencia. [20 U.S.C. Sec. 1414(d)(3)(B), 34 C.F.R. Secs. 300.320\n&amp; 300.324, Cal. Ed. Code Secs. 56341.1,\n56345 &amp; 56345.1].<\/p>\n","protected":false},"excerpt":{"rendered":"<p>S\u00ed. El equipo del IEP debe considerar, cuando fuera adecuado: (1) estrategias, incluidas las intervenciones conductuales positivas y los apoyos para abordar la conducta de&hellip;<\/p>\n","protected":false},"author":1,"featured_media":0,"parent":332,"menu_order":20,"comment_status":"closed","ping_status":"closed","template":"","meta":{"footnotes":""},"class_list":["post-1008","page","type-page","status-publish","hentry"],"_links":{"self":[{"href":"https:\/\/serr.disabilityrightsca.org\/sp\/wp-json\/wp\/v2\/pages\/1008","targetHints":{"allow":["GET"]}}],"collection":[{"href":"https:\/\/serr.disabilityrightsca.org\/sp\/wp-json\/wp\/v2\/pages"}],"about":[{"href":"https:\/\/serr.disabilityrightsca.org\/sp\/wp-json\/wp\/v2\/types\/page"}],"author":[{"embeddable":true,"href":"https:\/\/serr.disabilityrightsca.org\/sp\/wp-json\/wp\/v2\/users\/1"}],"replies":[{"embeddable":true,"href":"https:\/\/serr.disabilityrightsca.org\/sp\/wp-json\/wp\/v2\/comments?post=1008"}],"version-history":[{"count":3,"href":"https:\/\/serr.disabilityrightsca.org\/sp\/wp-json\/wp\/v2\/pages\/1008\/revisions"}],"predecessor-version":[{"id":3458,"href":"https:\/\/serr.disabilityrightsca.org\/sp\/wp-json\/wp\/v2\/pages\/1008\/revisions\/3458"}],"up":[{"embeddable":true,"href":"https:\/\/serr.disabilityrightsca.org\/sp\/wp-json\/wp\/v2\/pages\/332"}],"wp:attachment":[{"href":"https:\/\/serr.disabilityrightsca.org\/sp\/wp-json\/wp\/v2\/media?parent=1008"}],"curies":[{"name":"wp","href":"https:\/\/api.w.org\/{rel}","templated":true}]}}