{"id":1016,"date":"2019-07-18T12:46:09","date_gmt":"2019-07-18T19:46:09","guid":{"rendered":"http:\/\/www.rula.disabilityrightsca.org\/serr\/sp\/?page_id=1016"},"modified":"2020-02-25T10:18:16","modified_gmt":"2020-02-25T18:18:16","slug":"4-24-cual-es-la-diferencia-entre-los-objetivos-a-corto-plazo-y-un-punto-de-referencia","status":"publish","type":"page","link":"https:\/\/serr.disabilityrightsca.org\/sp\/serr-manual\/capitulo-4-informacion-sobre-el-proceso-del-iep\/4-24-cual-es-la-diferencia-entre-los-objetivos-a-corto-plazo-y-un-punto-de-referencia\/","title":{"rendered":"(4.24) \u00bfCu\u00e1l es la diferencia entre los objetivos a corto plazo y un punto de referencia?"},"content":{"rendered":"\n<p>Los objetivos a corto plazo o puntos de referencia ahora solo son obligatorios para los alumnos que realizan evaluaciones alternativas. Por lo general, los objetivos a corto plazo se definen como los pasos mensurables inmediatos, mientras que los puntos de referencia son las etapas clave que permiten que los padres, alumnos y educadores puedan controlar el progreso de un alumno en miras a lograr las metas anuales. Los objetivos a corto plazo dividen las habilidades descritas en las metas anuales en componentes discretos. Los puntos de referencia describen la cantidad de progreso que se espera que el ni\u00f1o logre dentro de segmentos espec\u00edficos del a\u00f1o y establecen los niveles de desempe\u00f1o que permiten los controles regulares de progreso. Un equipo del IEP puede usar objetivos a corto plazo o puntos de referencia. [20 U.S.C. Sec. 1414(d)(1)(A)(i)(I)(cc); 34 C.F.R. Sec. 300.320(a)(2)(ii); Cal. Ed. Code Sec. 56345(a)(1)(C)].<\/p>\n","protected":false},"excerpt":{"rendered":"<p>Los objetivos a corto plazo o puntos de referencia ahora solo son obligatorios para los alumnos que realizan evaluaciones alternativas. Por lo general, los objetivos&hellip;<\/p>\n","protected":false},"author":1,"featured_media":0,"parent":332,"menu_order":24,"comment_status":"closed","ping_status":"closed","template":"","meta":{"footnotes":""},"class_list":["post-1016","page","type-page","status-publish","hentry"],"_links":{"self":[{"href":"https:\/\/serr.disabilityrightsca.org\/sp\/wp-json\/wp\/v2\/pages\/1016","targetHints":{"allow":["GET"]}}],"collection":[{"href":"https:\/\/serr.disabilityrightsca.org\/sp\/wp-json\/wp\/v2\/pages"}],"about":[{"href":"https:\/\/serr.disabilityrightsca.org\/sp\/wp-json\/wp\/v2\/types\/page"}],"author":[{"embeddable":true,"href":"https:\/\/serr.disabilityrightsca.org\/sp\/wp-json\/wp\/v2\/users\/1"}],"replies":[{"embeddable":true,"href":"https:\/\/serr.disabilityrightsca.org\/sp\/wp-json\/wp\/v2\/comments?post=1016"}],"version-history":[{"count":3,"href":"https:\/\/serr.disabilityrightsca.org\/sp\/wp-json\/wp\/v2\/pages\/1016\/revisions"}],"predecessor-version":[{"id":3462,"href":"https:\/\/serr.disabilityrightsca.org\/sp\/wp-json\/wp\/v2\/pages\/1016\/revisions\/3462"}],"up":[{"embeddable":true,"href":"https:\/\/serr.disabilityrightsca.org\/sp\/wp-json\/wp\/v2\/pages\/332"}],"wp:attachment":[{"href":"https:\/\/serr.disabilityrightsca.org\/sp\/wp-json\/wp\/v2\/media?parent=1016"}],"curies":[{"name":"wp","href":"https:\/\/api.w.org\/{rel}","templated":true}]}}