{"id":1020,"date":"2019-07-18T12:58:16","date_gmt":"2019-07-18T19:58:16","guid":{"rendered":"http:\/\/www.rula.disabilityrightsca.org\/serr\/sp\/?page_id=1020"},"modified":"2020-08-13T10:33:04","modified_gmt":"2020-08-13T17:33:04","slug":"4-26-el-iep-de-un-alumno-con-una-discapacidad-debe-incluir-las-metas-anuales-que-analizan-todas-las-areas-del-programa-de-estudios-general","status":"publish","type":"page","link":"https:\/\/serr.disabilityrightsca.org\/sp\/serr-manual\/capitulo-4-informacion-sobre-el-proceso-del-iep\/4-26-el-iep-de-un-alumno-con-una-discapacidad-debe-incluir-las-metas-anuales-que-analizan-todas-las-areas-del-programa-de-estudios-general\/","title":{"rendered":"(4.26) \u00bfEl IEP de un alumno con una discapacidad debe incluir las metas anuales que analizan todas las \u00e1reas del programa de estudios general?"},"content":{"rendered":"\n<p>No. El IEP debe abordar solo las \u00e1reas del programa de estudios general afectadas por la discapacidad de alumno. Si la discapacidad de su hijo afecta su lectura y escritura, pero no sus habilidades en matem\u00e1tica, entonces no se requiere establecer metas de educaci\u00f3n general en matem\u00e1tica. Los d\u00e9ficits funcionales que impactan en todo o gran parte del programa de estudios tambi\u00e9n se pueden abordar mediante la provisi\u00f3n de colocaciones o modificaciones apropiadas para el alumno en el aula de educaci\u00f3n general. Por ejemplo, un alumno con d\u00e9ficit de atenci\u00f3n puede sentarse en la parte de adelante de la clase, o un alumno con problemas de procesamiento de audici\u00f3n puede contar con una persona que tome notas por \u00e9l. Consulte el <a href=\"https:\/\/serr.disabilityrightsca.org\/sp\/serr-manual\/capitulo-7-informacion-sobre-el-entorno-menos-restrictivo\/\">cap\u00edtulo 7, <em>Informaci\u00f3n sobre el ambiente menos restrictivo.<\/em><\/a><\/p>\n","protected":false},"excerpt":{"rendered":"<p>No. El IEP debe abordar solo las \u00e1reas del programa de estudios general afectadas por la discapacidad de alumno. Si la discapacidad de su hijo&hellip;<\/p>\n","protected":false},"author":1,"featured_media":0,"parent":332,"menu_order":26,"comment_status":"closed","ping_status":"closed","template":"","meta":{"footnotes":""},"class_list":["post-1020","page","type-page","status-publish","hentry"],"_links":{"self":[{"href":"https:\/\/serr.disabilityrightsca.org\/sp\/wp-json\/wp\/v2\/pages\/1020","targetHints":{"allow":["GET"]}}],"collection":[{"href":"https:\/\/serr.disabilityrightsca.org\/sp\/wp-json\/wp\/v2\/pages"}],"about":[{"href":"https:\/\/serr.disabilityrightsca.org\/sp\/wp-json\/wp\/v2\/types\/page"}],"author":[{"embeddable":true,"href":"https:\/\/serr.disabilityrightsca.org\/sp\/wp-json\/wp\/v2\/users\/1"}],"replies":[{"embeddable":true,"href":"https:\/\/serr.disabilityrightsca.org\/sp\/wp-json\/wp\/v2\/comments?post=1020"}],"version-history":[{"count":6,"href":"https:\/\/serr.disabilityrightsca.org\/sp\/wp-json\/wp\/v2\/pages\/1020\/revisions"}],"predecessor-version":[{"id":4226,"href":"https:\/\/serr.disabilityrightsca.org\/sp\/wp-json\/wp\/v2\/pages\/1020\/revisions\/4226"}],"up":[{"embeddable":true,"href":"https:\/\/serr.disabilityrightsca.org\/sp\/wp-json\/wp\/v2\/pages\/332"}],"wp:attachment":[{"href":"https:\/\/serr.disabilityrightsca.org\/sp\/wp-json\/wp\/v2\/media?parent=1020"}],"curies":[{"name":"wp","href":"https:\/\/api.w.org\/{rel}","templated":true}]}}