{"id":1024,"date":"2019-07-18T13:00:39","date_gmt":"2019-07-18T20:00:39","guid":{"rendered":"http:\/\/www.rula.disabilityrightsca.org\/serr\/sp\/?page_id=1024"},"modified":"2020-02-25T10:24:39","modified_gmt":"2020-02-25T18:24:39","slug":"4-28-si-la-mayoria-de-los-miembros-del-equipo-del-iep-excepto-el-agente-que-representa-al-distrito-escolar-estan-de-acuerdo-con-los-servicios-del-iep-se-deben-escribir-tales-servicios-en-el","status":"publish","type":"page","link":"https:\/\/serr.disabilityrightsca.org\/sp\/serr-manual\/capitulo-4-informacion-sobre-el-proceso-del-iep\/4-28-si-la-mayoria-de-los-miembros-del-equipo-del-iep-excepto-el-agente-que-representa-al-distrito-escolar-estan-de-acuerdo-con-los-servicios-del-iep-se-deben-escribir-tales-servicios-en-el\/","title":{"rendered":"(4.28) Si la mayor\u00eda de los miembros del equipo del IEP, excepto el agente que representa al distrito escolar, est\u00e1n de acuerdo con los servicios del IEP, \u00bfse deben escribir tales servicios en el IEP?"},"content":{"rendered":"\n<p>Sin importar la cantidad de miembros del equipo que est\u00e9n de acuerdo con los servicios propuestos, el distrito tiene la responsabilidad final de asegurar que el IEP incluya los servicios que el alumno necesita con el fin de recibir una educaci\u00f3n adecuada. No es adecuado tomar decisiones del IEP en funci\u00f3n del voto de la mayor\u00eda. El equipo debe procurar tomar estas decisiones mediante consenso. Si no hay consenso, el distrito escolar debe brindar a los padres una \u201cnotificaci\u00f3n previa por escrito\u201d de las propuestas o rechazos relacionados con el programa educativo del alumno. Los padres tienen derecho de resolver cualquier desacuerdo mediante los procedimientos del debido proceso.<\/p>\n","protected":false},"excerpt":{"rendered":"<p>Sin importar la cantidad de miembros del equipo que est\u00e9n de acuerdo con los servicios propuestos, el distrito tiene la responsabilidad final de asegurar que&hellip;<\/p>\n","protected":false},"author":1,"featured_media":0,"parent":332,"menu_order":28,"comment_status":"closed","ping_status":"closed","template":"","meta":{"footnotes":""},"class_list":["post-1024","page","type-page","status-publish","hentry"],"_links":{"self":[{"href":"https:\/\/serr.disabilityrightsca.org\/sp\/wp-json\/wp\/v2\/pages\/1024","targetHints":{"allow":["GET"]}}],"collection":[{"href":"https:\/\/serr.disabilityrightsca.org\/sp\/wp-json\/wp\/v2\/pages"}],"about":[{"href":"https:\/\/serr.disabilityrightsca.org\/sp\/wp-json\/wp\/v2\/types\/page"}],"author":[{"embeddable":true,"href":"https:\/\/serr.disabilityrightsca.org\/sp\/wp-json\/wp\/v2\/users\/1"}],"replies":[{"embeddable":true,"href":"https:\/\/serr.disabilityrightsca.org\/sp\/wp-json\/wp\/v2\/comments?post=1024"}],"version-history":[{"count":3,"href":"https:\/\/serr.disabilityrightsca.org\/sp\/wp-json\/wp\/v2\/pages\/1024\/revisions"}],"predecessor-version":[{"id":3467,"href":"https:\/\/serr.disabilityrightsca.org\/sp\/wp-json\/wp\/v2\/pages\/1024\/revisions\/3467"}],"up":[{"embeddable":true,"href":"https:\/\/serr.disabilityrightsca.org\/sp\/wp-json\/wp\/v2\/pages\/332"}],"wp:attachment":[{"href":"https:\/\/serr.disabilityrightsca.org\/sp\/wp-json\/wp\/v2\/media?parent=1024"}],"curies":[{"name":"wp","href":"https:\/\/api.w.org\/{rel}","templated":true}]}}