{"id":1027,"date":"2019-07-18T13:02:58","date_gmt":"2019-07-18T20:02:58","guid":{"rendered":"http:\/\/www.rula.disabilityrightsca.org\/serr\/sp\/?page_id=1027"},"modified":"2020-08-13T10:34:02","modified_gmt":"2020-08-13T17:34:02","slug":"4-29-que-puedo-hacer-si-el-maestro-de-mi-hijo-u-otro-personal-del-servicio-directo-dice-que-temen-sufrir-represalias-por-decir-algo-en-una-reunion-del-iep-que-este-en-conflicto-con-la-posici","status":"publish","type":"page","link":"https:\/\/serr.disabilityrightsca.org\/sp\/serr-manual\/capitulo-4-informacion-sobre-el-proceso-del-iep\/4-29-que-puedo-hacer-si-el-maestro-de-mi-hijo-u-otro-personal-del-servicio-directo-dice-que-temen-sufrir-represalias-por-decir-algo-en-una-reunion-del-iep-que-este-en-conflicto-con-la-posici\/","title":{"rendered":"(4.29) \u00bfQu\u00e9 puedo hacer si el maestro de mi hijo (u otro personal del servicio directo) dice que temen sufrir represalias por decir algo en una reuni\u00f3n del IEP que est\u00e9 en conflicto con la posici\u00f3n del administrador?"},"content":{"rendered":"\n<p>Ning\u00fan empleado del distrito puede, directa o indirectamente, utilizar o intentar utilizar su autoridad o influencia para intimidar, amenazar, coaccionar a cualquier persona, incluidos, entre otros, maestros, proveedores de servicios relacionados, paraprofesionales, asistentes, contratistas o subordinados, con la finalidad de interferir con los esfuerzos de las personas en asistir a los padres o al tutor de un alumno de educaci\u00f3n especial para obtener servicios o colocaciones adecuadas para tal alumno. [Cal. Ed. Code Sec. 56046(a)]. Si un maestro u otro empleado del distrito cree que un administrador u otro empleado del distrito ha violado esta prohibici\u00f3n, podr\u00e1 presentar una queja ante el Departamento de Educaci\u00f3n del Estado y solicitarle que realice una investigaci\u00f3n. [Cal. Ed. Code Sec. 56046(b)]. Consulte el <a href=\"https:\/\/serr.disabilityrightsca.org\/sp\/serr-manual\/chapter-6-informacion-sobre-el-debido-proceso-y-los-procedimientos-de-cumplimiento\/\">cap\u00edtulo 6, <em>Informaci\u00f3n sobre el debido proceso y los procedimientos de cumplimiento<\/em>.<\/a><\/p>\n\n\n\n<h3 class=\"wp-block-heading\">&nbsp;<\/h3>\n","protected":false},"excerpt":{"rendered":"<p>Ning\u00fan empleado del distrito puede, directa o indirectamente, utilizar o intentar utilizar su autoridad o influencia para intimidar, amenazar, coaccionar a cualquier persona, incluidos, entre&hellip;<\/p>\n","protected":false},"author":1,"featured_media":0,"parent":332,"menu_order":29,"comment_status":"closed","ping_status":"closed","template":"","meta":{"footnotes":""},"class_list":["post-1027","page","type-page","status-publish","hentry"],"_links":{"self":[{"href":"https:\/\/serr.disabilityrightsca.org\/sp\/wp-json\/wp\/v2\/pages\/1027","targetHints":{"allow":["GET"]}}],"collection":[{"href":"https:\/\/serr.disabilityrightsca.org\/sp\/wp-json\/wp\/v2\/pages"}],"about":[{"href":"https:\/\/serr.disabilityrightsca.org\/sp\/wp-json\/wp\/v2\/types\/page"}],"author":[{"embeddable":true,"href":"https:\/\/serr.disabilityrightsca.org\/sp\/wp-json\/wp\/v2\/users\/1"}],"replies":[{"embeddable":true,"href":"https:\/\/serr.disabilityrightsca.org\/sp\/wp-json\/wp\/v2\/comments?post=1027"}],"version-history":[{"count":5,"href":"https:\/\/serr.disabilityrightsca.org\/sp\/wp-json\/wp\/v2\/pages\/1027\/revisions"}],"predecessor-version":[{"id":4227,"href":"https:\/\/serr.disabilityrightsca.org\/sp\/wp-json\/wp\/v2\/pages\/1027\/revisions\/4227"}],"up":[{"embeddable":true,"href":"https:\/\/serr.disabilityrightsca.org\/sp\/wp-json\/wp\/v2\/pages\/332"}],"wp:attachment":[{"href":"https:\/\/serr.disabilityrightsca.org\/sp\/wp-json\/wp\/v2\/media?parent=1027"}],"curies":[{"name":"wp","href":"https:\/\/api.w.org\/{rel}","templated":true}]}}