{"id":1029,"date":"2019-07-18T13:04:00","date_gmt":"2019-07-18T20:04:00","guid":{"rendered":"http:\/\/www.rula.disabilityrightsca.org\/serr\/sp\/?page_id=1029"},"modified":"2020-02-25T10:52:35","modified_gmt":"2020-02-25T18:52:35","slug":"4-30-puedo-solicitar-un-tipo-especifico-de-instruccion-o-programa-para-abordar-las-necesidades-educativas-de-mi-hijo","status":"publish","type":"page","link":"https:\/\/serr.disabilityrightsca.org\/sp\/serr-manual\/capitulo-4-informacion-sobre-el-proceso-del-iep\/4-30-puedo-solicitar-un-tipo-especifico-de-instruccion-o-programa-para-abordar-las-necesidades-educativas-de-mi-hijo\/","title":{"rendered":"(4.30) \u00bfPuedo solicitar un tipo espec\u00edfico de instrucci\u00f3n o programa para abordar las necesidades educativas de mi hijo?"},"content":{"rendered":"\n<p>S\u00ed. La ley federal y estatal definen los servicios de educaci\u00f3n especial como instrucciones \u201cdise\u00f1adas especialmente, sin costo alguno para los padres, para satisfacer las necesidades \u00fanicas\u201d de los alumnos con discapacidades. Las instrucciones dise\u00f1adas especialmente hacen referencia a \u201c&#8230;adaptar, seg\u00fan sea apropiado para las necesidades de un ni\u00f1o que re\u00fane los requisitos para recibir educaci\u00f3n especial&#8230;el contenido, metodolog\u00eda o entrega de instrucciones\u201d para afrontar las necesidades \u00fanicas del ni\u00f1o y para asegurar su acceso al programa de estudios general, de manera que pueda cumplir con los est\u00e1ndares educativos que se aplican a todos los alumnos. [34 C.F.R. Sec. 300.39; Cal. Ed. Code Sec. 56031]. Por ello, la posibilidad de solicitar y discutir las necesidades \u00fanicas del alumno para aplicar un m\u00e9todo en particular de instrucci\u00f3n o programa espec\u00edfico en un IEP forma parte del derecho de los padres.<\/p>\n","protected":false},"excerpt":{"rendered":"<p>S\u00ed. La ley federal y estatal definen los servicios de educaci\u00f3n especial como instrucciones \u201cdise\u00f1adas especialmente, sin costo alguno para los padres, para satisfacer las&hellip;<\/p>\n","protected":false},"author":1,"featured_media":0,"parent":332,"menu_order":30,"comment_status":"closed","ping_status":"closed","template":"","meta":{"footnotes":""},"class_list":["post-1029","page","type-page","status-publish","hentry"],"_links":{"self":[{"href":"https:\/\/serr.disabilityrightsca.org\/sp\/wp-json\/wp\/v2\/pages\/1029","targetHints":{"allow":["GET"]}}],"collection":[{"href":"https:\/\/serr.disabilityrightsca.org\/sp\/wp-json\/wp\/v2\/pages"}],"about":[{"href":"https:\/\/serr.disabilityrightsca.org\/sp\/wp-json\/wp\/v2\/types\/page"}],"author":[{"embeddable":true,"href":"https:\/\/serr.disabilityrightsca.org\/sp\/wp-json\/wp\/v2\/users\/1"}],"replies":[{"embeddable":true,"href":"https:\/\/serr.disabilityrightsca.org\/sp\/wp-json\/wp\/v2\/comments?post=1029"}],"version-history":[{"count":3,"href":"https:\/\/serr.disabilityrightsca.org\/sp\/wp-json\/wp\/v2\/pages\/1029\/revisions"}],"predecessor-version":[{"id":3470,"href":"https:\/\/serr.disabilityrightsca.org\/sp\/wp-json\/wp\/v2\/pages\/1029\/revisions\/3470"}],"up":[{"embeddable":true,"href":"https:\/\/serr.disabilityrightsca.org\/sp\/wp-json\/wp\/v2\/pages\/332"}],"wp:attachment":[{"href":"https:\/\/serr.disabilityrightsca.org\/sp\/wp-json\/wp\/v2\/media?parent=1029"}],"curies":[{"name":"wp","href":"https:\/\/api.w.org\/{rel}","templated":true}]}}