{"id":1031,"date":"2019-07-18T13:05:17","date_gmt":"2019-07-18T20:05:17","guid":{"rendered":"http:\/\/www.rula.disabilityrightsca.org\/serr\/sp\/?page_id=1031"},"modified":"2020-08-13T10:34:46","modified_gmt":"2020-08-13T17:34:46","slug":"4-31-se-pueden-incluir-en-el-iep-los-limites-del-tamano-de-la-clase","status":"publish","type":"page","link":"https:\/\/serr.disabilityrightsca.org\/sp\/serr-manual\/capitulo-4-informacion-sobre-el-proceso-del-iep\/4-31-se-pueden-incluir-en-el-iep-los-limites-del-tamano-de-la-clase\/","title":{"rendered":"(4.31) \u00bfSe pueden incluir en el IEP los l\u00edmites del tama\u00f1o de la clase?"},"content":{"rendered":"\n<p>S\u00ed. La educaci\u00f3n especial alude a \u201cla instrucci\u00f3n\ndise\u00f1ada especialmente&#8230; para satisfacer las necesidades \u00fanicas\u201d de los\nalumnos con discapacidad. Una de tales necesidades puede ser la limitaci\u00f3n en\nel tama\u00f1o de la clase. El distrito puede creer que el tama\u00f1o de la clase no es\nun elemento fundamental en un programa adecuado para el alumno.<\/p>\n\n\n\n<p>Sin embargo, un distrito no puede negarse categ\u00f3ricamente a agregar el tama\u00f1o de la clase a un IEP como una cuesti\u00f3n de pol\u00edtica. Dicha pol\u00edtica no permitir\u00eda que el equipo del IEP desarrolle un IEP seg\u00fan las necesidades \u00fanicas del alumno y usted podr\u00eda presentar un reclamo de cumplimiento si su distrito escolar adopta tal pol\u00edtica. [34 C.F.R. Sec. 300.39; Cal. Ed. Code Sec. 56031]. Consulte el <a href=\"https:\/\/serr.disabilityrightsca.org\/sp\/serr-manual\/chapter-6-informacion-sobre-el-debido-proceso-y-los-procedimientos-de-cumplimiento\/\">cap\u00edtulo 6, <em>Informaci\u00f3n sobre el debido proceso y los procedimientos de cumplimiento<\/em><\/a>.<\/p>\n","protected":false},"excerpt":{"rendered":"<p>S\u00ed. La educaci\u00f3n especial alude a \u201cla instrucci\u00f3n dise\u00f1ada especialmente&#8230; para satisfacer las necesidades \u00fanicas\u201d de los alumnos con discapacidad. Una de tales necesidades puede&hellip;<\/p>\n","protected":false},"author":1,"featured_media":0,"parent":332,"menu_order":31,"comment_status":"closed","ping_status":"closed","template":"","meta":{"footnotes":""},"class_list":["post-1031","page","type-page","status-publish","hentry"],"_links":{"self":[{"href":"https:\/\/serr.disabilityrightsca.org\/sp\/wp-json\/wp\/v2\/pages\/1031","targetHints":{"allow":["GET"]}}],"collection":[{"href":"https:\/\/serr.disabilityrightsca.org\/sp\/wp-json\/wp\/v2\/pages"}],"about":[{"href":"https:\/\/serr.disabilityrightsca.org\/sp\/wp-json\/wp\/v2\/types\/page"}],"author":[{"embeddable":true,"href":"https:\/\/serr.disabilityrightsca.org\/sp\/wp-json\/wp\/v2\/users\/1"}],"replies":[{"embeddable":true,"href":"https:\/\/serr.disabilityrightsca.org\/sp\/wp-json\/wp\/v2\/comments?post=1031"}],"version-history":[{"count":6,"href":"https:\/\/serr.disabilityrightsca.org\/sp\/wp-json\/wp\/v2\/pages\/1031\/revisions"}],"predecessor-version":[{"id":4228,"href":"https:\/\/serr.disabilityrightsca.org\/sp\/wp-json\/wp\/v2\/pages\/1031\/revisions\/4228"}],"up":[{"embeddable":true,"href":"https:\/\/serr.disabilityrightsca.org\/sp\/wp-json\/wp\/v2\/pages\/332"}],"wp:attachment":[{"href":"https:\/\/serr.disabilityrightsca.org\/sp\/wp-json\/wp\/v2\/media?parent=1031"}],"curies":[{"name":"wp","href":"https:\/\/api.w.org\/{rel}","templated":true}]}}