{"id":1041,"date":"2019-07-18T13:12:26","date_gmt":"2019-07-18T20:12:26","guid":{"rendered":"http:\/\/www.rula.disabilityrightsca.org\/serr\/sp\/?page_id=1041"},"modified":"2020-02-25T10:57:00","modified_gmt":"2020-02-25T18:57:00","slug":"4-36-debo-firmar-el-iep-en-la-reunion-del-iep","status":"publish","type":"page","link":"https:\/\/serr.disabilityrightsca.org\/sp\/serr-manual\/capitulo-4-informacion-sobre-el-proceso-del-iep\/4-36-debo-firmar-el-iep-en-la-reunion-del-iep\/","title":{"rendered":"(4.36) \u00bfDebo firmar el IEP en la reuni\u00f3n del IEP?"},"content":{"rendered":"\n<p>No. Es razonable que usted conserve una copia del IEP propuesto para poder llevarla y leerla con m\u00e1s detenimiento en su casa y\/o analizar con su c\u00f3nyuge, compa\u00f1ero o alguna otra persona antes de decidir firmar. Es posible que no pueda llevarse el documento original a su casa. Su hijo seguir\u00e1 siendo elegible para recibir los servicios de educaci\u00f3n especial y permanecer\u00e1 en su colocaci\u00f3n actual mientras usted decide si va a brindar su consentimiento. Si usted no acepta o solicita una audiencia de debido proceso en un per\u00edodo de tiempo razonable, entonces el distrito puede solicitar dicha audiencia.<\/p>\n","protected":false},"excerpt":{"rendered":"<p>No. Es razonable que usted conserve una copia del IEP propuesto para poder llevarla y leerla con m\u00e1s detenimiento en su casa y\/o analizar con&hellip;<\/p>\n","protected":false},"author":1,"featured_media":0,"parent":332,"menu_order":36,"comment_status":"closed","ping_status":"closed","template":"","meta":{"footnotes":""},"class_list":["post-1041","page","type-page","status-publish","hentry"],"_links":{"self":[{"href":"https:\/\/serr.disabilityrightsca.org\/sp\/wp-json\/wp\/v2\/pages\/1041","targetHints":{"allow":["GET"]}}],"collection":[{"href":"https:\/\/serr.disabilityrightsca.org\/sp\/wp-json\/wp\/v2\/pages"}],"about":[{"href":"https:\/\/serr.disabilityrightsca.org\/sp\/wp-json\/wp\/v2\/types\/page"}],"author":[{"embeddable":true,"href":"https:\/\/serr.disabilityrightsca.org\/sp\/wp-json\/wp\/v2\/users\/1"}],"replies":[{"embeddable":true,"href":"https:\/\/serr.disabilityrightsca.org\/sp\/wp-json\/wp\/v2\/comments?post=1041"}],"version-history":[{"count":4,"href":"https:\/\/serr.disabilityrightsca.org\/sp\/wp-json\/wp\/v2\/pages\/1041\/revisions"}],"predecessor-version":[{"id":3476,"href":"https:\/\/serr.disabilityrightsca.org\/sp\/wp-json\/wp\/v2\/pages\/1041\/revisions\/3476"}],"up":[{"embeddable":true,"href":"https:\/\/serr.disabilityrightsca.org\/sp\/wp-json\/wp\/v2\/pages\/332"}],"wp:attachment":[{"href":"https:\/\/serr.disabilityrightsca.org\/sp\/wp-json\/wp\/v2\/media?parent=1041"}],"curies":[{"name":"wp","href":"https:\/\/api.w.org\/{rel}","templated":true}]}}