{"id":1043,"date":"2019-07-18T13:13:11","date_gmt":"2019-07-18T20:13:11","guid":{"rendered":"http:\/\/www.rula.disabilityrightsca.org\/serr\/sp\/?page_id=1043"},"modified":"2020-08-13T10:36:55","modified_gmt":"2020-08-13T17:36:55","slug":"4-37-puedo-consentir-solamente-a-una-parte-del-iep","status":"publish","type":"page","link":"https:\/\/serr.disabilityrightsca.org\/sp\/serr-manual\/capitulo-4-informacion-sobre-el-proceso-del-iep\/4-37-puedo-consentir-solamente-a-una-parte-del-iep\/","title":{"rendered":"(4.37) \u00bfPuedo consentir solamente a una parte del IEP?"},"content":{"rendered":"\n<p>S\u00ed. Puede dar su consentimiento a las recomendaciones\ndel IEP con las cuales est\u00e1 de acuerdo, de manera que tales servicios o\ncolocaci\u00f3n se puedan implementar tan pronto como sea posible. Si no est\u00e1 de\nacuerdo con ciertas partes del IEP, las mismas no se podr\u00e1n implementar y\npueden ser cuestiones a resolver en los procedimientos de debido proceso. Puede\nadjuntar un disenso por escrito en el documento del IEP para dejar en claro su\npostura. [Cal. Ed. Code Sec. 56346].<\/p>\n\n\n\n<p>Si el distrito determina que las recomendaciones del IEP propuesto, con las cuales no est\u00e1 de acuerdo, son necesarias para proporcionar la FAPE, deber\u00e1 iniciar un procedimiento de debido proceso. Mientras que el debido proceso est\u00e9 pendiente de resoluci\u00f3n, su hijo deber\u00e1 permanecer en la colocaci\u00f3n actual hasta que el asunto se resuelva, a menos que el distrito y usted convengan algo diferente. [Cal. Ed. Code Sec. 56346(f)]. Consulte el <a href=\"https:\/\/serr.disabilityrightsca.org\/sp\/serr-manual\/chapter-6-informacion-sobre-el-debido-proceso-y-los-procedimientos-de-cumplimiento\/\">cap\u00edtulo 6, <em>Informaci\u00f3n sobre el debido proceso y los procedimientos de cumplimiento<\/em>.<\/a><\/p>\n","protected":false},"excerpt":{"rendered":"<p>S\u00ed. Puede dar su consentimiento a las recomendaciones del IEP con las cuales est\u00e1 de acuerdo, de manera que tales servicios o colocaci\u00f3n se puedan&hellip;<\/p>\n","protected":false},"author":1,"featured_media":0,"parent":332,"menu_order":37,"comment_status":"closed","ping_status":"closed","template":"","meta":{"footnotes":""},"class_list":["post-1043","page","type-page","status-publish","hentry"],"_links":{"self":[{"href":"https:\/\/serr.disabilityrightsca.org\/sp\/wp-json\/wp\/v2\/pages\/1043","targetHints":{"allow":["GET"]}}],"collection":[{"href":"https:\/\/serr.disabilityrightsca.org\/sp\/wp-json\/wp\/v2\/pages"}],"about":[{"href":"https:\/\/serr.disabilityrightsca.org\/sp\/wp-json\/wp\/v2\/types\/page"}],"author":[{"embeddable":true,"href":"https:\/\/serr.disabilityrightsca.org\/sp\/wp-json\/wp\/v2\/users\/1"}],"replies":[{"embeddable":true,"href":"https:\/\/serr.disabilityrightsca.org\/sp\/wp-json\/wp\/v2\/comments?post=1043"}],"version-history":[{"count":5,"href":"https:\/\/serr.disabilityrightsca.org\/sp\/wp-json\/wp\/v2\/pages\/1043\/revisions"}],"predecessor-version":[{"id":4230,"href":"https:\/\/serr.disabilityrightsca.org\/sp\/wp-json\/wp\/v2\/pages\/1043\/revisions\/4230"}],"up":[{"embeddable":true,"href":"https:\/\/serr.disabilityrightsca.org\/sp\/wp-json\/wp\/v2\/pages\/332"}],"wp:attachment":[{"href":"https:\/\/serr.disabilityrightsca.org\/sp\/wp-json\/wp\/v2\/media?parent=1043"}],"curies":[{"name":"wp","href":"https:\/\/api.w.org\/{rel}","templated":true}]}}