{"id":1051,"date":"2019-07-18T13:22:08","date_gmt":"2019-07-18T20:22:08","guid":{"rendered":"http:\/\/www.rula.disabilityrightsca.org\/serr\/sp\/?page_id=1051"},"modified":"2020-02-25T11:04:31","modified_gmt":"2020-02-25T19:04:31","slug":"4-41-como-pueden-las-asistencias-y-los-servicios-complementarios-ayudar-a-mi-hijo-en-el-aula-comun","status":"publish","type":"page","link":"https:\/\/serr.disabilityrightsca.org\/sp\/serr-manual\/capitulo-4-informacion-sobre-el-proceso-del-iep\/4-41-como-pueden-las-asistencias-y-los-servicios-complementarios-ayudar-a-mi-hijo-en-el-aula-comun\/","title":{"rendered":"(4.41) \u00bfC\u00f3mo pueden las asistencias y los servicios complementarios ayudar a mi hijo en el aula com\u00fan?"},"content":{"rendered":"\n<p>La ley y los reglamentos federales presumen que un\nalumno con discapacidad recibir\u00e1 educaci\u00f3n en las clases de educaci\u00f3n normal\ncon sus pares con \u201cdesarrollo t\u00edpico\u201d. Su distrito debe garantizar que un\nalumno no sea separado de su ambiente educativo normal, salvo que la naturaleza\ny gravedad de la discapacidad sea tal que no se pueda satisfacer adecuadamente\nla educaci\u00f3n en clases normales con asistencias y servicios complementarios.\nLas asistencias y los servicios complementarios pueden consistir en asistencias\neducativas, tales como las computadoras para el apoyo adicional del personal\n(por ejemplo, la asistencia paraprofesional uno a uno, una persona que tome\nnotas o un evaluador). Estos servicios de apoyo se pueden proporcionar en las\nclases normales, en los ambientes educativos normales o en otros entornos\neducativos relacionados. Cualquier ayuda o servicio complementario que el\nequipo del IEP haya acordado que se debe incluir en el IEP. [34 C.F.R. Secs.\n300.42, 300.114-120].<\/p>\n\n\n\n<h3 class=\"wp-block-heading\">&nbsp;<\/h3>\n","protected":false},"excerpt":{"rendered":"<p>La ley y los reglamentos federales presumen que un alumno con discapacidad recibir\u00e1 educaci\u00f3n en las clases de educaci\u00f3n normal con sus pares con \u201cdesarrollo&hellip;<\/p>\n","protected":false},"author":1,"featured_media":0,"parent":332,"menu_order":41,"comment_status":"closed","ping_status":"closed","template":"","meta":{"footnotes":""},"class_list":["post-1051","page","type-page","status-publish","hentry"],"_links":{"self":[{"href":"https:\/\/serr.disabilityrightsca.org\/sp\/wp-json\/wp\/v2\/pages\/1051","targetHints":{"allow":["GET"]}}],"collection":[{"href":"https:\/\/serr.disabilityrightsca.org\/sp\/wp-json\/wp\/v2\/pages"}],"about":[{"href":"https:\/\/serr.disabilityrightsca.org\/sp\/wp-json\/wp\/v2\/types\/page"}],"author":[{"embeddable":true,"href":"https:\/\/serr.disabilityrightsca.org\/sp\/wp-json\/wp\/v2\/users\/1"}],"replies":[{"embeddable":true,"href":"https:\/\/serr.disabilityrightsca.org\/sp\/wp-json\/wp\/v2\/comments?post=1051"}],"version-history":[{"count":3,"href":"https:\/\/serr.disabilityrightsca.org\/sp\/wp-json\/wp\/v2\/pages\/1051\/revisions"}],"predecessor-version":[{"id":3481,"href":"https:\/\/serr.disabilityrightsca.org\/sp\/wp-json\/wp\/v2\/pages\/1051\/revisions\/3481"}],"up":[{"embeddable":true,"href":"https:\/\/serr.disabilityrightsca.org\/sp\/wp-json\/wp\/v2\/pages\/332"}],"wp:attachment":[{"href":"https:\/\/serr.disabilityrightsca.org\/sp\/wp-json\/wp\/v2\/media?parent=1051"}],"curies":[{"name":"wp","href":"https:\/\/api.w.org\/{rel}","templated":true}]}}