{"id":1054,"date":"2019-07-18T13:23:45","date_gmt":"2019-07-18T20:23:45","guid":{"rendered":"http:\/\/www.rula.disabilityrightsca.org\/serr\/sp\/?page_id=1054"},"modified":"2024-07-25T13:46:44","modified_gmt":"2024-07-25T20:46:44","slug":"4-42-cual-es-el-rol-que-desempenan-los-padres-en-la-determinacion-de-las-colocaciones-educativas-de-sus-hijos","status":"publish","type":"page","link":"https:\/\/serr.disabilityrightsca.org\/sp\/serr-manual\/capitulo-4-informacion-sobre-el-proceso-del-iep\/4-42-cual-es-el-rol-que-desempenan-los-padres-en-la-determinacion-de-las-colocaciones-educativas-de-sus-hijos\/","title":{"rendered":"(4.42) \u00bfCu\u00e1l es el rol que desempe\u00f1an los padres en la determinaci\u00f3n de las colocaciones educativas de sus hijos?"},"content":{"rendered":"\n<p>La ley federal exige que el distrito escolar garantice a los padres de un alumno con discapacidad la posibilidad de ser miembros de cualquier grupo que tome decisiones sobre la colocaci\u00f3n educativa de sus hijos. [34 C.F.R. Sec. 300.327]. Esto incluye las decisiones sobre ambas categor\u00edas de colocaciones generales (educaci\u00f3n general, programa de especialistas en recursos, clase de d\u00eda especial, escuelas privadas, etc.) Y las tareas en el \u00e1mbito de la escuela. Puede asistir a cualquier reuni\u00f3n en la que se discuta sobre la colocaci\u00f3n. Tambi\u00e9n tiene el derecho de obtener toda la informaci\u00f3n espec\u00edfica posible acerca de las colocaciones recomendadas durante su reuni\u00f3n del IEP y visitar y observar la colocaci\u00f3n propuesta, si eso fuera posible. <\/p>\n\n\n\n<p>Algunos distritos\nescolares indican qu\u00e9 escuela y\/o aula en particular recomiendan y describen\ntales sitios. Otros distritos recomiendan las categor\u00edas de colocaci\u00f3n general\nen la reuni\u00f3n del IEP (por ejemplo, los especialistas en recursos, clase de d\u00eda\nespecial) y luego, las tareas de clase espec\u00edficas que siguen a la reuni\u00f3n. En\ncualquier caso, debe recordar a su equipo del IEP sobre su derecho a estar\npresente en cualquier reuni\u00f3n donde se determine la colocaci\u00f3n educativa de su\nhijo. [20 U.S.C. Sec. 1414(e), 34 C.F.R. Secs. 300.327 &amp; 300.501(c); Cal.\nEd. Code Secs. 56304 &amp; 56342.5].<\/p>\n","protected":false},"excerpt":{"rendered":"<p>La ley federal exige que el distrito escolar garantice a los padres de un alumno con discapacidad la posibilidad de ser miembros de cualquier grupo&hellip;<\/p>\n","protected":false},"author":1,"featured_media":0,"parent":332,"menu_order":42,"comment_status":"closed","ping_status":"closed","template":"","meta":{"footnotes":""},"class_list":["post-1054","page","type-page","status-publish","hentry"],"_links":{"self":[{"href":"https:\/\/serr.disabilityrightsca.org\/sp\/wp-json\/wp\/v2\/pages\/1054","targetHints":{"allow":["GET"]}}],"collection":[{"href":"https:\/\/serr.disabilityrightsca.org\/sp\/wp-json\/wp\/v2\/pages"}],"about":[{"href":"https:\/\/serr.disabilityrightsca.org\/sp\/wp-json\/wp\/v2\/types\/page"}],"author":[{"embeddable":true,"href":"https:\/\/serr.disabilityrightsca.org\/sp\/wp-json\/wp\/v2\/users\/1"}],"replies":[{"embeddable":true,"href":"https:\/\/serr.disabilityrightsca.org\/sp\/wp-json\/wp\/v2\/comments?post=1054"}],"version-history":[{"count":5,"href":"https:\/\/serr.disabilityrightsca.org\/sp\/wp-json\/wp\/v2\/pages\/1054\/revisions"}],"predecessor-version":[{"id":3482,"href":"https:\/\/serr.disabilityrightsca.org\/sp\/wp-json\/wp\/v2\/pages\/1054\/revisions\/3482"}],"up":[{"embeddable":true,"href":"https:\/\/serr.disabilityrightsca.org\/sp\/wp-json\/wp\/v2\/pages\/332"}],"wp:attachment":[{"href":"https:\/\/serr.disabilityrightsca.org\/sp\/wp-json\/wp\/v2\/media?parent=1054"}],"curies":[{"name":"wp","href":"https:\/\/api.w.org\/{rel}","templated":true}]}}