{"id":1059,"date":"2019-07-18T13:25:31","date_gmt":"2019-07-18T20:25:31","guid":{"rendered":"http:\/\/www.rula.disabilityrightsca.org\/serr\/sp\/?page_id=1059"},"modified":"2020-02-25T11:08:48","modified_gmt":"2020-02-25T19:08:48","slug":"4-44-puede-agruparse-a-ninos-con-diferentes-discapacidades-para-recibir-instruccion-en-la-misma-aula","status":"publish","type":"page","link":"https:\/\/serr.disabilityrightsca.org\/sp\/serr-manual\/capitulo-4-informacion-sobre-el-proceso-del-iep\/4-44-puede-agruparse-a-ninos-con-diferentes-discapacidades-para-recibir-instruccion-en-la-misma-aula\/","title":{"rendered":"(4.44) \u00bfPuede agruparse a ni\u00f1os con diferentes discapacidades para recibir instrucci\u00f3n en la misma aula?"},"content":{"rendered":"\n<p>S\u00ed. La ley federal permite colocaciones de aulas heterog\u00e9neas o no categ\u00f3ricas para alumnos con discapacidades porque las \u201cnecesidades \u00fanicas\u201d de un alumno, en lugar de la categor\u00eda o etiqueta de discapacidad, deben determinar en \u00faltima instancia la colocaci\u00f3n. Para que sea apropiada, la colocaci\u00f3n debe fundamentarse en el IEP de su hijo. [34 C.F.R. Secs. 300.39 &amp; 300.116].<\/p>\n","protected":false},"excerpt":{"rendered":"<p>S\u00ed. La ley federal permite colocaciones de aulas heterog\u00e9neas o no categ\u00f3ricas para alumnos con discapacidades porque las \u201cnecesidades \u00fanicas\u201d de un alumno, en lugar&hellip;<\/p>\n","protected":false},"author":1,"featured_media":0,"parent":332,"menu_order":44,"comment_status":"closed","ping_status":"closed","template":"","meta":{"footnotes":""},"class_list":["post-1059","page","type-page","status-publish","hentry"],"_links":{"self":[{"href":"https:\/\/serr.disabilityrightsca.org\/sp\/wp-json\/wp\/v2\/pages\/1059","targetHints":{"allow":["GET"]}}],"collection":[{"href":"https:\/\/serr.disabilityrightsca.org\/sp\/wp-json\/wp\/v2\/pages"}],"about":[{"href":"https:\/\/serr.disabilityrightsca.org\/sp\/wp-json\/wp\/v2\/types\/page"}],"author":[{"embeddable":true,"href":"https:\/\/serr.disabilityrightsca.org\/sp\/wp-json\/wp\/v2\/users\/1"}],"replies":[{"embeddable":true,"href":"https:\/\/serr.disabilityrightsca.org\/sp\/wp-json\/wp\/v2\/comments?post=1059"}],"version-history":[{"count":4,"href":"https:\/\/serr.disabilityrightsca.org\/sp\/wp-json\/wp\/v2\/pages\/1059\/revisions"}],"predecessor-version":[{"id":3485,"href":"https:\/\/serr.disabilityrightsca.org\/sp\/wp-json\/wp\/v2\/pages\/1059\/revisions\/3485"}],"up":[{"embeddable":true,"href":"https:\/\/serr.disabilityrightsca.org\/sp\/wp-json\/wp\/v2\/pages\/332"}],"wp:attachment":[{"href":"https:\/\/serr.disabilityrightsca.org\/sp\/wp-json\/wp\/v2\/media?parent=1059"}],"curies":[{"name":"wp","href":"https:\/\/api.w.org\/{rel}","templated":true}]}}