{"id":1061,"date":"2019-07-18T13:26:14","date_gmt":"2019-07-18T20:26:14","guid":{"rendered":"http:\/\/www.rula.disabilityrightsca.org\/serr\/sp\/?page_id=1061"},"modified":"2020-02-25T11:09:29","modified_gmt":"2020-02-25T19:09:29","slug":"4-45-cuando-se-debe-implementar-un-iep","status":"publish","type":"page","link":"https:\/\/serr.disabilityrightsca.org\/sp\/serr-manual\/capitulo-4-informacion-sobre-el-proceso-del-iep\/4-45-cuando-se-debe-implementar-un-iep\/","title":{"rendered":"(4.45) \u00bfCu\u00e1ndo se debe implementar un IEP?"},"content":{"rendered":"\n<p>Se debe implementar \u201ctan pronto como sea posible\u201d despu\u00e9s de la reuni\u00f3n del IEP. No debe haber ninguna demora indebida al momento de proporcionar educaci\u00f3n especial y servicios relacionados y el IEP debe especificar las fechas proyectadas para la iniciaci\u00f3n de los servicios. [34 C.F.R. Secs. 300.320(a)(7) &amp; 300.323; Cal. Ed. Code Sec. 56344(b)]. La ley requiere que los IEP de cada alumno est\u00e9n en vigor al inicio del a\u00f1o escolar. [20 U.S.C. Sec. 1414(d)(2); 34 C.F.R. Sec. 300.323(a); Cal. Ed. Code Sec. 56344(c)].<\/p>\n","protected":false},"excerpt":{"rendered":"<p>Se debe implementar \u201ctan pronto como sea posible\u201d despu\u00e9s de la reuni\u00f3n del IEP. No debe haber ninguna demora indebida al momento de proporcionar educaci\u00f3n&hellip;<\/p>\n","protected":false},"author":1,"featured_media":0,"parent":332,"menu_order":45,"comment_status":"closed","ping_status":"closed","template":"","meta":{"footnotes":""},"class_list":["post-1061","page","type-page","status-publish","hentry"],"_links":{"self":[{"href":"https:\/\/serr.disabilityrightsca.org\/sp\/wp-json\/wp\/v2\/pages\/1061","targetHints":{"allow":["GET"]}}],"collection":[{"href":"https:\/\/serr.disabilityrightsca.org\/sp\/wp-json\/wp\/v2\/pages"}],"about":[{"href":"https:\/\/serr.disabilityrightsca.org\/sp\/wp-json\/wp\/v2\/types\/page"}],"author":[{"embeddable":true,"href":"https:\/\/serr.disabilityrightsca.org\/sp\/wp-json\/wp\/v2\/users\/1"}],"replies":[{"embeddable":true,"href":"https:\/\/serr.disabilityrightsca.org\/sp\/wp-json\/wp\/v2\/comments?post=1061"}],"version-history":[{"count":4,"href":"https:\/\/serr.disabilityrightsca.org\/sp\/wp-json\/wp\/v2\/pages\/1061\/revisions"}],"predecessor-version":[{"id":3486,"href":"https:\/\/serr.disabilityrightsca.org\/sp\/wp-json\/wp\/v2\/pages\/1061\/revisions\/3486"}],"up":[{"embeddable":true,"href":"https:\/\/serr.disabilityrightsca.org\/sp\/wp-json\/wp\/v2\/pages\/332"}],"wp:attachment":[{"href":"https:\/\/serr.disabilityrightsca.org\/sp\/wp-json\/wp\/v2\/media?parent=1061"}],"curies":[{"name":"wp","href":"https:\/\/api.w.org\/{rel}","templated":true}]}}