{"id":1072,"date":"2019-07-18T13:33:05","date_gmt":"2019-07-18T20:33:05","guid":{"rendered":"http:\/\/www.rula.disabilityrightsca.org\/serr\/sp\/?page_id=1072"},"modified":"2020-02-25T15:01:42","modified_gmt":"2020-02-25T23:01:42","slug":"4-50-cuando-se-consideran-las-colocaciones-el-nino-debe-ajustarse-a-la-colocacion-del-programa-o-el-programa-debe-ajustarse-al-nino","status":"publish","type":"page","link":"https:\/\/serr.disabilityrightsca.org\/sp\/serr-manual\/capitulo-4-informacion-sobre-el-proceso-del-iep\/4-50-cuando-se-consideran-las-colocaciones-el-nino-debe-ajustarse-a-la-colocacion-del-programa-o-el-programa-debe-ajustarse-al-nino\/","title":{"rendered":"(4.50) Cuando se consideran las colocaciones, \u00bfel ni\u00f1o debe ajustarse a la colocaci\u00f3n del programa o el programa debe ajustarse al ni\u00f1o?"},"content":{"rendered":"\n<p>La colocaci\u00f3n del programa debe determinarse sobre la base de las necesidades de su hijo seg\u00fan se describe en su IEP. [34 C.F.R. Secs. 300.39, 300.116(b)(2) &amp; 300.320(a)(4)]. La intenci\u00f3n de la ley es que el programa se base en las necesidades particulares de su hijo, m\u00e1s que en los programas disponibles en el distrito escolar. Si no existe un programa que satisfaga las necesidades particulares del ni\u00f1o, el distrito escolar debe garantizar un programa (por ejemplo, la modificaci\u00f3n de un programa actual, procurar la trasferencia interdistrital o pagar una colocaci\u00f3n en una escuela privada, seg\u00fan fuera apropiado).<\/p>\n","protected":false},"excerpt":{"rendered":"<p>La colocaci\u00f3n del programa debe determinarse sobre la base de las necesidades de su hijo seg\u00fan se describe en su IEP. [34 C.F.R. Secs. 300.39,&hellip;<\/p>\n","protected":false},"author":1,"featured_media":0,"parent":332,"menu_order":50,"comment_status":"closed","ping_status":"closed","template":"","meta":{"footnotes":""},"class_list":["post-1072","page","type-page","status-publish","hentry"],"_links":{"self":[{"href":"https:\/\/serr.disabilityrightsca.org\/sp\/wp-json\/wp\/v2\/pages\/1072","targetHints":{"allow":["GET"]}}],"collection":[{"href":"https:\/\/serr.disabilityrightsca.org\/sp\/wp-json\/wp\/v2\/pages"}],"about":[{"href":"https:\/\/serr.disabilityrightsca.org\/sp\/wp-json\/wp\/v2\/types\/page"}],"author":[{"embeddable":true,"href":"https:\/\/serr.disabilityrightsca.org\/sp\/wp-json\/wp\/v2\/users\/1"}],"replies":[{"embeddable":true,"href":"https:\/\/serr.disabilityrightsca.org\/sp\/wp-json\/wp\/v2\/comments?post=1072"}],"version-history":[{"count":4,"href":"https:\/\/serr.disabilityrightsca.org\/sp\/wp-json\/wp\/v2\/pages\/1072\/revisions"}],"predecessor-version":[{"id":3492,"href":"https:\/\/serr.disabilityrightsca.org\/sp\/wp-json\/wp\/v2\/pages\/1072\/revisions\/3492"}],"up":[{"embeddable":true,"href":"https:\/\/serr.disabilityrightsca.org\/sp\/wp-json\/wp\/v2\/pages\/332"}],"wp:attachment":[{"href":"https:\/\/serr.disabilityrightsca.org\/sp\/wp-json\/wp\/v2\/media?parent=1072"}],"curies":[{"name":"wp","href":"https:\/\/api.w.org\/{rel}","templated":true}]}}