{"id":1074,"date":"2019-07-18T13:34:26","date_gmt":"2019-07-18T20:34:26","guid":{"rendered":"http:\/\/www.rula.disabilityrightsca.org\/serr\/sp\/?page_id=1074"},"modified":"2020-08-13T10:52:02","modified_gmt":"2020-08-13T17:52:02","slug":"4-51-se-puede-requerir-a-mi-distrito-escolar-que-adquiera-el-equipamiento-necesario-para-implementar-el-iep-de-mi-hijo","status":"publish","type":"page","link":"https:\/\/serr.disabilityrightsca.org\/sp\/serr-manual\/capitulo-4-informacion-sobre-el-proceso-del-iep\/4-51-se-puede-requerir-a-mi-distrito-escolar-que-adquiera-el-equipamiento-necesario-para-implementar-el-iep-de-mi-hijo\/","title":{"rendered":"(4.51) \u00bfSe puede requerir a mi distrito escolar que adquiera el equipamiento necesario para implementar el IEP de mi hijo?"},"content":{"rendered":"\n<p>S\u00ed. Los distritos deben proporcionar el equipamiento\nnecesario para implementar el IEP de su hijo. Las leyes estatales proveen\ndinero a los distritos escolares para la compra del equipamiento requerido en\nel IEP para los alumnos con discapacidades de baja incidencia (por ejemplo, el\nequipo de Braille para alumnos ciegos o dispositivos de comunicaci\u00f3n para\nalumnos con impedimentos del lenguaje oral). Tambi\u00e9n se requiere a las escuelas\nque adquieran los equipamientos necesarios para proporcionar los servicios\nrelacionados, tales como los equipos de terapia ocupacional y f\u00edsica. [Cal.\nGov. Code Sec. 7575(d); Cal. Ed. Code Secs. 56363.1 &amp; 56836.22].<\/p>\n\n\n\n<p>Adem\u00e1s, la ley federal requiere que los distritos\ngaranticen que los dispositivos y\/o servicios de tecnolog\u00eda asistida est\u00e9n\ndisponibles para los alumnos de educaci\u00f3n especial que los necesitan como parte\nde:<\/p>\n\n\n\n<p>&nbsp;(1) sus servicios de educaci\u00f3n especial y\/o servicios relacionados;<\/p>\n\n\n\n<p>(2) Las ayudas y los servicios complementarios\nutilizados para asistir a los alumnos en su colocaci\u00f3n en el ambiente menos\nrestrictivo. [34 C.F.R. Sec. 300.105].<\/p>\n\n\n\n<p>Un dispositivo de tecnolog\u00eda asistencial es un art\u00edculo, pieza de equipamiento, o sistema de producto, ya sea adquirido comercialmente en una tienda, o bien modificado, o hecho a pedido, que se emplea para incrementar, mantener o mejorar las capacidades funcionales de los alumnos con discapacidades. [34 C.F.R. Sec. 300.5]. Los servicios de tecnolog\u00eda asistencial incluyen una evaluaci\u00f3n para la compra, modificaci\u00f3n o reparaci\u00f3n de dichos dispositivos y la capacitaci\u00f3n necesaria para que el alumno y otras personas puedan utilizarlo de manera efectiva. [34 C.F.R. Sec. 300.6]. Consulte el <a href=\"https:\/\/serr.disabilityrightsca.org\/sp\/serr-manual\/capitulo-5-informacion-sobre-los-servicios-relacionados\/\">cap\u00edtulo 5, <em>Informaci\u00f3n sobre los servicios relacionados<\/em>.<\/a><\/p>\n","protected":false},"excerpt":{"rendered":"<p>S\u00ed. Los distritos deben proporcionar el equipamiento necesario para implementar el IEP de su hijo. Las leyes estatales proveen dinero a los distritos escolares para&hellip;<\/p>\n","protected":false},"author":1,"featured_media":0,"parent":332,"menu_order":51,"comment_status":"closed","ping_status":"closed","template":"","meta":{"footnotes":""},"class_list":["post-1074","page","type-page","status-publish","hentry"],"_links":{"self":[{"href":"https:\/\/serr.disabilityrightsca.org\/sp\/wp-json\/wp\/v2\/pages\/1074","targetHints":{"allow":["GET"]}}],"collection":[{"href":"https:\/\/serr.disabilityrightsca.org\/sp\/wp-json\/wp\/v2\/pages"}],"about":[{"href":"https:\/\/serr.disabilityrightsca.org\/sp\/wp-json\/wp\/v2\/types\/page"}],"author":[{"embeddable":true,"href":"https:\/\/serr.disabilityrightsca.org\/sp\/wp-json\/wp\/v2\/users\/1"}],"replies":[{"embeddable":true,"href":"https:\/\/serr.disabilityrightsca.org\/sp\/wp-json\/wp\/v2\/comments?post=1074"}],"version-history":[{"count":5,"href":"https:\/\/serr.disabilityrightsca.org\/sp\/wp-json\/wp\/v2\/pages\/1074\/revisions"}],"predecessor-version":[{"id":4238,"href":"https:\/\/serr.disabilityrightsca.org\/sp\/wp-json\/wp\/v2\/pages\/1074\/revisions\/4238"}],"up":[{"embeddable":true,"href":"https:\/\/serr.disabilityrightsca.org\/sp\/wp-json\/wp\/v2\/pages\/332"}],"wp:attachment":[{"href":"https:\/\/serr.disabilityrightsca.org\/sp\/wp-json\/wp\/v2\/media?parent=1074"}],"curies":[{"name":"wp","href":"https:\/\/api.w.org\/{rel}","templated":true}]}}