{"id":1076,"date":"2019-07-18T13:36:16","date_gmt":"2019-07-18T20:36:16","guid":{"rendered":"http:\/\/www.rula.disabilityrightsca.org\/serr\/sp\/?page_id=1076"},"modified":"2020-02-25T15:03:56","modified_gmt":"2020-02-25T23:03:56","slug":"4-52-puede-mi-hijo-utilizar-un-dispositivo-de-tecnologia-asistencial-adquirido-por-la-escuela-en-el-hogar-o-en-otros-entornos-fuera-de-la-escuela","status":"publish","type":"page","link":"https:\/\/serr.disabilityrightsca.org\/sp\/serr-manual\/capitulo-4-informacion-sobre-el-proceso-del-iep\/4-52-puede-mi-hijo-utilizar-un-dispositivo-de-tecnologia-asistencial-adquirido-por-la-escuela-en-el-hogar-o-en-otros-entornos-fuera-de-la-escuela\/","title":{"rendered":"(4.52) \u00bfPuede mi hijo utilizar un dispositivo de tecnolog\u00eda asistencial adquirido por la escuela en el hogar o en otros entornos fuera de la escuela?"},"content":{"rendered":"\n<p>S\u00ed. Un distrito escolar debe permitirle a un ni\u00f1o con\nuna discapacidad utilizar tecnolog\u00eda asistencial adquirida por la escuela en el\nhogar o en otros entornos, si el equipo del IEP determina que el ni\u00f1o necesita\ntener acceso a tales dispositivos en entornos fuera de la escuela a los fines\nde recibir una educaci\u00f3n apropiada (por ejemplo, completar las tareas).<\/p>\n\n\n\n<p>Los dispositivos de tecnolog\u00eda asistencial deben ser\nproporcionados a los padres en forma gratuita. No se puede cobrar a los padres\npor el uso o el desgaste normales. [34 C.F.R. Sec. 300.105].<\/p>\n","protected":false},"excerpt":{"rendered":"<p>S\u00ed. Un distrito escolar debe permitirle a un ni\u00f1o con una discapacidad utilizar tecnolog\u00eda asistencial adquirida por la escuela en el hogar o en otros&hellip;<\/p>\n","protected":false},"author":1,"featured_media":0,"parent":332,"menu_order":52,"comment_status":"closed","ping_status":"closed","template":"","meta":{"footnotes":""},"class_list":["post-1076","page","type-page","status-publish","hentry"],"_links":{"self":[{"href":"https:\/\/serr.disabilityrightsca.org\/sp\/wp-json\/wp\/v2\/pages\/1076","targetHints":{"allow":["GET"]}}],"collection":[{"href":"https:\/\/serr.disabilityrightsca.org\/sp\/wp-json\/wp\/v2\/pages"}],"about":[{"href":"https:\/\/serr.disabilityrightsca.org\/sp\/wp-json\/wp\/v2\/types\/page"}],"author":[{"embeddable":true,"href":"https:\/\/serr.disabilityrightsca.org\/sp\/wp-json\/wp\/v2\/users\/1"}],"replies":[{"embeddable":true,"href":"https:\/\/serr.disabilityrightsca.org\/sp\/wp-json\/wp\/v2\/comments?post=1076"}],"version-history":[{"count":3,"href":"https:\/\/serr.disabilityrightsca.org\/sp\/wp-json\/wp\/v2\/pages\/1076\/revisions"}],"predecessor-version":[{"id":3494,"href":"https:\/\/serr.disabilityrightsca.org\/sp\/wp-json\/wp\/v2\/pages\/1076\/revisions\/3494"}],"up":[{"embeddable":true,"href":"https:\/\/serr.disabilityrightsca.org\/sp\/wp-json\/wp\/v2\/pages\/332"}],"wp:attachment":[{"href":"https:\/\/serr.disabilityrightsca.org\/sp\/wp-json\/wp\/v2\/media?parent=1076"}],"curies":[{"name":"wp","href":"https:\/\/api.w.org\/{rel}","templated":true}]}}