{"id":1080,"date":"2019-07-18T13:40:31","date_gmt":"2019-07-18T20:40:31","guid":{"rendered":"http:\/\/www.rula.disabilityrightsca.org\/serr\/sp\/?page_id=1080"},"modified":"2020-02-25T15:06:44","modified_gmt":"2020-02-25T23:06:44","slug":"4-54-que-sucede-si-las-personas-que-participan-en-las-reuniones-del-iep-utilizan-terminologia-o-acronimos-que-no-comprendo","status":"publish","type":"page","link":"https:\/\/serr.disabilityrightsca.org\/sp\/serr-manual\/capitulo-4-informacion-sobre-el-proceso-del-iep\/4-54-que-sucede-si-las-personas-que-participan-en-las-reuniones-del-iep-utilizan-terminologia-o-acronimos-que-no-comprendo\/","title":{"rendered":"(4.54) \u00bfQu\u00e9 sucede si las personas que participan en las reuniones del IEP utilizan terminolog\u00eda o acr\u00f3nimos que no comprendo?"},"content":{"rendered":"\n<p>Tiene derecho a participar plenamente en el proceso del IEP. [34 C.F.R. Sec. 300.322]. No permita que la reuni\u00f3n contin\u00fae hasta que pueda comprender lo que en ella se discute. Detenga la reuni\u00f3n, pregunte lo que significa la jerga o la terminolog\u00eda profesional y no deje de preguntar hasta que se sienta conforme y seguro de haber comprendido lo que significa. No permita que la terminolog\u00eda empleada lo intimide. Muchos padres no comprenden el significado de los acr\u00f3nimos y otros t\u00e9rminos educativos. Hacer preguntas es un indicio de que est\u00e1 debidamente involucrado en el desarrollo del programa de educaci\u00f3n adecuado para su hijo. Si no comprende del todo el contenido del IEP de su hijo, quiz\u00e1s no pueda brindar un consentimiento informado para la prestaci\u00f3n de los servicios del modo que requiere la ley. [34 C.F.R. Sec. 300.300(b)(1)].<\/p>\n","protected":false},"excerpt":{"rendered":"<p>Tiene derecho a participar plenamente en el proceso del IEP. [34 C.F.R. Sec. 300.322]. No permita que la reuni\u00f3n contin\u00fae hasta que pueda comprender lo&hellip;<\/p>\n","protected":false},"author":1,"featured_media":0,"parent":332,"menu_order":54,"comment_status":"closed","ping_status":"closed","template":"","meta":{"footnotes":""},"class_list":["post-1080","page","type-page","status-publish","hentry"],"_links":{"self":[{"href":"https:\/\/serr.disabilityrightsca.org\/sp\/wp-json\/wp\/v2\/pages\/1080","targetHints":{"allow":["GET"]}}],"collection":[{"href":"https:\/\/serr.disabilityrightsca.org\/sp\/wp-json\/wp\/v2\/pages"}],"about":[{"href":"https:\/\/serr.disabilityrightsca.org\/sp\/wp-json\/wp\/v2\/types\/page"}],"author":[{"embeddable":true,"href":"https:\/\/serr.disabilityrightsca.org\/sp\/wp-json\/wp\/v2\/users\/1"}],"replies":[{"embeddable":true,"href":"https:\/\/serr.disabilityrightsca.org\/sp\/wp-json\/wp\/v2\/comments?post=1080"}],"version-history":[{"count":4,"href":"https:\/\/serr.disabilityrightsca.org\/sp\/wp-json\/wp\/v2\/pages\/1080\/revisions"}],"predecessor-version":[{"id":3496,"href":"https:\/\/serr.disabilityrightsca.org\/sp\/wp-json\/wp\/v2\/pages\/1080\/revisions\/3496"}],"up":[{"embeddable":true,"href":"https:\/\/serr.disabilityrightsca.org\/sp\/wp-json\/wp\/v2\/pages\/332"}],"wp:attachment":[{"href":"https:\/\/serr.disabilityrightsca.org\/sp\/wp-json\/wp\/v2\/media?parent=1080"}],"curies":[{"name":"wp","href":"https:\/\/api.w.org\/{rel}","templated":true}]}}