{"id":1082,"date":"2019-07-18T13:43:56","date_gmt":"2019-07-18T20:43:56","guid":{"rendered":"http:\/\/www.rula.disabilityrightsca.org\/serr\/sp\/?page_id=1082"},"modified":"2020-02-25T15:08:37","modified_gmt":"2020-02-25T23:08:37","slug":"4-55-puede-un-distrito-escolar-utilizar-un-borrador-del-iep-o-un-iep-generado-por-computadora","status":"publish","type":"page","link":"https:\/\/serr.disabilityrightsca.org\/sp\/serr-manual\/capitulo-4-informacion-sobre-el-proceso-del-iep\/4-55-puede-un-distrito-escolar-utilizar-un-borrador-del-iep-o-un-iep-generado-por-computadora\/","title":{"rendered":"(4.55) \u00bfPuede un distrito escolar utilizar un borrador del IEP o un IEP generado por computadora?"},"content":{"rendered":"\n<p>S\u00ed, el distrito puede utilizar un borrador del IEP o\nun IEP generado por computadora.&nbsp; Sin\nembargo, la ley no permite que el distrito presente un IEP completado o escrito\npreviamente para su aprobaci\u00f3n, sin una discusi\u00f3n completa sobre las\nnecesidades de su hijo. Esto vulnerar\u00eda su derecho a participar en el proceso\ndel IEP. [34 C.F.R. Sec. 300.322]. En algunas ocasiones, a los fines de ahorrar\ntiempo, el personal de la escuela puede elaborar las metas sugeridas o reunirse\ncon los padres antes de la reuni\u00f3n del IEP. Esto es posible solo si no evita\nque los miembros del equipo (en especial los padres) puedan brindar\ninformaci\u00f3n. Un borrador del IEP puede ser beneficioso, ya sea que lo elabore\nusted o el distrito, siempre que sea discutido o revisado, seg\u00fan fuera\nnecesario, en una reuni\u00f3n del IEP.<\/p>\n\n\n\n<p>Al igual que un IEP escrito a mano, el que fuera\nredactado por computadora no se puede completar con anticipaci\u00f3n, sino que se\ndebe individualizar o revisar en la reuni\u00f3n del IEP para tratar de manera\nespec\u00edfica todas las necesidades del ni\u00f1o. Aseg\u00farese de que las metas,\nobjetivos y otro contenido almacenados en la computadora o los t\u00e9rminos en el\nmen\u00fa desplegable no formen parte de manera autom\u00e1tica del IEP. El lenguaje o\nlas descripciones utilizadas en el IEP deben concentrarse de forma espec\u00edfica\nen las necesidades o servicios individuales de su hijo.<\/p>\n\n\n\n<p>De manera similar, el distrito puede rehusarse a\nincluir las metas, servicios o descripci\u00f3n de los servicios requeridos en el\nIEP por motivos tales como: (1) No aparece en el men\u00fa desplegable; (2) no hay\nun \u201ccampo\u201d apropiado en el formulario computarizado; o (3) no hay espacio\nsuficiente en el formulario. Siempre se puede agregar al IEP un anexo escrito a\nmano o computarizado. La negativa del distrito a permitir incorporar su\ninformaci\u00f3n socava su derecho a participar en la reuni\u00f3n del IEP.<\/p>\n","protected":false},"excerpt":{"rendered":"<p>S\u00ed, el distrito puede utilizar un borrador del IEP o un IEP generado por computadora.&nbsp; Sin embargo, la ley no permite que el distrito presente&hellip;<\/p>\n","protected":false},"author":1,"featured_media":0,"parent":332,"menu_order":55,"comment_status":"closed","ping_status":"closed","template":"","meta":{"footnotes":""},"class_list":["post-1082","page","type-page","status-publish","hentry"],"_links":{"self":[{"href":"https:\/\/serr.disabilityrightsca.org\/sp\/wp-json\/wp\/v2\/pages\/1082","targetHints":{"allow":["GET"]}}],"collection":[{"href":"https:\/\/serr.disabilityrightsca.org\/sp\/wp-json\/wp\/v2\/pages"}],"about":[{"href":"https:\/\/serr.disabilityrightsca.org\/sp\/wp-json\/wp\/v2\/types\/page"}],"author":[{"embeddable":true,"href":"https:\/\/serr.disabilityrightsca.org\/sp\/wp-json\/wp\/v2\/users\/1"}],"replies":[{"embeddable":true,"href":"https:\/\/serr.disabilityrightsca.org\/sp\/wp-json\/wp\/v2\/comments?post=1082"}],"version-history":[{"count":4,"href":"https:\/\/serr.disabilityrightsca.org\/sp\/wp-json\/wp\/v2\/pages\/1082\/revisions"}],"predecessor-version":[{"id":3497,"href":"https:\/\/serr.disabilityrightsca.org\/sp\/wp-json\/wp\/v2\/pages\/1082\/revisions\/3497"}],"up":[{"embeddable":true,"href":"https:\/\/serr.disabilityrightsca.org\/sp\/wp-json\/wp\/v2\/pages\/332"}],"wp:attachment":[{"href":"https:\/\/serr.disabilityrightsca.org\/sp\/wp-json\/wp\/v2\/media?parent=1082"}],"curies":[{"name":"wp","href":"https:\/\/api.w.org\/{rel}","templated":true}]}}