{"id":1088,"date":"2019-07-18T13:51:59","date_gmt":"2019-07-18T20:51:59","guid":{"rendered":"http:\/\/www.rula.disabilityrightsca.org\/serr\/sp\/?page_id=1088"},"modified":"2024-07-25T13:39:36","modified_gmt":"2024-07-25T20:39:36","slug":"4-58-si-no-firmo-un-iep-nuevo-en-la-reunion-anual-del-iep-puede-el-distrito-denegar-la-elegibilidad-o-un-servicio-actual-del-iep-a-mi-hijo","status":"publish","type":"page","link":"https:\/\/serr.disabilityrightsca.org\/sp\/serr-manual\/capitulo-4-informacion-sobre-el-proceso-del-iep\/4-58-si-no-firmo-un-iep-nuevo-en-la-reunion-anual-del-iep-puede-el-distrito-denegar-la-elegibilidad-o-un-servicio-actual-del-iep-a-mi-hijo\/","title":{"rendered":"(4.58) Si no firmo un IEP nuevo en la reuni\u00f3n anual del IEP, \u00bfpuede el distrito denegar la elegibilidad o un servicio actual del IEP a mi hijo?"},"content":{"rendered":"\n<p>No. El IEP no caduca. Se debe redactar un nuevo IEP\ntodos los a\u00f1os, o con m\u00e1s frecuencia si fuera necesario, o bien ante la\nsolicitud de un padre o maestro, para poder reemplazar el IEP actual. Si usted\ny la escuela no est\u00e1n de acuerdo en la colocaci\u00f3n o servicios, el \u00faltimo IEP\nque se haya acordado o implementado permanece en efecto. Los desacuerdos pueden\nconvertirse en el fundamento de una solicitud de debido proceso.<\/p>\n\n\n\n<p>Una vez que solicita una audiencia de debido proceso, su hijo debe permanecer en su colocaci\u00f3n educativa actual, hasta que se resuelva el desacuerdo. [34 C.F.R. Secs. 300.324(b) &amp; 300.518; Cal. Ed. Code Sec. 56505(d)]. Consulte el <a href=\"https:\/\/serr.disabilityrightsca.org\/sp\/serr-manual\/chapter-6-informacion-sobre-el-debido-proceso-y-los-procedimientos-de-cumplimiento\/\">cap\u00edtulo 6, <em>Informaci\u00f3n sobre el debido proceso y los procedimientos de cumplimiento<\/em>.<\/a><\/p>\n","protected":false},"excerpt":{"rendered":"<p>No. El IEP no caduca. Se debe redactar un nuevo IEP todos los a\u00f1os, o con m\u00e1s frecuencia si fuera necesario, o bien ante la&hellip;<\/p>\n","protected":false},"author":1,"featured_media":0,"parent":332,"menu_order":58,"comment_status":"closed","ping_status":"closed","template":"","meta":{"footnotes":""},"class_list":["post-1088","page","type-page","status-publish","hentry"],"_links":{"self":[{"href":"https:\/\/serr.disabilityrightsca.org\/sp\/wp-json\/wp\/v2\/pages\/1088","targetHints":{"allow":["GET"]}}],"collection":[{"href":"https:\/\/serr.disabilityrightsca.org\/sp\/wp-json\/wp\/v2\/pages"}],"about":[{"href":"https:\/\/serr.disabilityrightsca.org\/sp\/wp-json\/wp\/v2\/types\/page"}],"author":[{"embeddable":true,"href":"https:\/\/serr.disabilityrightsca.org\/sp\/wp-json\/wp\/v2\/users\/1"}],"replies":[{"embeddable":true,"href":"https:\/\/serr.disabilityrightsca.org\/sp\/wp-json\/wp\/v2\/comments?post=1088"}],"version-history":[{"count":6,"href":"https:\/\/serr.disabilityrightsca.org\/sp\/wp-json\/wp\/v2\/pages\/1088\/revisions"}],"predecessor-version":[{"id":4239,"href":"https:\/\/serr.disabilityrightsca.org\/sp\/wp-json\/wp\/v2\/pages\/1088\/revisions\/4239"}],"up":[{"embeddable":true,"href":"https:\/\/serr.disabilityrightsca.org\/sp\/wp-json\/wp\/v2\/pages\/332"}],"wp:attachment":[{"href":"https:\/\/serr.disabilityrightsca.org\/sp\/wp-json\/wp\/v2\/media?parent=1088"}],"curies":[{"name":"wp","href":"https:\/\/api.w.org\/{rel}","templated":true}]}}