{"id":1090,"date":"2019-07-18T13:53:06","date_gmt":"2019-07-18T20:53:06","guid":{"rendered":"http:\/\/www.rula.disabilityrightsca.org\/serr\/sp\/?page_id=1090"},"modified":"2020-02-25T15:12:45","modified_gmt":"2020-02-25T23:12:45","slug":"4-59-un-padre-de-acogida-puede-firmar-un-iep-para-un-nino-que-esta-bajo-su-cuidado","status":"publish","type":"page","link":"https:\/\/serr.disabilityrightsca.org\/sp\/serr-manual\/capitulo-4-informacion-sobre-el-proceso-del-iep\/4-59-un-padre-de-acogida-puede-firmar-un-iep-para-un-nino-que-esta-bajo-su-cuidado\/","title":{"rendered":"(4.59) \u00bfUn padre de acogida puede firmar un IEP para un ni\u00f1o que est\u00e1 bajo su cuidado?"},"content":{"rendered":"\n<p>S\u00ed. Un padre de acogida puede desempe\u00f1arse como un\nverdadero padre para fines de la educaci\u00f3n especial de un ni\u00f1o que est\u00e1 bajo su\ncuidado, si concurren las siguientes condiciones:<\/p>\n\n\n\n<p>(1) Un tribunal revoc\u00f3 la autoridad del padre\nbiol\u00f3gico o adoptivo para tomar decisiones relacionadas con la educaci\u00f3n del\nni\u00f1o; y<\/p>\n\n\n\n<p>(2) El padre de acogida no tiene ning\u00fan inter\u00e9s que\npudiera entrar en conflicto con los intereses del ni\u00f1o.<\/p>\n\n\n\n<p>Cuando desempe\u00f1a el rol de padre, un padre de acogida\ntiene todos los derechos que tendr\u00eda un padre biol\u00f3gico o adoptivo en el\nproceso de educaci\u00f3n especial, incluida la capacidad de iniciar una derivaci\u00f3n\npara determinar la elegibilidad de su hijo adoptivo para recibir educaci\u00f3n\nespecial y firmar el IEP para un alumno. [34 C.F.R. Sec. 300.30(a)(2); Cal. Ed.\nCode Secs. 56028(a)(2), 56055 &amp; 56029(c)].<\/p>\n\n\n\n<p>Los padres de acogida tambi\u00e9n pueden ser designados\npor un distrito escolar o tribunal para ser \u201cpadres sustitutos\u201d a los fines de\nejercer los derechos educativos del ni\u00f1o que se encuentra bajo su cuidado. Al\nelegir un padre sustituto, los distritos escolares deben dar preferencia a los\npadres de acogida, a los parientes a cargo o a un representante especial\nnombrado por el un tribunal (court-appointed special advocate, CASA). [Cal.\nGov. Code Secs. 7579.5(b)].<\/p>\n","protected":false},"excerpt":{"rendered":"<p>S\u00ed. Un padre de acogida puede desempe\u00f1arse como un verdadero padre para fines de la educaci\u00f3n especial de un ni\u00f1o que est\u00e1 bajo su cuidado,&hellip;<\/p>\n","protected":false},"author":1,"featured_media":0,"parent":332,"menu_order":59,"comment_status":"closed","ping_status":"closed","template":"","meta":{"footnotes":""},"class_list":["post-1090","page","type-page","status-publish","hentry"],"_links":{"self":[{"href":"https:\/\/serr.disabilityrightsca.org\/sp\/wp-json\/wp\/v2\/pages\/1090","targetHints":{"allow":["GET"]}}],"collection":[{"href":"https:\/\/serr.disabilityrightsca.org\/sp\/wp-json\/wp\/v2\/pages"}],"about":[{"href":"https:\/\/serr.disabilityrightsca.org\/sp\/wp-json\/wp\/v2\/types\/page"}],"author":[{"embeddable":true,"href":"https:\/\/serr.disabilityrightsca.org\/sp\/wp-json\/wp\/v2\/users\/1"}],"replies":[{"embeddable":true,"href":"https:\/\/serr.disabilityrightsca.org\/sp\/wp-json\/wp\/v2\/comments?post=1090"}],"version-history":[{"count":3,"href":"https:\/\/serr.disabilityrightsca.org\/sp\/wp-json\/wp\/v2\/pages\/1090\/revisions"}],"predecessor-version":[{"id":3501,"href":"https:\/\/serr.disabilityrightsca.org\/sp\/wp-json\/wp\/v2\/pages\/1090\/revisions\/3501"}],"up":[{"embeddable":true,"href":"https:\/\/serr.disabilityrightsca.org\/sp\/wp-json\/wp\/v2\/pages\/332"}],"wp:attachment":[{"href":"https:\/\/serr.disabilityrightsca.org\/sp\/wp-json\/wp\/v2\/media?parent=1090"}],"curies":[{"name":"wp","href":"https:\/\/api.w.org\/{rel}","templated":true}]}}