{"id":1092,"date":"2019-07-18T14:42:23","date_gmt":"2019-07-18T21:42:23","guid":{"rendered":"http:\/\/www.rula.disabilityrightsca.org\/serr\/sp\/?page_id=1092"},"modified":"2020-02-25T15:13:36","modified_gmt":"2020-02-25T23:13:36","slug":"4-60-que-derechos-como-progenitor-tiene-un-padre-sustituto-en-una-reunion-del-iep","status":"publish","type":"page","link":"https:\/\/serr.disabilityrightsca.org\/sp\/serr-manual\/capitulo-4-informacion-sobre-el-proceso-del-iep\/4-60-que-derechos-como-progenitor-tiene-un-padre-sustituto-en-una-reunion-del-iep\/","title":{"rendered":"(4.60) \u00bfQu\u00e9 derechos como progenitor tiene un padre sustituto en una reuni\u00f3n del IEP?"},"content":{"rendered":"\n<p>Una vez que el distrito escolar elije a un padre sustituto para actuar en representaci\u00f3n de un ni\u00f1o con una discapacidad en el proceso de educaci\u00f3n especial, \u00e9ste act\u00faa como si fuera el padre del ni\u00f1o y tiene todos los derechos disponibles a un progenitor. El sustituto puede representar al ni\u00f1o en cuestiones relacionadas con la identificaci\u00f3n, evaluaci\u00f3n, planificaci\u00f3n y desarrollo pedag\u00f3gicos, colocaci\u00f3n educativa, revisi\u00f3n y modificaci\u00f3n del IEP y en todas las cuestiones relacionadas con la disposici\u00f3n de la FAPE. Un padre sustituto puede dar su consentimiento por escrito al IEP, incluidos los servicios m\u00e9dicos que no son de urgencia, servicios de tratamiento de salud mental y servicios de terapia ocupacional y f\u00edsica. En resumen, el sustituto puede dar o denegar cualquier consentimiento relacionado con el IEP del alumno. [34 C.F.R. Secs. 300.30 &amp; 300.519; Cal. Gov. Code Sec. 7579.5(d)].<\/p>\n","protected":false},"excerpt":{"rendered":"<p>Una vez que el distrito escolar elije a un padre sustituto para actuar en representaci\u00f3n de un ni\u00f1o con una discapacidad en el proceso de&hellip;<\/p>\n","protected":false},"author":1,"featured_media":0,"parent":332,"menu_order":60,"comment_status":"closed","ping_status":"closed","template":"","meta":{"footnotes":""},"class_list":["post-1092","page","type-page","status-publish","hentry"],"_links":{"self":[{"href":"https:\/\/serr.disabilityrightsca.org\/sp\/wp-json\/wp\/v2\/pages\/1092","targetHints":{"allow":["GET"]}}],"collection":[{"href":"https:\/\/serr.disabilityrightsca.org\/sp\/wp-json\/wp\/v2\/pages"}],"about":[{"href":"https:\/\/serr.disabilityrightsca.org\/sp\/wp-json\/wp\/v2\/types\/page"}],"author":[{"embeddable":true,"href":"https:\/\/serr.disabilityrightsca.org\/sp\/wp-json\/wp\/v2\/users\/1"}],"replies":[{"embeddable":true,"href":"https:\/\/serr.disabilityrightsca.org\/sp\/wp-json\/wp\/v2\/comments?post=1092"}],"version-history":[{"count":4,"href":"https:\/\/serr.disabilityrightsca.org\/sp\/wp-json\/wp\/v2\/pages\/1092\/revisions"}],"predecessor-version":[{"id":3502,"href":"https:\/\/serr.disabilityrightsca.org\/sp\/wp-json\/wp\/v2\/pages\/1092\/revisions\/3502"}],"up":[{"embeddable":true,"href":"https:\/\/serr.disabilityrightsca.org\/sp\/wp-json\/wp\/v2\/pages\/332"}],"wp:attachment":[{"href":"https:\/\/serr.disabilityrightsca.org\/sp\/wp-json\/wp\/v2\/media?parent=1092"}],"curies":[{"name":"wp","href":"https:\/\/api.w.org\/{rel}","templated":true}]}}