{"id":1096,"date":"2019-07-18T14:49:55","date_gmt":"2019-07-18T21:49:55","guid":{"rendered":"http:\/\/www.rula.disabilityrightsca.org\/serr\/sp\/?page_id=1096"},"modified":"2024-07-25T12:57:49","modified_gmt":"2024-07-25T19:57:49","slug":"4-62-puede-mi-hijo-recibir-los-servicios-del-esy-mas-alla-del-numero-limitado-de-semanas-que-los-distritos-escolares-ofrecen-usualmente","status":"publish","type":"page","link":"https:\/\/serr.disabilityrightsca.org\/sp\/serr-manual\/capitulo-4-informacion-sobre-el-proceso-del-iep\/4-62-puede-mi-hijo-recibir-los-servicios-del-esy-mas-alla-del-numero-limitado-de-semanas-que-los-distritos-escolares-ofrecen-usualmente\/","title":{"rendered":"(4.62) \u00bfPuede mi hijo recibir los servicios del ESY m\u00e1s all\u00e1 del n\u00famero limitado de semanas que los distritos escolares ofrecen usualmente?"},"content":{"rendered":"\n<p>No existe l\u00edmite establecido en la ley federal ni estatal en lo referente a la duraci\u00f3n de una sesi\u00f3n del a\u00f1o escolar extendido. Por el contrario, las reglamentaciones estatales definen de manera espec\u00edfica el a\u00f1o extendido como \u201cel per\u00edodo de tiempo comprendido entre el cierre de un a\u00f1o acad\u00e9mico y el inicio del a\u00f1o acad\u00e9micos siguiente\u201d. [5 C.C.R. Sec. 3043(c)].\u00a0 Un programa de a\u00f1o extendido debe suministrarse durante un plazo m\u00ednimo de veinte (20) d\u00edas educacionales, incluidas las vacaciones. [5 C.C.R. Sec. 3043(d)]. <\/p>\n","protected":false},"excerpt":{"rendered":"<p>No existe l\u00edmite establecido en la ley federal ni estatal en lo referente a la duraci\u00f3n de una sesi\u00f3n del a\u00f1o escolar extendido. Por el&hellip;<\/p>\n","protected":false},"author":1,"featured_media":0,"parent":332,"menu_order":62,"comment_status":"closed","ping_status":"closed","template":"","meta":{"footnotes":""},"class_list":["post-1096","page","type-page","status-publish","hentry"],"_links":{"self":[{"href":"https:\/\/serr.disabilityrightsca.org\/sp\/wp-json\/wp\/v2\/pages\/1096","targetHints":{"allow":["GET"]}}],"collection":[{"href":"https:\/\/serr.disabilityrightsca.org\/sp\/wp-json\/wp\/v2\/pages"}],"about":[{"href":"https:\/\/serr.disabilityrightsca.org\/sp\/wp-json\/wp\/v2\/types\/page"}],"author":[{"embeddable":true,"href":"https:\/\/serr.disabilityrightsca.org\/sp\/wp-json\/wp\/v2\/users\/1"}],"replies":[{"embeddable":true,"href":"https:\/\/serr.disabilityrightsca.org\/sp\/wp-json\/wp\/v2\/comments?post=1096"}],"version-history":[{"count":5,"href":"https:\/\/serr.disabilityrightsca.org\/sp\/wp-json\/wp\/v2\/pages\/1096\/revisions"}],"predecessor-version":[{"id":3504,"href":"https:\/\/serr.disabilityrightsca.org\/sp\/wp-json\/wp\/v2\/pages\/1096\/revisions\/3504"}],"up":[{"embeddable":true,"href":"https:\/\/serr.disabilityrightsca.org\/sp\/wp-json\/wp\/v2\/pages\/332"}],"wp:attachment":[{"href":"https:\/\/serr.disabilityrightsca.org\/sp\/wp-json\/wp\/v2\/media?parent=1096"}],"curies":[{"name":"wp","href":"https:\/\/api.w.org\/{rel}","templated":true}]}}