{"id":1098,"date":"2019-07-18T14:50:51","date_gmt":"2019-07-18T21:50:51","guid":{"rendered":"http:\/\/www.rula.disabilityrightsca.org\/serr\/sp\/?page_id=1098"},"modified":"2024-07-25T12:57:30","modified_gmt":"2024-07-25T19:57:30","slug":"4-63-mi-hijo-esta-integrado-en-el-aula-comun-durante-el-ano-academico-regular-dicho-programa-integrado-debe-estar-disponible-durante-el-ano-escolar-extendido","status":"publish","type":"page","link":"https:\/\/serr.disabilityrightsca.org\/sp\/serr-manual\/capitulo-4-informacion-sobre-el-proceso-del-iep\/4-63-mi-hijo-esta-integrado-en-el-aula-comun-durante-el-ano-academico-regular-dicho-programa-integrado-debe-estar-disponible-durante-el-ano-escolar-extendido\/","title":{"rendered":"(4.63) Mi hijo est\u00e1 integrado en el aula com\u00fan durante el a\u00f1o acad\u00e9mico regular. \u00bfDicho programa integrado debe estar disponible durante el a\u00f1o escolar extendido?"},"content":{"rendered":"\n<p>Si la escuela de verano cuenta con programas regulares est\u00e1n para los alumnos que no tienen discapacidades en su distrito escolar, y si el IEP de su hijo incluye la integraci\u00f3n en el aula com\u00fan durante el a\u00f1o acad\u00e9mico regular, se deber\u00e1n suministrar estos servicios integrados durante el a\u00f1o escolar extendido. [5 C.C.R. Sec. 3043(g)]. De lo contrario, si la agencia de educaci\u00f3n p\u00fablica no ofrece programas de verano regulares, no tiene obligaci\u00f3n de cumplir con este componente del IEP.<\/p>\n","protected":false},"excerpt":{"rendered":"<p>Si la escuela de verano cuenta con programas regulares est\u00e1n para los alumnos que no tienen discapacidades en su distrito escolar, y si el IEP&hellip;<\/p>\n","protected":false},"author":1,"featured_media":0,"parent":332,"menu_order":63,"comment_status":"closed","ping_status":"closed","template":"","meta":{"footnotes":""},"class_list":["post-1098","page","type-page","status-publish","hentry"],"_links":{"self":[{"href":"https:\/\/serr.disabilityrightsca.org\/sp\/wp-json\/wp\/v2\/pages\/1098","targetHints":{"allow":["GET"]}}],"collection":[{"href":"https:\/\/serr.disabilityrightsca.org\/sp\/wp-json\/wp\/v2\/pages"}],"about":[{"href":"https:\/\/serr.disabilityrightsca.org\/sp\/wp-json\/wp\/v2\/types\/page"}],"author":[{"embeddable":true,"href":"https:\/\/serr.disabilityrightsca.org\/sp\/wp-json\/wp\/v2\/users\/1"}],"replies":[{"embeddable":true,"href":"https:\/\/serr.disabilityrightsca.org\/sp\/wp-json\/wp\/v2\/comments?post=1098"}],"version-history":[{"count":4,"href":"https:\/\/serr.disabilityrightsca.org\/sp\/wp-json\/wp\/v2\/pages\/1098\/revisions"}],"predecessor-version":[{"id":3505,"href":"https:\/\/serr.disabilityrightsca.org\/sp\/wp-json\/wp\/v2\/pages\/1098\/revisions\/3505"}],"up":[{"embeddable":true,"href":"https:\/\/serr.disabilityrightsca.org\/sp\/wp-json\/wp\/v2\/pages\/332"}],"wp:attachment":[{"href":"https:\/\/serr.disabilityrightsca.org\/sp\/wp-json\/wp\/v2\/media?parent=1098"}],"curies":[{"name":"wp","href":"https:\/\/api.w.org\/{rel}","templated":true}]}}