{"id":1100,"date":"2019-07-18T14:52:22","date_gmt":"2019-07-18T21:52:22","guid":{"rendered":"http:\/\/www.rula.disabilityrightsca.org\/serr\/sp\/?page_id=1100"},"modified":"2024-07-25T12:57:13","modified_gmt":"2024-07-25T19:57:13","slug":"4-64-lo-estudiantes-inscritos-en-escuelas-subvencionadas-tienen-derechos-de-educacion-especial","status":"publish","type":"page","link":"https:\/\/serr.disabilityrightsca.org\/sp\/serr-manual\/capitulo-4-informacion-sobre-el-proceso-del-iep\/4-64-lo-estudiantes-inscritos-en-escuelas-subvencionadas-tienen-derechos-de-educacion-especial\/","title":{"rendered":"(4.64) \u00bfLo estudiantes inscritos en escuelas subvencionadas tienen derechos de educaci\u00f3n especial?"},"content":{"rendered":"\n<p>S\u00ed.\nLos ni\u00f1os con discapacidades que asisten a las escuelas p\u00fablicas subvencionadas\ntienen todos los derechos de educaci\u00f3n especial, conforme a las leyes estatales\ny federales. Las escuelas subvencionadas, que deben cumplir con todos los\nprocedimientos y requerimientos de la educaci\u00f3n especial federal y estatal,\npueden estar organizadas de las siguientes maneras: <\/p>\n\n\n\n<p>(1) Si la escuela subvencionada es parte de un\ndistrito local, el distrito es responsable de brindar educaci\u00f3n especial y los\nservicios relacionados a todos los alumnos elegibles;<\/p>\n\n\n\n<p>(2) Si la escuela subvencionada es su propio distrito,\nentonces es responsable de brindar educaci\u00f3n especial y debe cumplir con todos\nlos procedimientos y leyes federales y estatales; <\/p>\n\n\n\n<p>(3) Si es su propio distrito, la escuela subvencionada\npuede contratar a otros distritos escolares o proveedores de servicios para\nobtener y proporcionar los servicios designados en el IEP, o <\/p>\n\n\n\n<p>(4) Si no es parte de un distrito escolar ni su propio\ndistrito, el Estado es responsable de garantizar que la escuela subvencionada\ncumpla con todos los requisitos de la educaci\u00f3n especial. [34 C.F.R. Sec.\n300.209; Cal. Ed. Code Sec. 47646].<\/p>\n","protected":false},"excerpt":{"rendered":"<p>S\u00ed. Los ni\u00f1os con discapacidades que asisten a las escuelas p\u00fablicas subvencionadas tienen todos los derechos de educaci\u00f3n especial, conforme a las leyes estatales y&hellip;<\/p>\n","protected":false},"author":1,"featured_media":0,"parent":332,"menu_order":64,"comment_status":"closed","ping_status":"closed","template":"","meta":{"footnotes":""},"class_list":["post-1100","page","type-page","status-publish","hentry"],"_links":{"self":[{"href":"https:\/\/serr.disabilityrightsca.org\/sp\/wp-json\/wp\/v2\/pages\/1100","targetHints":{"allow":["GET"]}}],"collection":[{"href":"https:\/\/serr.disabilityrightsca.org\/sp\/wp-json\/wp\/v2\/pages"}],"about":[{"href":"https:\/\/serr.disabilityrightsca.org\/sp\/wp-json\/wp\/v2\/types\/page"}],"author":[{"embeddable":true,"href":"https:\/\/serr.disabilityrightsca.org\/sp\/wp-json\/wp\/v2\/users\/1"}],"replies":[{"embeddable":true,"href":"https:\/\/serr.disabilityrightsca.org\/sp\/wp-json\/wp\/v2\/comments?post=1100"}],"version-history":[{"count":3,"href":"https:\/\/serr.disabilityrightsca.org\/sp\/wp-json\/wp\/v2\/pages\/1100\/revisions"}],"predecessor-version":[{"id":3506,"href":"https:\/\/serr.disabilityrightsca.org\/sp\/wp-json\/wp\/v2\/pages\/1100\/revisions\/3506"}],"up":[{"embeddable":true,"href":"https:\/\/serr.disabilityrightsca.org\/sp\/wp-json\/wp\/v2\/pages\/332"}],"wp:attachment":[{"href":"https:\/\/serr.disabilityrightsca.org\/sp\/wp-json\/wp\/v2\/media?parent=1100"}],"curies":[{"name":"wp","href":"https:\/\/api.w.org\/{rel}","templated":true}]}}