{"id":1200,"date":"2019-07-26T14:54:50","date_gmt":"2019-07-26T21:54:50","guid":{"rendered":"http:\/\/www.rula.disabilityrightsca.org\/serr\/sp\/?page_id=1200"},"modified":"2024-07-23T16:20:34","modified_gmt":"2024-07-23T23:20:34","slug":"10-4-que-es-un-plan-de-transicion-individual-individual-transition-plan-itp","status":"publish","type":"page","link":"https:\/\/serr.disabilityrightsca.org\/sp\/serr-manual\/capitulo-10-informacion-sobre-los-servicios-de-transicion-incluida-la-educacion-vocacional\/10-4-que-es-un-plan-de-transicion-individual-individual-transition-plan-itp\/","title":{"rendered":"(10.4) \u00bfQu\u00e9 es un plan de transici\u00f3n individual (Individual Transition Plan, ITP)?"},"content":{"rendered":"\n<p>El plan de transici\u00f3n individual (ITP) es un t\u00e9rmino que no se encuentra en la ley federal o estatal. Sin embargo, el ITP es un concepto dise\u00f1ado para hacer referencia a un documento por escrito que ayuda a preparar a los alumnos para la transici\u00f3n desde la escuela a la vida posterior a ella. [20 U.S.C. Sec. 1401(34); 34 C.F.R. Sec. 300.320(b), Cal. Ed. Code Secs. 56462 &amp; 56345.1]. Es importante comprender que la evaluaci\u00f3n de transici\u00f3n, planificaci\u00f3n y desarrollo del ITP forman parte del proceso del IEP. El ITP debe fundamentarse en las necesidades del alumno, sus preferencias e intereses y reflejar sus metas personales. Los objetivos, plazos y las personas responsables de cumplir con los objetivos deben estar incluidos en el ITP y formar parte del IEP. El ITP es un componente del IEP de su hijo. <\/p>\n","protected":false},"excerpt":{"rendered":"<p>El plan de transici\u00f3n individual (ITP) es un t\u00e9rmino que no se encuentra en la ley federal o estatal. Sin embargo, el ITP es un&hellip;<\/p>\n","protected":false},"author":1,"featured_media":0,"parent":349,"menu_order":4,"comment_status":"closed","ping_status":"closed","template":"","meta":{"footnotes":""},"class_list":["post-1200","page","type-page","status-publish","hentry"],"_links":{"self":[{"href":"https:\/\/serr.disabilityrightsca.org\/sp\/wp-json\/wp\/v2\/pages\/1200","targetHints":{"allow":["GET"]}}],"collection":[{"href":"https:\/\/serr.disabilityrightsca.org\/sp\/wp-json\/wp\/v2\/pages"}],"about":[{"href":"https:\/\/serr.disabilityrightsca.org\/sp\/wp-json\/wp\/v2\/types\/page"}],"author":[{"embeddable":true,"href":"https:\/\/serr.disabilityrightsca.org\/sp\/wp-json\/wp\/v2\/users\/1"}],"replies":[{"embeddable":true,"href":"https:\/\/serr.disabilityrightsca.org\/sp\/wp-json\/wp\/v2\/comments?post=1200"}],"version-history":[{"count":5,"href":"https:\/\/serr.disabilityrightsca.org\/sp\/wp-json\/wp\/v2\/pages\/1200\/revisions"}],"predecessor-version":[{"id":3835,"href":"https:\/\/serr.disabilityrightsca.org\/sp\/wp-json\/wp\/v2\/pages\/1200\/revisions\/3835"}],"up":[{"embeddable":true,"href":"https:\/\/serr.disabilityrightsca.org\/sp\/wp-json\/wp\/v2\/pages\/349"}],"wp:attachment":[{"href":"https:\/\/serr.disabilityrightsca.org\/sp\/wp-json\/wp\/v2\/media?parent=1200"}],"curies":[{"name":"wp","href":"https:\/\/api.w.org\/{rel}","templated":true}]}}