{"id":1206,"date":"2019-07-26T14:58:49","date_gmt":"2019-07-26T21:58:49","guid":{"rendered":"http:\/\/www.rula.disabilityrightsca.org\/serr\/sp\/?page_id=1206"},"modified":"2024-07-23T16:20:03","modified_gmt":"2024-07-23T23:20:03","slug":"10-6-como-debo-iniciar-una-reunion-de-planificacion-de-la-transicion","status":"publish","type":"page","link":"https:\/\/serr.disabilityrightsca.org\/sp\/serr-manual\/capitulo-10-informacion-sobre-los-servicios-de-transicion-incluida-la-educacion-vocacional\/10-6-como-debo-iniciar-una-reunion-de-planificacion-de-la-transicion\/","title":{"rendered":"(10.6) \u00bfC\u00f3mo debo iniciar una reuni\u00f3n de planificaci\u00f3n de la transici\u00f3n?"},"content":{"rendered":"\n<p>Puede\niniciar una reuni\u00f3n de planificaci\u00f3n de la transici\u00f3n mediante una solicitud\npor escrito al maestro, director o a la oficina administrativa de educaci\u00f3n\nespecial de su hijo. La carta debe indicar de manera clara que el prop\u00f3sito de\nla reuni\u00f3n es la planificaci\u00f3n de la transici\u00f3n.<\/p>\n\n\n\n<p>Ya sea\nque usted o el distrito hayan iniciado este proceso, el distrito debe enviarle\nuna notificaci\u00f3n de la reuni\u00f3n en la que:<\/p>\n\n\n\n<p>(1)&nbsp;&nbsp;&nbsp;&nbsp; Se\nindique que el prop\u00f3sito de la reuni\u00f3n ser\u00e1 la consideraci\u00f3n de las metas y\nservicios de transici\u00f3n posteriores al secundario;<\/p>\n\n\n\n<p>(2)&nbsp;&nbsp;&nbsp;&nbsp; Se\nindique que el alumno ser\u00e1 invitado; y<\/p>\n\n\n\n<p>(3)&nbsp;&nbsp;&nbsp;&nbsp; Se\nidentifique a cualquier otro organismo que ser\u00e1 invitado para enviar un\nrepresentante. <\/p>\n\n\n\n<p>[34 C.F.R. Sec. 300.322(b)].<br><\/p>\n","protected":false},"excerpt":{"rendered":"<p>Puede iniciar una reuni\u00f3n de planificaci\u00f3n de la transici\u00f3n mediante una solicitud por escrito al maestro, director o a la oficina administrativa de educaci\u00f3n especial&hellip;<\/p>\n","protected":false},"author":1,"featured_media":0,"parent":349,"menu_order":6,"comment_status":"closed","ping_status":"closed","template":"","meta":{"footnotes":""},"class_list":["post-1206","page","type-page","status-publish","hentry"],"_links":{"self":[{"href":"https:\/\/serr.disabilityrightsca.org\/sp\/wp-json\/wp\/v2\/pages\/1206","targetHints":{"allow":["GET"]}}],"collection":[{"href":"https:\/\/serr.disabilityrightsca.org\/sp\/wp-json\/wp\/v2\/pages"}],"about":[{"href":"https:\/\/serr.disabilityrightsca.org\/sp\/wp-json\/wp\/v2\/types\/page"}],"author":[{"embeddable":true,"href":"https:\/\/serr.disabilityrightsca.org\/sp\/wp-json\/wp\/v2\/users\/1"}],"replies":[{"embeddable":true,"href":"https:\/\/serr.disabilityrightsca.org\/sp\/wp-json\/wp\/v2\/comments?post=1206"}],"version-history":[{"count":4,"href":"https:\/\/serr.disabilityrightsca.org\/sp\/wp-json\/wp\/v2\/pages\/1206\/revisions"}],"predecessor-version":[{"id":3837,"href":"https:\/\/serr.disabilityrightsca.org\/sp\/wp-json\/wp\/v2\/pages\/1206\/revisions\/3837"}],"up":[{"embeddable":true,"href":"https:\/\/serr.disabilityrightsca.org\/sp\/wp-json\/wp\/v2\/pages\/349"}],"wp:attachment":[{"href":"https:\/\/serr.disabilityrightsca.org\/sp\/wp-json\/wp\/v2\/media?parent=1206"}],"curies":[{"name":"wp","href":"https:\/\/api.w.org\/{rel}","templated":true}]}}