{"id":1213,"date":"2019-07-26T15:09:29","date_gmt":"2019-07-26T22:09:29","guid":{"rendered":"http:\/\/www.rula.disabilityrightsca.org\/serr\/sp\/?page_id=1213"},"modified":"2024-07-23T16:19:15","modified_gmt":"2024-07-23T23:19:15","slug":"10-9-que-debe-contener-un-programa-de-transicion-para-alumnos-mas-jovenes","status":"publish","type":"page","link":"https:\/\/serr.disabilityrightsca.org\/sp\/serr-manual\/capitulo-10-informacion-sobre-los-servicios-de-transicion-incluida-la-educacion-vocacional\/10-9-que-debe-contener-un-programa-de-transicion-para-alumnos-mas-jovenes\/","title":{"rendered":"(10.9) \u00bfQu\u00e9 debe contener un programa de transici\u00f3n para alumnos m\u00e1s j\u00f3venes?"},"content":{"rendered":"\n<p>La\ndeclaraci\u00f3n de metas \u201cposteriores al secundario\u201d y los servicios de transici\u00f3n\ndeben relacionarse directamente con las metas del alumno despu\u00e9s de la\neducaci\u00f3n secundaria. Tambi\u00e9n debe demostrar c\u00f3mo se vinculan los estudios\nplanificados con tales metas. Por ejemplo, el alumno que manifiesta inter\u00e9s en\ncontinuar una carrera en ciencias de la computaci\u00f3n puede tener una declaraci\u00f3n\nde las necesidades de servicios de transici\u00f3n vinculada con un curso de trabajo\nen el \u00e1rea de la tecnolog\u00eda. Otra declaraci\u00f3n de las necesidades de servicios\nde transici\u00f3n de un alumno podr\u00eda describir las razones por las que la\ncapacitaci\u00f3n en materia de transporte p\u00fablico es importante para garantizar su\nfutura independencia en la comunidad. La meta es seleccionar los cursos de\nestudios que ser\u00e1n significativos para el futuro del alumno y lo motive a\ncompletar su educaci\u00f3n.<\/p>\n\n\n\n<p>Como\notros servicios de educaci\u00f3n especial, los servicios de transici\u00f3n y las\nactividades deben ser proporcionadas en el ambiente menos restrictivo. Los\nalumnos deben participar en los programas de educaci\u00f3n de la escuela secundaria\nsimilares a los de sus pares sin discapacidad y de la misma edad. Por ejemplo,\nun alumno puede participar medio tiempo o tiempo completo en las clases de\neducaci\u00f3n com\u00fan de la escuela secundaria, con el apoyo del \u201cprograma de\ninclusi\u00f3n\u201d. Los maestros de educaci\u00f3n especial, asistentes paraprofesionales y\nproveedores de servicios colaboran con los maestros de educaci\u00f3n general para\nadaptar el programa de estudios y brindar instrucci\u00f3n individualizada dentro de\nestos entornos integrados, a los fines de permitir que el alumno logre las\nmetas del IEP. Adem\u00e1s, el alumno puede comenzar a tomar parte de una\nexperiencia laboral individualizada, funcional e integrada, tales como\ncapacitaciones en el lugar durante un per\u00edodo, uno o dos d\u00edas a la semana. La\ncapacitaci\u00f3n puede llevarse a cabo dentro y fuera de las instalaciones de la\nescuela secundaria.<\/p>\n","protected":false},"excerpt":{"rendered":"<p>La declaraci\u00f3n de metas \u201cposteriores al secundario\u201d y los servicios de transici\u00f3n deben relacionarse directamente con las metas del alumno despu\u00e9s de la educaci\u00f3n secundaria.&hellip;<\/p>\n","protected":false},"author":1,"featured_media":0,"parent":349,"menu_order":9,"comment_status":"closed","ping_status":"closed","template":"","meta":{"footnotes":""},"class_list":["post-1213","page","type-page","status-publish","hentry"],"_links":{"self":[{"href":"https:\/\/serr.disabilityrightsca.org\/sp\/wp-json\/wp\/v2\/pages\/1213","targetHints":{"allow":["GET"]}}],"collection":[{"href":"https:\/\/serr.disabilityrightsca.org\/sp\/wp-json\/wp\/v2\/pages"}],"about":[{"href":"https:\/\/serr.disabilityrightsca.org\/sp\/wp-json\/wp\/v2\/types\/page"}],"author":[{"embeddable":true,"href":"https:\/\/serr.disabilityrightsca.org\/sp\/wp-json\/wp\/v2\/users\/1"}],"replies":[{"embeddable":true,"href":"https:\/\/serr.disabilityrightsca.org\/sp\/wp-json\/wp\/v2\/comments?post=1213"}],"version-history":[{"count":3,"href":"https:\/\/serr.disabilityrightsca.org\/sp\/wp-json\/wp\/v2\/pages\/1213\/revisions"}],"predecessor-version":[{"id":3840,"href":"https:\/\/serr.disabilityrightsca.org\/sp\/wp-json\/wp\/v2\/pages\/1213\/revisions\/3840"}],"up":[{"embeddable":true,"href":"https:\/\/serr.disabilityrightsca.org\/sp\/wp-json\/wp\/v2\/pages\/349"}],"wp:attachment":[{"href":"https:\/\/serr.disabilityrightsca.org\/sp\/wp-json\/wp\/v2\/media?parent=1213"}],"curies":[{"name":"wp","href":"https:\/\/api.w.org\/{rel}","templated":true}]}}