{"id":1220,"date":"2019-07-26T15:14:17","date_gmt":"2019-07-26T22:14:17","guid":{"rendered":"http:\/\/www.rula.disabilityrightsca.org\/serr\/sp\/?page_id=1220"},"modified":"2024-07-23T16:18:23","modified_gmt":"2024-07-23T23:18:23","slug":"10-12-quien-debe-participar-en-la-reunion-de-planificacion-de-la-transicion","status":"publish","type":"page","link":"https:\/\/serr.disabilityrightsca.org\/sp\/serr-manual\/capitulo-10-informacion-sobre-los-servicios-de-transicion-incluida-la-educacion-vocacional\/10-12-quien-debe-participar-en-la-reunion-de-planificacion-de-la-transicion\/","title":{"rendered":"(10.12) \u00bfQui\u00e9n debe participar en la reuni\u00f3n de planificaci\u00f3n de la transici\u00f3n?"},"content":{"rendered":"\n<p>Adem\u00e1s de las partes que deben participar del IEP y con el consentimiento de los padres o un alumno que ha cumplido los 18 a\u00f1os de edad, el distrito debe invitar a la reuni\u00f3n del IEP, al representante de alguna agencia que pudiera proveer los servicios de transici\u00f3n. Esto debe incluir a los representantes de la agencia de rehabilitaci\u00f3n vocacional, el centro regional, el de salud mental comunitaria, la comunidad universitaria y las agencias privadas de rehabilitaci\u00f3n tradicional, seg\u00fan corresponda. [34 C.F.R. Secs. 300.321(b)(3) &amp; 300.324(c)]. Si un representante no asiste, el distrito debe tomar las medidas necesarias para lograr la participaci\u00f3n de la agencia en la planificaci\u00f3n de cada servicio de transici\u00f3n.<\/p>\n","protected":false},"excerpt":{"rendered":"<p>Adem\u00e1s de las partes que deben participar del IEP y con el consentimiento de los padres o un alumno que ha cumplido los 18 a\u00f1os&hellip;<\/p>\n","protected":false},"author":1,"featured_media":0,"parent":349,"menu_order":12,"comment_status":"closed","ping_status":"closed","template":"","meta":{"footnotes":""},"class_list":["post-1220","page","type-page","status-publish","hentry"],"_links":{"self":[{"href":"https:\/\/serr.disabilityrightsca.org\/sp\/wp-json\/wp\/v2\/pages\/1220","targetHints":{"allow":["GET"]}}],"collection":[{"href":"https:\/\/serr.disabilityrightsca.org\/sp\/wp-json\/wp\/v2\/pages"}],"about":[{"href":"https:\/\/serr.disabilityrightsca.org\/sp\/wp-json\/wp\/v2\/types\/page"}],"author":[{"embeddable":true,"href":"https:\/\/serr.disabilityrightsca.org\/sp\/wp-json\/wp\/v2\/users\/1"}],"replies":[{"embeddable":true,"href":"https:\/\/serr.disabilityrightsca.org\/sp\/wp-json\/wp\/v2\/comments?post=1220"}],"version-history":[{"count":4,"href":"https:\/\/serr.disabilityrightsca.org\/sp\/wp-json\/wp\/v2\/pages\/1220\/revisions"}],"predecessor-version":[{"id":3843,"href":"https:\/\/serr.disabilityrightsca.org\/sp\/wp-json\/wp\/v2\/pages\/1220\/revisions\/3843"}],"up":[{"embeddable":true,"href":"https:\/\/serr.disabilityrightsca.org\/sp\/wp-json\/wp\/v2\/pages\/349"}],"wp:attachment":[{"href":"https:\/\/serr.disabilityrightsca.org\/sp\/wp-json\/wp\/v2\/media?parent=1220"}],"curies":[{"name":"wp","href":"https:\/\/api.w.org\/{rel}","templated":true}]}}