{"id":1222,"date":"2019-07-26T15:15:19","date_gmt":"2019-07-26T22:15:19","guid":{"rendered":"http:\/\/www.rula.disabilityrightsca.org\/serr\/sp\/?page_id=1222"},"modified":"2024-07-23T16:18:08","modified_gmt":"2024-07-23T23:18:08","slug":"10-13-que-sucede-si-el-distrito-escolar-los-padres-y-el-alumno-no-estan-de-acuerdo-sobre-la-declaracion-de-los-servicios-de-transicion-incluida-en-el-iep-del-alumno","status":"publish","type":"page","link":"https:\/\/serr.disabilityrightsca.org\/sp\/serr-manual\/capitulo-10-informacion-sobre-los-servicios-de-transicion-incluida-la-educacion-vocacional\/10-13-que-sucede-si-el-distrito-escolar-los-padres-y-el-alumno-no-estan-de-acuerdo-sobre-la-declaracion-de-los-servicios-de-transicion-incluida-en-el-iep-del-alumno\/","title":{"rendered":"(10.13) \u00bfQu\u00e9 sucede si el distrito escolar, los padres y el alumno no est\u00e1n de acuerdo sobre la declaraci\u00f3n de los servicios de transici\u00f3n incluida en el IEP del alumno?"},"content":{"rendered":"\n<p>El equipo del IEP debe intervenir ante cualquier desacuerdo e intento de resolverlos de manera informal. Si la familia o el distrito no est\u00e1n de acuerdo con el IEP propuesto, cualquiera de ellos puede participar en un proceso alternativo de resoluci\u00f3n de conflictos o solicitar un debido proceso. Consulte el cap\u00edtulo 6, Informaci\u00f3n sobre las audiencias de debido proceso y los reclamos por cumplimiento.<\/p>\n","protected":false},"excerpt":{"rendered":"<p>El equipo del IEP debe intervenir ante cualquier desacuerdo e intento de resolverlos de manera informal. Si la familia o el distrito no est\u00e1n de&hellip;<\/p>\n","protected":false},"author":1,"featured_media":0,"parent":349,"menu_order":13,"comment_status":"closed","ping_status":"closed","template":"","meta":{"footnotes":""},"class_list":["post-1222","page","type-page","status-publish","hentry"],"_links":{"self":[{"href":"https:\/\/serr.disabilityrightsca.org\/sp\/wp-json\/wp\/v2\/pages\/1222","targetHints":{"allow":["GET"]}}],"collection":[{"href":"https:\/\/serr.disabilityrightsca.org\/sp\/wp-json\/wp\/v2\/pages"}],"about":[{"href":"https:\/\/serr.disabilityrightsca.org\/sp\/wp-json\/wp\/v2\/types\/page"}],"author":[{"embeddable":true,"href":"https:\/\/serr.disabilityrightsca.org\/sp\/wp-json\/wp\/v2\/users\/1"}],"replies":[{"embeddable":true,"href":"https:\/\/serr.disabilityrightsca.org\/sp\/wp-json\/wp\/v2\/comments?post=1222"}],"version-history":[{"count":5,"href":"https:\/\/serr.disabilityrightsca.org\/sp\/wp-json\/wp\/v2\/pages\/1222\/revisions"}],"predecessor-version":[{"id":3844,"href":"https:\/\/serr.disabilityrightsca.org\/sp\/wp-json\/wp\/v2\/pages\/1222\/revisions\/3844"}],"up":[{"embeddable":true,"href":"https:\/\/serr.disabilityrightsca.org\/sp\/wp-json\/wp\/v2\/pages\/349"}],"wp:attachment":[{"href":"https:\/\/serr.disabilityrightsca.org\/sp\/wp-json\/wp\/v2\/media?parent=1222"}],"curies":[{"name":"wp","href":"https:\/\/api.w.org\/{rel}","templated":true}]}}