{"id":1224,"date":"2019-07-26T15:16:54","date_gmt":"2019-07-26T22:16:54","guid":{"rendered":"http:\/\/www.rula.disabilityrightsca.org\/serr\/sp\/?page_id=1224"},"modified":"2024-07-23T16:17:52","modified_gmt":"2024-07-23T23:17:52","slug":"10-14-que-sucede-si-un-organismo-participante-no-cumple-con-el-deber-de-proveer-los-servicios-de-transicion-acordados-que-se-encuentran-especificados-en-el-iep","status":"publish","type":"page","link":"https:\/\/serr.disabilityrightsca.org\/sp\/serr-manual\/capitulo-10-informacion-sobre-los-servicios-de-transicion-incluida-la-educacion-vocacional\/10-14-que-sucede-si-un-organismo-participante-no-cumple-con-el-deber-de-proveer-los-servicios-de-transicion-acordados-que-se-encuentran-especificados-en-el-iep\/","title":{"rendered":"(10.14) \u00bfQu\u00e9 sucede si un organismo participante no cumple con el deber de proveer los servicios de transici\u00f3n acordados que se encuentran especificados en el IEP?"},"content":{"rendered":"\n<p>Si un organismo participante acuerda proporcionar los servicios de transici\u00f3n y luego incumple, el distrito escolar debe concertar una reuni\u00f3n del equipo del IEP, tan pronto como fuera posible, a los fines de definir estrategias alternativas para lograr las metas del ITP. El distrito sigue siendo responsable, en \u00faltima instancia, de asegurar que los servicios de transici\u00f3n sean proporcionados. Sin embargo, esto no libera al organismo participante (incluido el organismo estatal de rehabilitaci\u00f3n profesional) de la responsabilidad de proporcionar o pagar por cualquier servicio que de otro modo el mismo brinde a los alumnos con discapacidades que cumplen con los criterios de elegibilidad del organismo en cuesti\u00f3n. [20 U.S.C. Sec. 1412(a)(12)(B); CFR, t\u00edtulo 34, art\u00edculo 300.324(c); Cal. Ed. Code Sec. 56345.1(c)].<\/p>\n","protected":false},"excerpt":{"rendered":"<p>Si un organismo participante acuerda proporcionar los servicios de transici\u00f3n y luego incumple, el distrito escolar debe concertar una reuni\u00f3n del equipo del IEP, tan&hellip;<\/p>\n","protected":false},"author":1,"featured_media":0,"parent":349,"menu_order":14,"comment_status":"closed","ping_status":"closed","template":"","meta":{"footnotes":""},"class_list":["post-1224","page","type-page","status-publish","hentry"],"_links":{"self":[{"href":"https:\/\/serr.disabilityrightsca.org\/sp\/wp-json\/wp\/v2\/pages\/1224","targetHints":{"allow":["GET"]}}],"collection":[{"href":"https:\/\/serr.disabilityrightsca.org\/sp\/wp-json\/wp\/v2\/pages"}],"about":[{"href":"https:\/\/serr.disabilityrightsca.org\/sp\/wp-json\/wp\/v2\/types\/page"}],"author":[{"embeddable":true,"href":"https:\/\/serr.disabilityrightsca.org\/sp\/wp-json\/wp\/v2\/users\/1"}],"replies":[{"embeddable":true,"href":"https:\/\/serr.disabilityrightsca.org\/sp\/wp-json\/wp\/v2\/comments?post=1224"}],"version-history":[{"count":3,"href":"https:\/\/serr.disabilityrightsca.org\/sp\/wp-json\/wp\/v2\/pages\/1224\/revisions"}],"predecessor-version":[{"id":3845,"href":"https:\/\/serr.disabilityrightsca.org\/sp\/wp-json\/wp\/v2\/pages\/1224\/revisions\/3845"}],"up":[{"embeddable":true,"href":"https:\/\/serr.disabilityrightsca.org\/sp\/wp-json\/wp\/v2\/pages\/349"}],"wp:attachment":[{"href":"https:\/\/serr.disabilityrightsca.org\/sp\/wp-json\/wp\/v2\/media?parent=1224"}],"curies":[{"name":"wp","href":"https:\/\/api.w.org\/{rel}","templated":true}]}}