{"id":1228,"date":"2019-07-26T15:24:42","date_gmt":"2019-07-26T22:24:42","guid":{"rendered":"http:\/\/www.rula.disabilityrightsca.org\/serr\/sp\/?page_id=1228"},"modified":"2024-07-23T16:17:12","modified_gmt":"2024-07-23T23:17:12","slug":"10-16-puede-un-alumno-seguir-recibiendo-servicios-de-transicion-luego-de-recibir-un-certificado-de-finalizacion","status":"publish","type":"page","link":"https:\/\/serr.disabilityrightsca.org\/sp\/serr-manual\/capitulo-10-informacion-sobre-los-servicios-de-transicion-incluida-la-educacion-vocacional\/10-16-puede-un-alumno-seguir-recibiendo-servicios-de-transicion-luego-de-recibir-un-certificado-de-finalizacion\/","title":{"rendered":"(10.16) \u00bfPuede un alumno seguir recibiendo servicios de transici\u00f3n luego de recibir un certificado de finalizaci\u00f3n?"},"content":{"rendered":"\n<p>S\u00ed. Si\nun alumno de educaci\u00f3n especial no ha cumplido con los requerimientos para la\ngraduaci\u00f3n (incluidos los objetivos de la declaraci\u00f3n de los servicios de\ntransici\u00f3n), el distrito debe seguir proporcion\u00e1ndolos al alumno hasta que\ncumpla los 22 a\u00f1os de edad. Consulte el cap\u00edtulo 11, Informaci\u00f3n sobre las\nevaluaciones y los requisitos para la graduaci\u00f3n.<\/p>\n\n\n\n<p>Debe\nasegurarse de que el IEP de su hijo incluya un plan de transici\u00f3n a partir de\nlos 16 a\u00f1os de edad o antes, que se enfoque en los servicios de transici\u00f3n.\n[Cal. Ed. Code Sec. 56345(a)(8)]. Tambi\u00e9n debe analizar con el equipo del IEP\nla manera como las metas del IEP de su hijo, orientadas a la transici\u00f3n, se\ncompletar\u00e1n antes de que finalicen todos los servicios proporcionados por el\ndistrito escolar.<\/p>\n","protected":false},"excerpt":{"rendered":"<p>S\u00ed. Si un alumno de educaci\u00f3n especial no ha cumplido con los requerimientos para la graduaci\u00f3n (incluidos los objetivos de la declaraci\u00f3n de los servicios&hellip;<\/p>\n","protected":false},"author":1,"featured_media":0,"parent":349,"menu_order":16,"comment_status":"closed","ping_status":"closed","template":"","meta":{"footnotes":""},"class_list":["post-1228","page","type-page","status-publish","hentry"],"_links":{"self":[{"href":"https:\/\/serr.disabilityrightsca.org\/sp\/wp-json\/wp\/v2\/pages\/1228","targetHints":{"allow":["GET"]}}],"collection":[{"href":"https:\/\/serr.disabilityrightsca.org\/sp\/wp-json\/wp\/v2\/pages"}],"about":[{"href":"https:\/\/serr.disabilityrightsca.org\/sp\/wp-json\/wp\/v2\/types\/page"}],"author":[{"embeddable":true,"href":"https:\/\/serr.disabilityrightsca.org\/sp\/wp-json\/wp\/v2\/users\/1"}],"replies":[{"embeddable":true,"href":"https:\/\/serr.disabilityrightsca.org\/sp\/wp-json\/wp\/v2\/comments?post=1228"}],"version-history":[{"count":4,"href":"https:\/\/serr.disabilityrightsca.org\/sp\/wp-json\/wp\/v2\/pages\/1228\/revisions"}],"predecessor-version":[{"id":3847,"href":"https:\/\/serr.disabilityrightsca.org\/sp\/wp-json\/wp\/v2\/pages\/1228\/revisions\/3847"}],"up":[{"embeddable":true,"href":"https:\/\/serr.disabilityrightsca.org\/sp\/wp-json\/wp\/v2\/pages\/349"}],"wp:attachment":[{"href":"https:\/\/serr.disabilityrightsca.org\/sp\/wp-json\/wp\/v2\/media?parent=1228"}],"curies":[{"name":"wp","href":"https:\/\/api.w.org\/{rel}","templated":true}]}}