{"id":1230,"date":"2019-07-26T15:25:51","date_gmt":"2019-07-26T22:25:51","guid":{"rendered":"http:\/\/www.rula.disabilityrightsca.org\/serr\/sp\/?page_id=1230"},"modified":"2024-07-23T16:16:56","modified_gmt":"2024-07-23T23:16:56","slug":"10-17-cual-es-la-relacion-entre-los-servicios-de-transicion-y-la-educacion-profesional","status":"publish","type":"page","link":"https:\/\/serr.disabilityrightsca.org\/sp\/serr-manual\/capitulo-10-informacion-sobre-los-servicios-de-transicion-incluida-la-educacion-vocacional\/10-17-cual-es-la-relacion-entre-los-servicios-de-transicion-y-la-educacion-profesional\/","title":{"rendered":"(10.17) \u00bfCu\u00e1l es la relaci\u00f3n entre los servicios de transici\u00f3n y la educaci\u00f3n profesional?"},"content":{"rendered":"\n<p>La educaci\u00f3n profesional es definida, en t\u00e9rminos amplios, en la definici\u00f3n general de educaci\u00f3n especial como aquellos \u201cprogramas educativos organizados que se encuentran directamente relacionados con la preparaci\u00f3n de las personas para los empleos remunerados y no remunerados, o aquella preparaci\u00f3n adicional para una carrera que no requiere de un diploma avanzado\u201d. [34 C.F.R. Sec. 300.39(b)(5)]. Adem\u00e1s, la capacitaci\u00f3n profesional est\u00e1 incluida dentro de la definici\u00f3n de servicios de transici\u00f3n. [34 C.F.R. Sec. 300.43]. Debido a que la educaci\u00f3n profesional y la capacitaci\u00f3n pueden ser una parte crucial de los servicios de transici\u00f3n de un alumno, tambi\u00e9n deber\u00edan constituir una parte importante del proceso de planificaci\u00f3n del ITP.<\/p>\n","protected":false},"excerpt":{"rendered":"<p>La educaci\u00f3n profesional es definida, en t\u00e9rminos amplios, en la definici\u00f3n general de educaci\u00f3n especial como aquellos \u201cprogramas educativos organizados que se encuentran directamente relacionados&hellip;<\/p>\n","protected":false},"author":1,"featured_media":0,"parent":349,"menu_order":17,"comment_status":"closed","ping_status":"closed","template":"","meta":{"footnotes":""},"class_list":["post-1230","page","type-page","status-publish","hentry"],"_links":{"self":[{"href":"https:\/\/serr.disabilityrightsca.org\/sp\/wp-json\/wp\/v2\/pages\/1230","targetHints":{"allow":["GET"]}}],"collection":[{"href":"https:\/\/serr.disabilityrightsca.org\/sp\/wp-json\/wp\/v2\/pages"}],"about":[{"href":"https:\/\/serr.disabilityrightsca.org\/sp\/wp-json\/wp\/v2\/types\/page"}],"author":[{"embeddable":true,"href":"https:\/\/serr.disabilityrightsca.org\/sp\/wp-json\/wp\/v2\/users\/1"}],"replies":[{"embeddable":true,"href":"https:\/\/serr.disabilityrightsca.org\/sp\/wp-json\/wp\/v2\/comments?post=1230"}],"version-history":[{"count":4,"href":"https:\/\/serr.disabilityrightsca.org\/sp\/wp-json\/wp\/v2\/pages\/1230\/revisions"}],"predecessor-version":[{"id":3848,"href":"https:\/\/serr.disabilityrightsca.org\/sp\/wp-json\/wp\/v2\/pages\/1230\/revisions\/3848"}],"up":[{"embeddable":true,"href":"https:\/\/serr.disabilityrightsca.org\/sp\/wp-json\/wp\/v2\/pages\/349"}],"wp:attachment":[{"href":"https:\/\/serr.disabilityrightsca.org\/sp\/wp-json\/wp\/v2\/media?parent=1230"}],"curies":[{"name":"wp","href":"https:\/\/api.w.org\/{rel}","templated":true}]}}