{"id":1232,"date":"2019-07-26T15:28:12","date_gmt":"2019-07-26T22:28:12","guid":{"rendered":"http:\/\/www.rula.disabilityrightsca.org\/serr\/sp\/?page_id=1232"},"modified":"2024-07-23T16:16:39","modified_gmt":"2024-07-23T23:16:39","slug":"10-18-que-es-la-educacion-profesional","status":"publish","type":"page","link":"https:\/\/serr.disabilityrightsca.org\/sp\/serr-manual\/capitulo-10-informacion-sobre-los-servicios-de-transicion-incluida-la-educacion-vocacional\/10-18-que-es-la-educacion-profesional\/","title":{"rendered":"(10.18) \u00bfQu\u00e9 es la educaci\u00f3n profesional?"},"content":{"rendered":"\n<p>El\nC\u00f3digo de Reglamentos de California define la educaci\u00f3n profesional para los\nalumnos de educaci\u00f3n especial de la siguiente manera:<\/p>\n\n\n\n<p>La\neducaci\u00f3n profesional dise\u00f1ada espec\u00edficamente y el desarrollo de carreras para\nlas personas con discapacidades, lo cual puede incluir:<\/p>\n\n\n\n<p>(1)&nbsp;&nbsp;&nbsp;&nbsp; Provisi\u00f3n\nde programas pre profesionales y evaluaci\u00f3n de las capacidades relacionadas con\nel empleo, los intereses, las aptitudes y actitudes;<\/p>\n\n\n\n<p>(2)&nbsp;&nbsp;&nbsp;&nbsp; Coordinaci\u00f3n\ny modificaci\u00f3n del programa de educaci\u00f3n profesional com\u00fan;<\/p>\n\n\n\n<p>(3)&nbsp;&nbsp;&nbsp;&nbsp; Asistencia\na las personas en el desarrollo de sus aptitudes, confianza y competencias\nvocacionales para localizar, asegurar y conservar un empleo, y permitir que las\nmismas se conviertan en miembros participativos de la comunidad;<\/p>\n\n\n\n<p>(4)&nbsp;&nbsp;&nbsp;&nbsp; Establecimiento\nde programas de capacitaci\u00f3n para el trabajo, dentro de la escuela y en la\ncomunidad;<\/p>\n\n\n\n<p>(5)&nbsp;&nbsp;&nbsp;&nbsp; Asistencia\nen las colocaciones laborales;<\/p>\n\n\n\n<p>(6)&nbsp;&nbsp;&nbsp;&nbsp; Introducci\u00f3n\nde capacitadores para el empleo y empleadores como parte de las necesidades\n\u00fanicas de las personas;<\/p>\n\n\n\n<p>(7)&nbsp;&nbsp;&nbsp;&nbsp; Mantenimiento\nde un contacto programado regularmente con todos los puestos de trabajo y\nentrenadores en el sitio de trabajo.<\/p>\n\n\n\n<p>(8)\u00a0\u00a0\u00a0\u00a0 Coordinaci\u00f3n de servicios con el Departamento de Rehabilitaci\u00f3n y otras agencias seg\u00fan se indica en el programa de educaci\u00f3n individual. [5 C.C.R. Sec. 3051.14].<\/p>\n","protected":false},"excerpt":{"rendered":"<p>El C\u00f3digo de Reglamentos de California define la educaci\u00f3n profesional para los alumnos de educaci\u00f3n especial de la siguiente manera: La educaci\u00f3n profesional dise\u00f1ada espec\u00edficamente&hellip;<\/p>\n","protected":false},"author":1,"featured_media":0,"parent":349,"menu_order":18,"comment_status":"closed","ping_status":"closed","template":"","meta":{"footnotes":""},"class_list":["post-1232","page","type-page","status-publish","hentry"],"_links":{"self":[{"href":"https:\/\/serr.disabilityrightsca.org\/sp\/wp-json\/wp\/v2\/pages\/1232","targetHints":{"allow":["GET"]}}],"collection":[{"href":"https:\/\/serr.disabilityrightsca.org\/sp\/wp-json\/wp\/v2\/pages"}],"about":[{"href":"https:\/\/serr.disabilityrightsca.org\/sp\/wp-json\/wp\/v2\/types\/page"}],"author":[{"embeddable":true,"href":"https:\/\/serr.disabilityrightsca.org\/sp\/wp-json\/wp\/v2\/users\/1"}],"replies":[{"embeddable":true,"href":"https:\/\/serr.disabilityrightsca.org\/sp\/wp-json\/wp\/v2\/comments?post=1232"}],"version-history":[{"count":4,"href":"https:\/\/serr.disabilityrightsca.org\/sp\/wp-json\/wp\/v2\/pages\/1232\/revisions"}],"predecessor-version":[{"id":3849,"href":"https:\/\/serr.disabilityrightsca.org\/sp\/wp-json\/wp\/v2\/pages\/1232\/revisions\/3849"}],"up":[{"embeddable":true,"href":"https:\/\/serr.disabilityrightsca.org\/sp\/wp-json\/wp\/v2\/pages\/349"}],"wp:attachment":[{"href":"https:\/\/serr.disabilityrightsca.org\/sp\/wp-json\/wp\/v2\/media?parent=1232"}],"curies":[{"name":"wp","href":"https:\/\/api.w.org\/{rel}","templated":true}]}}