{"id":1273,"date":"2019-07-26T16:11:24","date_gmt":"2019-07-26T23:11:24","guid":{"rendered":"http:\/\/www.rula.disabilityrightsca.org\/serr\/sp\/?page_id=1273"},"modified":"2024-07-23T16:15:47","modified_gmt":"2024-07-23T23:15:47","slug":"10-20-cuando-deben-iniciar-los-servicios-profesionales","status":"publish","type":"page","link":"https:\/\/serr.disabilityrightsca.org\/sp\/serr-manual\/capitulo-10-informacion-sobre-los-servicios-de-transicion-incluida-la-educacion-vocacional\/10-20-cuando-deben-iniciar-los-servicios-profesionales\/","title":{"rendered":"(10.20) \u00bfCu\u00e1ndo deben iniciar los servicios profesionales?"},"content":{"rendered":"\n<p>Los servicios profesionales deben ser vistos como un proceso a largo plazo y comenzar tan pronto como fuera posible. La conciencia de una carrera y el desarrollo de aptitudes laborales deben iniciar en los a\u00f1os de la escuela primaria. La exploraci\u00f3n de una carrera en \u00e1reas profesionales espec\u00edficas y experiencias de capacitaci\u00f3n estructurales con frecuencia ocurren durante la escuela media y contin\u00faa a lo largo de la escuela secundaria. La capacitaci\u00f3n sobre habilidades laborales y la colocaci\u00f3n para una carrera deben abordarse al menos dos a\u00f1os antes de terminar la escuela. <\/p>\n","protected":false},"excerpt":{"rendered":"<p>Los servicios profesionales deben ser vistos como un proceso a largo plazo y comenzar tan pronto como fuera posible. La conciencia de una carrera y&hellip;<\/p>\n","protected":false},"author":1,"featured_media":0,"parent":349,"menu_order":20,"comment_status":"closed","ping_status":"closed","template":"","meta":{"footnotes":""},"class_list":["post-1273","page","type-page","status-publish","hentry"],"_links":{"self":[{"href":"https:\/\/serr.disabilityrightsca.org\/sp\/wp-json\/wp\/v2\/pages\/1273","targetHints":{"allow":["GET"]}}],"collection":[{"href":"https:\/\/serr.disabilityrightsca.org\/sp\/wp-json\/wp\/v2\/pages"}],"about":[{"href":"https:\/\/serr.disabilityrightsca.org\/sp\/wp-json\/wp\/v2\/types\/page"}],"author":[{"embeddable":true,"href":"https:\/\/serr.disabilityrightsca.org\/sp\/wp-json\/wp\/v2\/users\/1"}],"replies":[{"embeddable":true,"href":"https:\/\/serr.disabilityrightsca.org\/sp\/wp-json\/wp\/v2\/comments?post=1273"}],"version-history":[{"count":3,"href":"https:\/\/serr.disabilityrightsca.org\/sp\/wp-json\/wp\/v2\/pages\/1273\/revisions"}],"predecessor-version":[{"id":3851,"href":"https:\/\/serr.disabilityrightsca.org\/sp\/wp-json\/wp\/v2\/pages\/1273\/revisions\/3851"}],"up":[{"embeddable":true,"href":"https:\/\/serr.disabilityrightsca.org\/sp\/wp-json\/wp\/v2\/pages\/349"}],"wp:attachment":[{"href":"https:\/\/serr.disabilityrightsca.org\/sp\/wp-json\/wp\/v2\/media?parent=1273"}],"curies":[{"name":"wp","href":"https:\/\/api.w.org\/{rel}","templated":true}]}}