{"id":1277,"date":"2019-07-26T16:13:44","date_gmt":"2019-07-26T23:13:44","guid":{"rendered":"http:\/\/www.rula.disabilityrightsca.org\/serr\/sp\/?page_id=1277"},"modified":"2024-07-23T16:15:03","modified_gmt":"2024-07-23T23:15:03","slug":"10-22-como-puedo-trabajar-con-los-maestros-de-mi-hijo-y-otros-miembros-del-personal-para-promover-las-habilidades-necesarias-para-que-ingrese-en-un-programa-de-educacion-profesional","status":"publish","type":"page","link":"https:\/\/serr.disabilityrightsca.org\/sp\/serr-manual\/capitulo-10-informacion-sobre-los-servicios-de-transicion-incluida-la-educacion-vocacional\/10-22-como-puedo-trabajar-con-los-maestros-de-mi-hijo-y-otros-miembros-del-personal-para-promover-las-habilidades-necesarias-para-que-ingrese-en-un-programa-de-educacion-profesional\/","title":{"rendered":"(10.22) \u00bfC\u00f3mo puedo trabajar con los maestros de mi hijo y otros miembros del personal para promover las habilidades necesarias para que ingrese en un programa de educaci\u00f3n profesional?"},"content":{"rendered":"\n<p>Aseg\u00farese\nde que los objetivos profesionales sean incluidos en el IEP de su hijo, donde\nse comuniquen sus expectativas de que su hijo pueda trabajar como un adulto.\nNunca es demasiado pronto para comenzar. Aseg\u00farese de que el aseo, la aptitud\nf\u00edsica, la movilidad, la comunicaci\u00f3n y las habilidades sociales sean\nenfatizadas y aprendidas. Mientras m\u00e1s pronto se desarrollen las habilidades\nb\u00e1sicas, m\u00e1s pronto se puede cambiar el \u00e9nfasis a las habilidades profesionales\nespec\u00edficas.<\/p>\n\n\n\n<p>Puede\nasignar responsabilidades dom\u00e9sticas a partir de una etapa temprana. Tambi\u00e9n\npuede asegurarse de que su hijo se involucre en las actividades y experiencias\nde la comunidad, especialmente las actividades de esparcimiento. Asuma un rol\nactivo en involucrar a su hijo en todas las actividades y experiencias\nprofesionales que le sea posible.<\/p>\n","protected":false},"excerpt":{"rendered":"<p>Aseg\u00farese de que los objetivos profesionales sean incluidos en el IEP de su hijo, donde se comuniquen sus expectativas de que su hijo pueda trabajar&hellip;<\/p>\n","protected":false},"author":1,"featured_media":0,"parent":349,"menu_order":22,"comment_status":"closed","ping_status":"closed","template":"","meta":{"footnotes":""},"class_list":["post-1277","page","type-page","status-publish","hentry"],"_links":{"self":[{"href":"https:\/\/serr.disabilityrightsca.org\/sp\/wp-json\/wp\/v2\/pages\/1277","targetHints":{"allow":["GET"]}}],"collection":[{"href":"https:\/\/serr.disabilityrightsca.org\/sp\/wp-json\/wp\/v2\/pages"}],"about":[{"href":"https:\/\/serr.disabilityrightsca.org\/sp\/wp-json\/wp\/v2\/types\/page"}],"author":[{"embeddable":true,"href":"https:\/\/serr.disabilityrightsca.org\/sp\/wp-json\/wp\/v2\/users\/1"}],"replies":[{"embeddable":true,"href":"https:\/\/serr.disabilityrightsca.org\/sp\/wp-json\/wp\/v2\/comments?post=1277"}],"version-history":[{"count":4,"href":"https:\/\/serr.disabilityrightsca.org\/sp\/wp-json\/wp\/v2\/pages\/1277\/revisions"}],"predecessor-version":[{"id":3853,"href":"https:\/\/serr.disabilityrightsca.org\/sp\/wp-json\/wp\/v2\/pages\/1277\/revisions\/3853"}],"up":[{"embeddable":true,"href":"https:\/\/serr.disabilityrightsca.org\/sp\/wp-json\/wp\/v2\/pages\/349"}],"wp:attachment":[{"href":"https:\/\/serr.disabilityrightsca.org\/sp\/wp-json\/wp\/v2\/media?parent=1277"}],"curies":[{"name":"wp","href":"https:\/\/api.w.org\/{rel}","templated":true}]}}