{"id":1285,"date":"2019-07-26T16:17:37","date_gmt":"2019-07-26T23:17:37","guid":{"rendered":"http:\/\/www.rula.disabilityrightsca.org\/serr\/sp\/?page_id=1285"},"modified":"2024-07-23T16:14:22","modified_gmt":"2024-07-23T23:14:22","slug":"10-24-que-factores-debo-tener-en-cuenta-al-disenar-el-programa-de-educacion-profesional-para-mi-hijo","status":"publish","type":"page","link":"https:\/\/serr.disabilityrightsca.org\/sp\/serr-manual\/capitulo-10-informacion-sobre-los-servicios-de-transicion-incluida-la-educacion-vocacional\/10-24-que-factores-debo-tener-en-cuenta-al-disenar-el-programa-de-educacion-profesional-para-mi-hijo\/","title":{"rendered":"(10.24) \u00bfQu\u00e9 factores debo tener en cuenta al dise\u00f1ar el programa de educaci\u00f3n profesional para mi hijo?"},"content":{"rendered":"\n<p>Los\nsiguientes factores se deben tener en cuenta al determinar el programa\nprofesional de su hijo:<\/p>\n\n\n\n<p>(1)&nbsp;&nbsp;&nbsp;&nbsp; Las\nmetas del alumno;<\/p>\n\n\n\n<p>(2)&nbsp;&nbsp;&nbsp;&nbsp; Sus\nexpectativas;<\/p>\n\n\n\n<p>(3)&nbsp;&nbsp;&nbsp;&nbsp; Los\nresultados de las evaluaciones profesionales;<\/p>\n\n\n\n<p>(4)&nbsp;&nbsp;&nbsp;&nbsp; Los\nresultados de las muestras de trabajo (pueden incluir las muestras del aula,\nlas producidas comercialmente y aquellas preparadas por y para los programas\nlocales);<\/p>\n\n\n\n<p>(5)&nbsp;&nbsp;&nbsp;&nbsp; Los\nresultados de experiencias en programas orientados a la profesi\u00f3n;<\/p>\n\n\n\n<p>(6)&nbsp;&nbsp;&nbsp;&nbsp; Las\ndescripciones de experiencias laborales previas;<\/p>\n\n\n\n<p>(7)&nbsp;&nbsp;&nbsp;&nbsp; Las\ncapacidades f\u00edsicas y mentales del alumno para el trabajo;<\/p>\n\n\n\n<p>(8)&nbsp;&nbsp;&nbsp;&nbsp; Las\nconductas relacionadas con el empleo (por ejemplo, la asistencia, las\nhabilidades sociales e interpersonales, per\u00edodo de atenci\u00f3n, habilidades de\ncomunicaci\u00f3n, higiene personal, confiabilidad y productividad);<\/p>\n\n\n\n<p>(9)&nbsp;&nbsp;&nbsp;&nbsp; Los\nobjetivos del curso y requerimientos del programa de estudios;<\/p>\n\n\n\n<p>(10)&nbsp;&nbsp; Las\nhabilidades que constituyen prerrequisitos.<\/p>\n\n\n\n<p>(11)&nbsp;&nbsp; Las\nmodificaciones necesarias para hacer que las aulas, los centros comerciales y\nlos lugares de trabajo sean lugares accesibles;<\/p>\n\n\n\n<p>(12)&nbsp;&nbsp; Los\nmateriales de instrucci\u00f3n alternativos;<\/p>\n\n\n\n<p>(13)&nbsp;&nbsp; La\nproporci\u00f3n de personal y alumno;<\/p>\n\n\n\n<p>(14)&nbsp;&nbsp; Los\nm\u00e9todos de evaluaci\u00f3n y calificaci\u00f3n de desempe\u00f1o de los alumnos;<\/p>\n\n\n\n<p>(15)&nbsp;&nbsp; Las\noportunidades para la experiencia laboral;<\/p>\n\n\n\n<p>(16)&nbsp;&nbsp; Las\noportunidades de empleo para una persona con capacitaci\u00f3n en un \u00e1mbito\nespec\u00edfico, local y nacionalmente; y <\/p>\n\n\n\n<p>(17)&nbsp;&nbsp; La\ndisponibilidad local de empleos.<\/p>\n\n\n\n<p>La\neducaci\u00f3n profesional y la capacitaci\u00f3n en entornos integrados (incluidos los\nempleos con apoyo) proporciona a los alumnos oportunidades para aprender de\nforma adecuada, sobre la interacci\u00f3n con otras personas en la escuela y los\nentornos laborales. A los fines de fomentar un mayor uso de los programas\nintegrados, el Congreso no asign\u00f3 fondos para cursos profesionales dise\u00f1ados\ns\u00f3lo para los alumnos con discapacidades. En lugar de ello, los estatutos\nfederales proporcionan fondos para los servicios de apoyo y modificaciones en\nlos programas profesionales comunes para permitir la participaci\u00f3n de\npoblaciones especiales. [20 U.S.C. Secs. 2301 y subsiguientes].<\/p>\n","protected":false},"excerpt":{"rendered":"<p>Los siguientes factores se deben tener en cuenta al determinar el programa profesional de su hijo: (1)&nbsp;&nbsp;&nbsp;&nbsp; Las metas del alumno; (2)&nbsp;&nbsp;&nbsp;&nbsp; Sus expectativas; (3)&nbsp;&nbsp;&nbsp;&nbsp;&hellip;<\/p>\n","protected":false},"author":1,"featured_media":0,"parent":349,"menu_order":24,"comment_status":"closed","ping_status":"closed","template":"","meta":{"footnotes":""},"class_list":["post-1285","page","type-page","status-publish","hentry"],"_links":{"self":[{"href":"https:\/\/serr.disabilityrightsca.org\/sp\/wp-json\/wp\/v2\/pages\/1285","targetHints":{"allow":["GET"]}}],"collection":[{"href":"https:\/\/serr.disabilityrightsca.org\/sp\/wp-json\/wp\/v2\/pages"}],"about":[{"href":"https:\/\/serr.disabilityrightsca.org\/sp\/wp-json\/wp\/v2\/types\/page"}],"author":[{"embeddable":true,"href":"https:\/\/serr.disabilityrightsca.org\/sp\/wp-json\/wp\/v2\/users\/1"}],"replies":[{"embeddable":true,"href":"https:\/\/serr.disabilityrightsca.org\/sp\/wp-json\/wp\/v2\/comments?post=1285"}],"version-history":[{"count":3,"href":"https:\/\/serr.disabilityrightsca.org\/sp\/wp-json\/wp\/v2\/pages\/1285\/revisions"}],"predecessor-version":[{"id":3855,"href":"https:\/\/serr.disabilityrightsca.org\/sp\/wp-json\/wp\/v2\/pages\/1285\/revisions\/3855"}],"up":[{"embeddable":true,"href":"https:\/\/serr.disabilityrightsca.org\/sp\/wp-json\/wp\/v2\/pages\/349"}],"wp:attachment":[{"href":"https:\/\/serr.disabilityrightsca.org\/sp\/wp-json\/wp\/v2\/media?parent=1285"}],"curies":[{"name":"wp","href":"https:\/\/api.w.org\/{rel}","templated":true}]}}