{"id":1289,"date":"2019-07-26T16:19:44","date_gmt":"2019-07-26T23:19:44","guid":{"rendered":"http:\/\/www.rula.disabilityrightsca.org\/serr\/sp\/?page_id=1289"},"modified":"2024-07-23T16:13:45","modified_gmt":"2024-07-23T23:13:45","slug":"10-26-puede-mi-hijo-inscribirse-en-un-programa-profesional-de-educacion-general","status":"publish","type":"page","link":"https:\/\/serr.disabilityrightsca.org\/sp\/serr-manual\/capitulo-10-informacion-sobre-los-servicios-de-transicion-incluida-la-educacion-vocacional\/10-26-puede-mi-hijo-inscribirse-en-un-programa-profesional-de-educacion-general\/","title":{"rendered":"(10.26) \u00bfPuede mi hijo inscribirse en un programa profesional de educaci\u00f3n general?"},"content":{"rendered":"\n<p>S\u00ed. Los\nprogramas profesionales de educaci\u00f3n general suelen incluir la instrucci\u00f3n en\nel aula y laboratorio, enfoc\u00e1ndose en un \u00e1rea ocupacional (por ejemplo, las\nempresas) o una ocupaci\u00f3n espec\u00edfica (por ejemplo, programador de\ncomputadoras). Conforme el art\u00edculo 504 de la ley de Rehabilitaci\u00f3n de 1973, no\nse puede negar el acceso a los alumnos con discapacidades a los programas\nprofesionales existentes debido a sus necesidades de asistencia o por barreras\narquitect\u00f3nicas.<\/p>\n\n\n\n<p>Para\nlos alumnos inscritos en la educaci\u00f3n especial, un programa de inclusi\u00f3n les\nofrece (con los servicios de apoyo apropiados) la ventaja de una interacci\u00f3n\ncom\u00fan con los alumnos sin discapacidad. Estos programas se asemejan m\u00e1s al\nentorno social que su hijo encontrar\u00e1 cuando termine la escuela y comience a\ntrabajar.<\/p>\n","protected":false},"excerpt":{"rendered":"<p>S\u00ed. Los programas profesionales de educaci\u00f3n general suelen incluir la instrucci\u00f3n en el aula y laboratorio, enfoc\u00e1ndose en un \u00e1rea ocupacional (por ejemplo, las empresas)&hellip;<\/p>\n","protected":false},"author":1,"featured_media":0,"parent":349,"menu_order":26,"comment_status":"closed","ping_status":"closed","template":"","meta":{"footnotes":""},"class_list":["post-1289","page","type-page","status-publish","hentry"],"_links":{"self":[{"href":"https:\/\/serr.disabilityrightsca.org\/sp\/wp-json\/wp\/v2\/pages\/1289","targetHints":{"allow":["GET"]}}],"collection":[{"href":"https:\/\/serr.disabilityrightsca.org\/sp\/wp-json\/wp\/v2\/pages"}],"about":[{"href":"https:\/\/serr.disabilityrightsca.org\/sp\/wp-json\/wp\/v2\/types\/page"}],"author":[{"embeddable":true,"href":"https:\/\/serr.disabilityrightsca.org\/sp\/wp-json\/wp\/v2\/users\/1"}],"replies":[{"embeddable":true,"href":"https:\/\/serr.disabilityrightsca.org\/sp\/wp-json\/wp\/v2\/comments?post=1289"}],"version-history":[{"count":3,"href":"https:\/\/serr.disabilityrightsca.org\/sp\/wp-json\/wp\/v2\/pages\/1289\/revisions"}],"predecessor-version":[{"id":3857,"href":"https:\/\/serr.disabilityrightsca.org\/sp\/wp-json\/wp\/v2\/pages\/1289\/revisions\/3857"}],"up":[{"embeddable":true,"href":"https:\/\/serr.disabilityrightsca.org\/sp\/wp-json\/wp\/v2\/pages\/349"}],"wp:attachment":[{"href":"https:\/\/serr.disabilityrightsca.org\/sp\/wp-json\/wp\/v2\/media?parent=1289"}],"curies":[{"name":"wp","href":"https:\/\/api.w.org\/{rel}","templated":true}]}}