{"id":1294,"date":"2019-07-26T16:23:20","date_gmt":"2019-07-26T23:23:20","guid":{"rendered":"http:\/\/www.rula.disabilityrightsca.org\/serr\/sp\/?page_id=1294"},"modified":"2024-07-23T16:13:14","modified_gmt":"2024-07-23T23:13:14","slug":"10-28-el-departamento-de-rehabilitacion-de-california-tiene-la-responsabilidad-de-asistir-a-mi-hijo-en-la-transicion-de-la-educacion-especial-a-la-vida-adulta-postescolar","status":"publish","type":"page","link":"https:\/\/serr.disabilityrightsca.org\/sp\/serr-manual\/capitulo-10-informacion-sobre-los-servicios-de-transicion-incluida-la-educacion-vocacional\/10-28-el-departamento-de-rehabilitacion-de-california-tiene-la-responsabilidad-de-asistir-a-mi-hijo-en-la-transicion-de-la-educacion-especial-a-la-vida-adulta-postescolar\/","title":{"rendered":"(10.28) \u00bfEl Departamento de Rehabilitaci\u00f3n de California tiene la responsabilidad de asistir a mi hijo en la transici\u00f3n de la educaci\u00f3n especial a la vida adulta postescolar?"},"content":{"rendered":"\n<p>S\u00ed.\nCada organismo de rehabilitaci\u00f3n profesional del estado debe desarrollar un\nplan estatal que incluya pol\u00edticas y procedimientos para la coordinaci\u00f3n entre\nel organismo y los funcionarios de educaci\u00f3n responsables de la educaci\u00f3n\nespecial. El Departamento de Rehabilitaci\u00f3n de California debe proporcionar\nasistencia t\u00e9cnica a los distritos en la planificaci\u00f3n de la transici\u00f3n y los\nservicios en \u00e1reas como la rehabilitaci\u00f3n profesional y el desarrollo del IEP.\n[29 U.S.C. Sec. 721((a)(11)(D)].<\/p>\n\n\n\n<p>El plan\ndel estado debe incluir los procedimientos para identificar a los alumnos que\nnecesitan los servicios de transici\u00f3n y brindar servicios de difusi\u00f3n a tales\nalumnos lo antes posible durante el proceso de planificaci\u00f3n de la transici\u00f3n.\nLos procedimientos de difusi\u00f3n deben describir el prop\u00f3sito del programa de\nrehabilitaci\u00f3n profesional, los requisitos de elegibilidad, los procedimientos\nde aplicaci\u00f3n y el alcance de los servicios que pueden ser proporcionados a las\npersonas elegibles. El estado debe brindar un programa individualizado para el\nempleo, tan pronto como fuera posible, durante la planificaci\u00f3n de la\ntransici\u00f3n, pero a m\u00e1s tardar cuando su hijo finalice la escuela. <br>\n[34 C.F.R. Secs. 361.22(a)-(b)].<\/p>\n","protected":false},"excerpt":{"rendered":"<p>S\u00ed. Cada organismo de rehabilitaci\u00f3n profesional del estado debe desarrollar un plan estatal que incluya pol\u00edticas y procedimientos para la coordinaci\u00f3n entre el organismo y&hellip;<\/p>\n","protected":false},"author":1,"featured_media":0,"parent":349,"menu_order":28,"comment_status":"closed","ping_status":"closed","template":"","meta":{"footnotes":""},"class_list":["post-1294","page","type-page","status-publish","hentry"],"_links":{"self":[{"href":"https:\/\/serr.disabilityrightsca.org\/sp\/wp-json\/wp\/v2\/pages\/1294","targetHints":{"allow":["GET"]}}],"collection":[{"href":"https:\/\/serr.disabilityrightsca.org\/sp\/wp-json\/wp\/v2\/pages"}],"about":[{"href":"https:\/\/serr.disabilityrightsca.org\/sp\/wp-json\/wp\/v2\/types\/page"}],"author":[{"embeddable":true,"href":"https:\/\/serr.disabilityrightsca.org\/sp\/wp-json\/wp\/v2\/users\/1"}],"replies":[{"embeddable":true,"href":"https:\/\/serr.disabilityrightsca.org\/sp\/wp-json\/wp\/v2\/comments?post=1294"}],"version-history":[{"count":4,"href":"https:\/\/serr.disabilityrightsca.org\/sp\/wp-json\/wp\/v2\/pages\/1294\/revisions"}],"predecessor-version":[{"id":3859,"href":"https:\/\/serr.disabilityrightsca.org\/sp\/wp-json\/wp\/v2\/pages\/1294\/revisions\/3859"}],"up":[{"embeddable":true,"href":"https:\/\/serr.disabilityrightsca.org\/sp\/wp-json\/wp\/v2\/pages\/349"}],"wp:attachment":[{"href":"https:\/\/serr.disabilityrightsca.org\/sp\/wp-json\/wp\/v2\/media?parent=1294"}],"curies":[{"name":"wp","href":"https:\/\/api.w.org\/{rel}","templated":true}]}}