{"id":1331,"date":"2019-08-06T13:47:55","date_gmt":"2019-08-06T20:47:55","guid":{"rendered":"http:\/\/www.rula.disabilityrightsca.org\/serr\/sp\/?page_id=1331"},"modified":"2020-02-20T10:21:05","modified_gmt":"2020-02-20T18:21:05","slug":"3-3-el-condado-o-distrito-tiene-un-programa-para-ninos-sordos-y-ciegos-mi-hijo-tiene-que-ser-sordo-y-ciego-para-ser-elegible-para-el-programa","status":"publish","type":"page","link":"https:\/\/serr.disabilityrightsca.org\/sp\/serr-manual\/capitulo-3-informacion-sobre-los-criterios-de-elegibilidad\/3-3-el-condado-o-distrito-tiene-un-programa-para-ninos-sordos-y-ciegos-mi-hijo-tiene-que-ser-sordo-y-ciego-para-ser-elegible-para-el-programa\/","title":{"rendered":"(3.3) El condado (o distrito) tiene un programa para ni\u00f1os sordos y ciegos. \u00bfMi hijo tiene que ser sordo y ciego para ser elegible para el programa?"},"content":{"rendered":"\n<p>No. Si su hijo tiene impedimentos auditivos y visuales que, en conjunto, ocasionan tales dificultades en la comunicaci\u00f3n, el desarrollo y la educaci\u00f3n que no se pueden abordar en un programa para ni\u00f1os que tienen impedimentos solo auditivos o solo visuales, entonces, es elegible para el programa. [34 C.F.R. Sec. 300.8(c)(2); 5 C.C.R. Sec. 3030(b)(2)]. Por otra parte, si un ni\u00f1o con impedimentos visuales y auditivos puede recibir los servicios adecuadamente en un programa para ni\u00f1os con cualquiera de tales impedimentos, entonces no es necesario que se le asigne un programa para ni\u00f1os con ambas condiciones.<\/p>\n","protected":false},"excerpt":{"rendered":"<p>No. Si su hijo tiene impedimentos auditivos y visuales que, en conjunto, ocasionan tales dificultades en la comunicaci\u00f3n, el desarrollo y la educaci\u00f3n que no&hellip;<\/p>\n","protected":false},"author":1,"featured_media":0,"parent":329,"menu_order":3,"comment_status":"closed","ping_status":"closed","template":"","meta":{"footnotes":""},"class_list":["post-1331","page","type-page","status-publish","hentry"],"_links":{"self":[{"href":"https:\/\/serr.disabilityrightsca.org\/sp\/wp-json\/wp\/v2\/pages\/1331","targetHints":{"allow":["GET"]}}],"collection":[{"href":"https:\/\/serr.disabilityrightsca.org\/sp\/wp-json\/wp\/v2\/pages"}],"about":[{"href":"https:\/\/serr.disabilityrightsca.org\/sp\/wp-json\/wp\/v2\/types\/page"}],"author":[{"embeddable":true,"href":"https:\/\/serr.disabilityrightsca.org\/sp\/wp-json\/wp\/v2\/users\/1"}],"replies":[{"embeddable":true,"href":"https:\/\/serr.disabilityrightsca.org\/sp\/wp-json\/wp\/v2\/comments?post=1331"}],"version-history":[{"count":2,"href":"https:\/\/serr.disabilityrightsca.org\/sp\/wp-json\/wp\/v2\/pages\/1331\/revisions"}],"predecessor-version":[{"id":3404,"href":"https:\/\/serr.disabilityrightsca.org\/sp\/wp-json\/wp\/v2\/pages\/1331\/revisions\/3404"}],"up":[{"embeddable":true,"href":"https:\/\/serr.disabilityrightsca.org\/sp\/wp-json\/wp\/v2\/pages\/329"}],"wp:attachment":[{"href":"https:\/\/serr.disabilityrightsca.org\/sp\/wp-json\/wp\/v2\/media?parent=1331"}],"curies":[{"name":"wp","href":"https:\/\/api.w.org\/{rel}","templated":true}]}}