{"id":1337,"date":"2019-08-06T13:53:35","date_gmt":"2019-08-06T20:53:35","guid":{"rendered":"http:\/\/www.rula.disabilityrightsca.org\/serr\/sp\/?page_id=1337"},"modified":"2020-02-20T10:43:52","modified_gmt":"2020-02-20T18:43:52","slug":"3-6-cuales-son-los-criterios-de-elegibilidad-para-recibir-educacion-especial-sobre-la-base-de-una-discapacidad-fisica","status":"publish","type":"page","link":"https:\/\/serr.disabilityrightsca.org\/sp\/serr-manual\/capitulo-3-informacion-sobre-los-criterios-de-elegibilidad\/3-6-cuales-son-los-criterios-de-elegibilidad-para-recibir-educacion-especial-sobre-la-base-de-una-discapacidad-fisica\/","title":{"rendered":"(3.6) \u00bfCu\u00e1les son los criterios de elegibilidad para recibir educaci\u00f3n especial sobre la base de una discapacidad f\u00edsica?"},"content":{"rendered":"\n<p>De conformidad con la legislaci\u00f3n de California, un ni\u00f1o con \u201cproblemas ortop\u00e9dicos graves\u201d re\u00fane los requisitos para recibir educaci\u00f3n especial. Un problema ortop\u00e9dico grave es aquel que afecta de manera negativa el desempe\u00f1o educativo del alumno e incluye aquellos que son causados por anomal\u00edas cong\u00e9nitas, por alguna enfermedad (por ejemplo, poliomielitis, tuberculosis \u00f3sea) e impedimentos derivados de otras causas (por ejemplo, par\u00e1lisis cerebral; amputaciones y fracturas o quemaduras que causen contracturas). [34 C.F.R. Sec. 300.8(c)(8)]. [5 C.C.R. Sec. 3030(b)(8)].\u00a0 <\/p>\n","protected":false},"excerpt":{"rendered":"<p>De conformidad con la legislaci\u00f3n de California, un ni\u00f1o con \u201cproblemas ortop\u00e9dicos graves\u201d re\u00fane los requisitos para recibir educaci\u00f3n especial. Un problema ortop\u00e9dico grave es&hellip;<\/p>\n","protected":false},"author":1,"featured_media":0,"parent":329,"menu_order":6,"comment_status":"closed","ping_status":"closed","template":"","meta":{"footnotes":""},"class_list":["post-1337","page","type-page","status-publish","hentry"],"_links":{"self":[{"href":"https:\/\/serr.disabilityrightsca.org\/sp\/wp-json\/wp\/v2\/pages\/1337","targetHints":{"allow":["GET"]}}],"collection":[{"href":"https:\/\/serr.disabilityrightsca.org\/sp\/wp-json\/wp\/v2\/pages"}],"about":[{"href":"https:\/\/serr.disabilityrightsca.org\/sp\/wp-json\/wp\/v2\/types\/page"}],"author":[{"embeddable":true,"href":"https:\/\/serr.disabilityrightsca.org\/sp\/wp-json\/wp\/v2\/users\/1"}],"replies":[{"embeddable":true,"href":"https:\/\/serr.disabilityrightsca.org\/sp\/wp-json\/wp\/v2\/comments?post=1337"}],"version-history":[{"count":3,"href":"https:\/\/serr.disabilityrightsca.org\/sp\/wp-json\/wp\/v2\/pages\/1337\/revisions"}],"predecessor-version":[{"id":3408,"href":"https:\/\/serr.disabilityrightsca.org\/sp\/wp-json\/wp\/v2\/pages\/1337\/revisions\/3408"}],"up":[{"embeddable":true,"href":"https:\/\/serr.disabilityrightsca.org\/sp\/wp-json\/wp\/v2\/pages\/329"}],"wp:attachment":[{"href":"https:\/\/serr.disabilityrightsca.org\/sp\/wp-json\/wp\/v2\/media?parent=1337"}],"curies":[{"name":"wp","href":"https:\/\/api.w.org\/{rel}","templated":true}]}}