{"id":1339,"date":"2019-08-06T13:54:47","date_gmt":"2019-08-06T20:54:47","guid":{"rendered":"http:\/\/www.rula.disabilityrightsca.org\/serr\/sp\/?page_id=1339"},"modified":"2020-02-20T10:44:55","modified_gmt":"2020-02-20T18:44:55","slug":"3-7-cuales-son-los-criterios-de-elegibilidad-para-recibir-educacion-especial-sobre-la-base-de-una-afeccion-de-salud","status":"publish","type":"page","link":"https:\/\/serr.disabilityrightsca.org\/sp\/serr-manual\/capitulo-3-informacion-sobre-los-criterios-de-elegibilidad\/3-7-cuales-son-los-criterios-de-elegibilidad-para-recibir-educacion-especial-sobre-la-base-de-una-afeccion-de-salud\/","title":{"rendered":"(3.7) \u00bfCu\u00e1les son los criterios de elegibilidad para recibir educaci\u00f3n especial sobre la base de una afecci\u00f3n de salud?"},"content":{"rendered":"\n<p>Un ni\u00f1o puede reunir las condiciones para recibir educaci\u00f3n especial bajo la categor\u00eda de \u201cotros problemas de salud\u201d. Esto significa que un alumno debe tener dificultades de fuerza, vitalidad o atenci\u00f3n, que incluyen una vivacidad acentuada con los est\u00edmulos del ambiente, que resultan en una vivacidad limitada con respecto al ambiente educativo que se debe a problemas de salud cr\u00f3nicos o agudos, como el asma, trastorno de d\u00e9ficit de atenci\u00f3n o trastorno de d\u00e9ficit de atenci\u00f3n con hiperactividad, diabetes, epilepsia, problemas card\u00edacos, hemofilia, envenenamiento por plomo, leucemia, nefritis, fiebre reum\u00e1tica, anemia de c\u00e9lulas falciformes y s\u00edndrome de Tourette, y que afectan de manera negativa el desempe\u00f1o educativo del ni\u00f1o. [34 C.F.R. Sec. 300.8(c)(9) 5 C.C.R. Sec. 3030(b)(9)]<\/p>\n","protected":false},"excerpt":{"rendered":"<p>Un ni\u00f1o puede reunir las condiciones para recibir educaci\u00f3n especial bajo la categor\u00eda de \u201cotros problemas de salud\u201d. Esto significa que un alumno debe tener&hellip;<\/p>\n","protected":false},"author":1,"featured_media":0,"parent":329,"menu_order":7,"comment_status":"closed","ping_status":"closed","template":"","meta":{"footnotes":""},"class_list":["post-1339","page","type-page","status-publish","hentry"],"_links":{"self":[{"href":"https:\/\/serr.disabilityrightsca.org\/sp\/wp-json\/wp\/v2\/pages\/1339","targetHints":{"allow":["GET"]}}],"collection":[{"href":"https:\/\/serr.disabilityrightsca.org\/sp\/wp-json\/wp\/v2\/pages"}],"about":[{"href":"https:\/\/serr.disabilityrightsca.org\/sp\/wp-json\/wp\/v2\/types\/page"}],"author":[{"embeddable":true,"href":"https:\/\/serr.disabilityrightsca.org\/sp\/wp-json\/wp\/v2\/users\/1"}],"replies":[{"embeddable":true,"href":"https:\/\/serr.disabilityrightsca.org\/sp\/wp-json\/wp\/v2\/comments?post=1339"}],"version-history":[{"count":3,"href":"https:\/\/serr.disabilityrightsca.org\/sp\/wp-json\/wp\/v2\/pages\/1339\/revisions"}],"predecessor-version":[{"id":3409,"href":"https:\/\/serr.disabilityrightsca.org\/sp\/wp-json\/wp\/v2\/pages\/1339\/revisions\/3409"}],"up":[{"embeddable":true,"href":"https:\/\/serr.disabilityrightsca.org\/sp\/wp-json\/wp\/v2\/pages\/329"}],"wp:attachment":[{"href":"https:\/\/serr.disabilityrightsca.org\/sp\/wp-json\/wp\/v2\/media?parent=1339"}],"curies":[{"name":"wp","href":"https:\/\/api.w.org\/{rel}","templated":true}]}}