{"id":1341,"date":"2019-08-06T13:55:51","date_gmt":"2019-08-06T20:55:51","guid":{"rendered":"http:\/\/www.rula.disabilityrightsca.org\/serr\/sp\/?page_id=1341"},"modified":"2020-02-20T10:47:26","modified_gmt":"2020-02-20T18:47:26","slug":"3-8-como-determinan-los-distritos-escolares-que-un-nino-tiene-autismo-o-un-trastorno-similar","status":"publish","type":"page","link":"https:\/\/serr.disabilityrightsca.org\/sp\/serr-manual\/capitulo-3-informacion-sobre-los-criterios-de-elegibilidad\/3-8-como-determinan-los-distritos-escolares-que-un-nino-tiene-autismo-o-un-trastorno-similar\/","title":{"rendered":"(3.8) \u00bfC\u00f3mo determinan los distritos escolares que un ni\u00f1o tiene autismo o un trastorno similar?"},"content":{"rendered":"\n<p>Un equipo del IEP puede determinar que un alumno re\u00fane\nlos criterios de elegibilidad federales y estatales que encuadran en la\ncategor\u00eda de autismo, si un ni\u00f1o tiene una discapacidad\ndel desarrollo significativa que afecta su comunicaci\u00f3n verbal y no verbal\nadem\u00e1s de su interacci\u00f3n social, lo cual suele ser evidente antes de los tres\na\u00f1os y afectar de manera negativa el desempe\u00f1o educativo del ni\u00f1o. Otras\ncaracter\u00edsticas usualmente asociadas con el autismo son la realizaci\u00f3n de\nmovimientos repetidos y estereotipados, la resistencia al cambio en el entorno\no en la rutina diaria y respuestas poco comunes a experiencias\nsensoriales.&nbsp; Un ni\u00f1o que presenta las\ncaracter\u00edsticas del autismo despu\u00e9s de los tres a\u00f1os se puede reconocer como\nautista si se cumplen tales criterios. El autismo no se aplica en los casos en\nlos que el desempe\u00f1o educativo del ni\u00f1o se ve afectado de manera negativa\nprincipalmente debido a que el ni\u00f1o tiene un trastorno emocional. [34 C.F.R. Sec. 300.8(c)(1); 5 C.C.R. Sec. 3030(b)(1)].<\/p>\n\n\n\n<p>A los fines de ser elegible para la educaci\u00f3n especial\nconforme a esta categor\u00eda, no es necesario que su hijo cumpla con la definici\u00f3n\nm\u00e9dica de autismo, solo se requiere la definici\u00f3n educativa. Del mismo modo, el\nhecho de encuadrar en la definici\u00f3n m\u00e9dica de autismo y obtener un diagn\u00f3stico\nm\u00e9dico en tal sentido no garantiza que su hijo ser\u00e1 elegible para recibir\neducaci\u00f3n especial si no re\u00fane los criterios de elegibilidad federales y\nestatales relativos al autismo.<\/p>\n","protected":false},"excerpt":{"rendered":"<p>Un equipo del IEP puede determinar que un alumno re\u00fane los criterios de elegibilidad federales y estatales que encuadran en la categor\u00eda de autismo, si&hellip;<\/p>\n","protected":false},"author":1,"featured_media":0,"parent":329,"menu_order":8,"comment_status":"closed","ping_status":"closed","template":"","meta":{"footnotes":""},"class_list":["post-1341","page","type-page","status-publish","hentry"],"_links":{"self":[{"href":"https:\/\/serr.disabilityrightsca.org\/sp\/wp-json\/wp\/v2\/pages\/1341","targetHints":{"allow":["GET"]}}],"collection":[{"href":"https:\/\/serr.disabilityrightsca.org\/sp\/wp-json\/wp\/v2\/pages"}],"about":[{"href":"https:\/\/serr.disabilityrightsca.org\/sp\/wp-json\/wp\/v2\/types\/page"}],"author":[{"embeddable":true,"href":"https:\/\/serr.disabilityrightsca.org\/sp\/wp-json\/wp\/v2\/users\/1"}],"replies":[{"embeddable":true,"href":"https:\/\/serr.disabilityrightsca.org\/sp\/wp-json\/wp\/v2\/comments?post=1341"}],"version-history":[{"count":3,"href":"https:\/\/serr.disabilityrightsca.org\/sp\/wp-json\/wp\/v2\/pages\/1341\/revisions"}],"predecessor-version":[{"id":3410,"href":"https:\/\/serr.disabilityrightsca.org\/sp\/wp-json\/wp\/v2\/pages\/1341\/revisions\/3410"}],"up":[{"embeddable":true,"href":"https:\/\/serr.disabilityrightsca.org\/sp\/wp-json\/wp\/v2\/pages\/329"}],"wp:attachment":[{"href":"https:\/\/serr.disabilityrightsca.org\/sp\/wp-json\/wp\/v2\/media?parent=1341"}],"curies":[{"name":"wp","href":"https:\/\/api.w.org\/{rel}","templated":true}]}}