{"id":1343,"date":"2019-08-06T13:57:34","date_gmt":"2019-08-06T20:57:34","guid":{"rendered":"http:\/\/www.rula.disabilityrightsca.org\/serr\/sp\/?page_id=1343"},"modified":"2020-08-07T15:24:57","modified_gmt":"2020-08-07T22:24:57","slug":"3-9-los-puntajes-de-coeficiente-intelectual-son-las-unicas-condiciones-de-elegibilidad-para-recibir-educacion-especial-sobre-la-base-de-una-discapacidad-intelectual","status":"publish","type":"page","link":"https:\/\/serr.disabilityrightsca.org\/sp\/serr-manual\/capitulo-3-informacion-sobre-los-criterios-de-elegibilidad\/3-9-los-puntajes-de-coeficiente-intelectual-son-las-unicas-condiciones-de-elegibilidad-para-recibir-educacion-especial-sobre-la-base-de-una-discapacidad-intelectual\/","title":{"rendered":"(3.9) \u00bfLos puntajes de coeficiente intelectual son las \u00fanicas condiciones de elegibilidad para recibir educaci\u00f3n especial sobre la base de una discapacidad intelectual?"},"content":{"rendered":"\n<p>No. A los fines de que un alumno re\u00fana los requisitos\nconforme a esta categor\u00eda, debe mostrar:<\/p>\n\n\n\n<p>(1) D\u00e9ficits en la conducta de adaptaci\u00f3n, (que consiste en la capacidad de un ni\u00f1o para desempe\u00f1arse de manera efectiva con otras personas, en actividades apropiadas para su edad), y <\/p>\n\n\n\n<p>(2) Se\nencuentra significativamente por debajo del promedio general del desempe\u00f1o\nintelectual.&nbsp; <\/p>\n\n\n\n<p>Ambos deben haberse manifestado durante el per\u00edodo de desarrollo y afectado de manera negativa su desempe\u00f1o educativo actual. [34 C.F.R. Sec. 300.8(c)(6); 5 C.C.R. Sec. 3030(b)(6)]. La conducta de adaptaci\u00f3n alude a la conducta apropiada seg\u00fan la edad que permite que un alumno viva de manera independiente, se desempe\u00f1e exitosamente en las actividades de la vida diaria e interact\u00fae apropiadamente con otras personas. A partir del caso <em>Larry P. v. Riles<\/em>, el Departamento de Educaci\u00f3n del Estado de California (California State Department of Education, CDE) prohibi\u00f3 a los distritos escolares el uso de pruebas de coeficiente intelectual estandarizado para determinar la elegibilidad para recibir educaci\u00f3n especial respecto de los alumnos afroamericanos. Por ello, los distritos escolares deben emplear m\u00e9todos alternativos de evaluaci\u00f3n para evitar el uso de puntajes de coeficiente intelectual al determinar los criterios de elegibilidad respecto de los alumnos afroamericanos. Consulte el <a href=\"https:\/\/serr.disabilityrightsca.org\/sp\/serr-manual\/capitulo-2-informacion-sobre-las-evaluaciones\/\">cap\u00edtulo 2, <em>Informaci\u00f3n sobre las evaluaciones<\/em>.<\/a><\/p>\n","protected":false},"excerpt":{"rendered":"<p>No. A los fines de que un alumno re\u00fana los requisitos conforme a esta categor\u00eda, debe mostrar: (1) D\u00e9ficits en la conducta de adaptaci\u00f3n, (que&hellip;<\/p>\n","protected":false},"author":1,"featured_media":0,"parent":329,"menu_order":9,"comment_status":"closed","ping_status":"closed","template":"","meta":{"footnotes":""},"class_list":["post-1343","page","type-page","status-publish","hentry"],"_links":{"self":[{"href":"https:\/\/serr.disabilityrightsca.org\/sp\/wp-json\/wp\/v2\/pages\/1343","targetHints":{"allow":["GET"]}}],"collection":[{"href":"https:\/\/serr.disabilityrightsca.org\/sp\/wp-json\/wp\/v2\/pages"}],"about":[{"href":"https:\/\/serr.disabilityrightsca.org\/sp\/wp-json\/wp\/v2\/types\/page"}],"author":[{"embeddable":true,"href":"https:\/\/serr.disabilityrightsca.org\/sp\/wp-json\/wp\/v2\/users\/1"}],"replies":[{"embeddable":true,"href":"https:\/\/serr.disabilityrightsca.org\/sp\/wp-json\/wp\/v2\/comments?post=1343"}],"version-history":[{"count":6,"href":"https:\/\/serr.disabilityrightsca.org\/sp\/wp-json\/wp\/v2\/pages\/1343\/revisions"}],"predecessor-version":[{"id":4216,"href":"https:\/\/serr.disabilityrightsca.org\/sp\/wp-json\/wp\/v2\/pages\/1343\/revisions\/4216"}],"up":[{"embeddable":true,"href":"https:\/\/serr.disabilityrightsca.org\/sp\/wp-json\/wp\/v2\/pages\/329"}],"wp:attachment":[{"href":"https:\/\/serr.disabilityrightsca.org\/sp\/wp-json\/wp\/v2\/media?parent=1343"}],"curies":[{"name":"wp","href":"https:\/\/api.w.org\/{rel}","templated":true}]}}