{"id":1350,"date":"2019-08-06T15:00:41","date_gmt":"2019-08-06T22:00:41","guid":{"rendered":"http:\/\/www.rula.disabilityrightsca.org\/serr\/sp\/?page_id=1350"},"modified":"2020-02-20T12:01:10","modified_gmt":"2020-02-20T20:01:10","slug":"3-12-es-posible-que-un-nino-con-un-trastorno-de-deficit-de-atencion-add-o-trastorno-de-deficit-de-atencion-con-hiperactividad-adhd-sea-elegible-para-recibir-los-servicios-de-educacion-espe","status":"publish","type":"page","link":"https:\/\/serr.disabilityrightsca.org\/sp\/serr-manual\/capitulo-3-informacion-sobre-los-criterios-de-elegibilidad\/3-12-es-posible-que-un-nino-con-un-trastorno-de-deficit-de-atencion-add-o-trastorno-de-deficit-de-atencion-con-hiperactividad-adhd-sea-elegible-para-recibir-los-servicios-de-educacion-espe\/","title":{"rendered":"(3.12) \u00bfEs posible que un ni\u00f1o con un trastorno de d\u00e9ficit de atenci\u00f3n (ADD) o trastorno de d\u00e9ficit de atenci\u00f3n con hiperactividad (ADHD) sea elegible para recibir los servicios de educaci\u00f3n especial?"},"content":{"rendered":"\n<p>S\u00ed. La ley ha reconocido de manera espec\u00edfica el ADD y ADHD, como ejemplos de las condiciones que pueden calificar conforme a la categor\u00eda de \u201cotros problemas de salud\u201d (OHI) si se cumplen los requisitos para dicha categor\u00eda de elegibilidad. La definici\u00f3n de OHI ampli\u00f3 la expresi\u00f3n \u201cdificultades de fuerza, vitalidad o atenci\u00f3n\u201d para incluir la \u201cvivacidad acentuada con los est\u00edmulos del ambiente\u201d y luego incluye al ADD y ADHD como ejemplos de enfermedades cr\u00f3nicas que pueden calificar. Sin embargo, el diagn\u00f3stico de trastorno de d\u00e9ficit de atenci\u00f3n o trastorno de d\u00e9ficit de atenci\u00f3n con hiperactividad, por s\u00ed mismo, no es suficiente para que un alumno sea elegible para los servicios de educaci\u00f3n especial. Un equipo del IEP, una vez realizada la evaluaci\u00f3n integral requerida, debe determinar que el alumno encuadra en una categor\u00eda de elegibilidad, lo cual significa que tiene una condici\u00f3n (tal como el ADD\/ADHD) y dicha condici\u00f3n tambi\u00e9n debe afectar de manera negativa el desempe\u00f1o educativo del ni\u00f1o. Los alumnos que padecen un ADD\/ADHD tambi\u00e9n pueden ser elegibles conforme a la categor\u00eda de \u201cdiscapacidad espec\u00edfica de aprendizaje\u201d o \u201ctrastorno emocional\u201d. [34 C.F.R. Sec. 300.8(c)(9); Cal. Ed. Code Sec. 56339(a); 5 C.C.R. Sec. 3030(b)(9)]. Para mayor informaci\u00f3n sobre los \u201cefectos adversos\u201d, consulte la pregunta y respuesta n\u00famero 28.<\/p>\n","protected":false},"excerpt":{"rendered":"<p>S\u00ed. La ley ha reconocido de manera espec\u00edfica el ADD y ADHD, como ejemplos de las condiciones que pueden calificar conforme a la categor\u00eda de&hellip;<\/p>\n","protected":false},"author":1,"featured_media":0,"parent":329,"menu_order":12,"comment_status":"closed","ping_status":"closed","template":"","meta":{"footnotes":""},"class_list":["post-1350","page","type-page","status-publish","hentry"],"_links":{"self":[{"href":"https:\/\/serr.disabilityrightsca.org\/sp\/wp-json\/wp\/v2\/pages\/1350","targetHints":{"allow":["GET"]}}],"collection":[{"href":"https:\/\/serr.disabilityrightsca.org\/sp\/wp-json\/wp\/v2\/pages"}],"about":[{"href":"https:\/\/serr.disabilityrightsca.org\/sp\/wp-json\/wp\/v2\/types\/page"}],"author":[{"embeddable":true,"href":"https:\/\/serr.disabilityrightsca.org\/sp\/wp-json\/wp\/v2\/users\/1"}],"replies":[{"embeddable":true,"href":"https:\/\/serr.disabilityrightsca.org\/sp\/wp-json\/wp\/v2\/comments?post=1350"}],"version-history":[{"count":3,"href":"https:\/\/serr.disabilityrightsca.org\/sp\/wp-json\/wp\/v2\/pages\/1350\/revisions"}],"predecessor-version":[{"id":3413,"href":"https:\/\/serr.disabilityrightsca.org\/sp\/wp-json\/wp\/v2\/pages\/1350\/revisions\/3413"}],"up":[{"embeddable":true,"href":"https:\/\/serr.disabilityrightsca.org\/sp\/wp-json\/wp\/v2\/pages\/329"}],"wp:attachment":[{"href":"https:\/\/serr.disabilityrightsca.org\/sp\/wp-json\/wp\/v2\/media?parent=1350"}],"curies":[{"name":"wp","href":"https:\/\/api.w.org\/{rel}","templated":true}]}}