{"id":1356,"date":"2019-08-06T15:05:13","date_gmt":"2019-08-06T22:05:13","guid":{"rendered":"http:\/\/www.rula.disabilityrightsca.org\/serr\/sp\/?page_id=1356"},"modified":"2020-02-20T12:07:04","modified_gmt":"2020-02-20T20:07:04","slug":"3-14-como-funciona-el-modelo-de-discrepancia-para-determinar-si-un-alumno-tiene-una-discapacidad-especifica-de-aprendizaje","status":"publish","type":"page","link":"https:\/\/serr.disabilityrightsca.org\/sp\/serr-manual\/capitulo-3-informacion-sobre-los-criterios-de-elegibilidad\/3-14-como-funciona-el-modelo-de-discrepancia-para-determinar-si-un-alumno-tiene-una-discapacidad-especifica-de-aprendizaje\/","title":{"rendered":"(3.14) \u00bfC\u00f3mo funciona el \u201cmodelo de discrepancia\u201d para determinar si un alumno tiene una discapacidad espec\u00edfica de aprendizaje?"},"content":{"rendered":"\n<p>A los fines de decidir si un alumno presenta una\ndiscrepancia grave entre su capacidad intelectual y su aptitud para la\nexpresi\u00f3n oral, comprensi\u00f3n auditiva, expresi\u00f3n escrita, capacidades de lectura\nb\u00e1sicas, comprensi\u00f3n de lectura, c\u00e1lculos o razonamientos matem\u00e1ticos, un\ndistrito escolar debe revisar toda la informaci\u00f3n relevante del alumno. No se\nemplear\u00e1 ning\u00fan puntaje \u00fanico o resultados de puntajes o pruebas o\nprocedimientos como \u00fanico factor para tomar la decisi\u00f3n.<\/p>\n\n\n\n<p>A menudo, se utilizan las pruebas estandarizadas de\ncapacidad y logros. Si el puntaje de logros de un alumno se encuentra por\ndebajo de su puntaje de capacidad, esto indica que el alumno presenta la\ndiscrepancia grave necesaria para reunir los requisitos para recibir servicios\nde educaci\u00f3n especial conforme a este modelo.<\/p>\n\n\n\n<p>Como parte de su evaluaci\u00f3n, el asesor convertir\u00e1 los\npuntajes brutos de la prueba acad\u00e9mica y cognitiva a una escala de 100 y luego\nhar\u00e1 la comparaci\u00f3n. Si existe una diferencia de entre 20-22 puntos (1.5 de la\ndesviaci\u00f3n est\u00e1ndar), es un indicio contundente de que el alumno padece una\ndiscapacidad de aprendizaje. La discrepancia se debe corroborar a trav\u00e9s de\notra informaci\u00f3n de la evaluaci\u00f3n, por ejemplo, a partir de otras pruebas,\nescalas, instrumentos, observaciones y muestras de trabajo. [5 C.C.R. Sec.\n3030(b)(10)(B)].<\/p>\n\n\n\n<p>En ocasiones, las pruebas estandarizadas no se pueden\nusar en determinados alumnos (como las pruebas de coeficiente intelectual para\nlos alumnos afroamericanos). En tal caso, la discrepancia entre la capacidad y\nlos logros se debe medir mediante alg\u00fan otro m\u00e9todo. El m\u00e9todo alternativo de\nevaluaci\u00f3n debe especificarse en el plan de evaluaci\u00f3n, que un padre debe\nfirmar antes de que se realice cualquier prueba. [5 C.C.R. Sec.\n3030(b)(10)(B)(2)].<\/p>\n\n\n\n<p>Si las pruebas estandarizadas no muestran una\ndiscrepancia grave entre la capacidad y los logros, a\u00fan es posible que un equipo\ndel IEP determine que existe una discrepancia grave. El equipo del IEP debe\nelaborar un informe sobre el alumno en el que describa los procesos\npsicol\u00f3gicos b\u00e1sicos donde existen las discrepancias, el grado de las\ndiscrepancias y los fundamentos y el m\u00e9todo utilizado para determinarlas. El\ninforme debe incluir la informaci\u00f3n obtenida de las pruebas, los padres, la\nmaestra del alumno, las observaciones sobre el alumno y de su desempe\u00f1o en el\naula y muestras de trabajo. Sin embargo, la experiencia escolar limitada o la\nbaja asistencia escolar no puede ser la causa principal de la discrepancia\ngrave. [5 C.C.R. Sec. 3030(b)(10)(B)(3) &amp; (4)].<\/p>\n","protected":false},"excerpt":{"rendered":"<p>A los fines de decidir si un alumno presenta una discrepancia grave entre su capacidad intelectual y su aptitud para la expresi\u00f3n oral, comprensi\u00f3n auditiva,&hellip;<\/p>\n","protected":false},"author":1,"featured_media":0,"parent":329,"menu_order":14,"comment_status":"closed","ping_status":"closed","template":"","meta":{"footnotes":""},"class_list":["post-1356","page","type-page","status-publish","hentry"],"_links":{"self":[{"href":"https:\/\/serr.disabilityrightsca.org\/sp\/wp-json\/wp\/v2\/pages\/1356","targetHints":{"allow":["GET"]}}],"collection":[{"href":"https:\/\/serr.disabilityrightsca.org\/sp\/wp-json\/wp\/v2\/pages"}],"about":[{"href":"https:\/\/serr.disabilityrightsca.org\/sp\/wp-json\/wp\/v2\/types\/page"}],"author":[{"embeddable":true,"href":"https:\/\/serr.disabilityrightsca.org\/sp\/wp-json\/wp\/v2\/users\/1"}],"replies":[{"embeddable":true,"href":"https:\/\/serr.disabilityrightsca.org\/sp\/wp-json\/wp\/v2\/comments?post=1356"}],"version-history":[{"count":2,"href":"https:\/\/serr.disabilityrightsca.org\/sp\/wp-json\/wp\/v2\/pages\/1356\/revisions"}],"predecessor-version":[{"id":3416,"href":"https:\/\/serr.disabilityrightsca.org\/sp\/wp-json\/wp\/v2\/pages\/1356\/revisions\/3416"}],"up":[{"embeddable":true,"href":"https:\/\/serr.disabilityrightsca.org\/sp\/wp-json\/wp\/v2\/pages\/329"}],"wp:attachment":[{"href":"https:\/\/serr.disabilityrightsca.org\/sp\/wp-json\/wp\/v2\/media?parent=1356"}],"curies":[{"name":"wp","href":"https:\/\/api.w.org\/{rel}","templated":true}]}}