{"id":1362,"date":"2019-08-06T15:12:08","date_gmt":"2019-08-06T22:12:08","guid":{"rendered":"http:\/\/www.rula.disabilityrightsca.org\/serr\/sp\/?page_id=1362"},"modified":"2020-02-20T12:13:00","modified_gmt":"2020-02-20T20:13:00","slug":"3-17-algunos-ninos-son-penalizados-por-los-criterios-de-elegibilidad-de-la-discapacidad-de-aprendizaje","status":"publish","type":"page","link":"https:\/\/serr.disabilityrightsca.org\/sp\/serr-manual\/capitulo-3-informacion-sobre-los-criterios-de-elegibilidad\/3-17-algunos-ninos-son-penalizados-por-los-criterios-de-elegibilidad-de-la-discapacidad-de-aprendizaje\/","title":{"rendered":"(3.17) \u00bfAlgunos ni\u00f1os son penalizados por los criterios de elegibilidad de la discapacidad de aprendizaje?"},"content":{"rendered":"\n<p>S\u00ed. Cuando los distritos eligen utilizar el modelo de discrepancia, los ni\u00f1os m\u00e1s peque\u00f1os, entre el jard\u00edn de infantes y el segundo grado, experimentan dificultades para calificar debido a que las pruebas de logros para tales niveles de grado, a menudo no reflejan las dificultades del ni\u00f1o. Adem\u00e1s, los ni\u00f1os que obtienen bajo puntaje en la prueba de inteligencia tambi\u00e9n son penalizados, debido a que es dif\u00edcil descubrir una \u201cdiscrepancia grave\u201d entre la capacidad y los logros. Por otra parte, conforme a estos criterios, los ni\u00f1os m\u00e1s inteligentes son m\u00e1s propensos a demostrar una discrepancia entre el desempe\u00f1o acad\u00e9mico y sus potenciales.<\/p>\n","protected":false},"excerpt":{"rendered":"<p>S\u00ed. Cuando los distritos eligen utilizar el modelo de discrepancia, los ni\u00f1os m\u00e1s peque\u00f1os, entre el jard\u00edn de infantes y el segundo grado, experimentan dificultades&hellip;<\/p>\n","protected":false},"author":1,"featured_media":0,"parent":329,"menu_order":17,"comment_status":"closed","ping_status":"closed","template":"","meta":{"footnotes":""},"class_list":["post-1362","page","type-page","status-publish","hentry"],"_links":{"self":[{"href":"https:\/\/serr.disabilityrightsca.org\/sp\/wp-json\/wp\/v2\/pages\/1362","targetHints":{"allow":["GET"]}}],"collection":[{"href":"https:\/\/serr.disabilityrightsca.org\/sp\/wp-json\/wp\/v2\/pages"}],"about":[{"href":"https:\/\/serr.disabilityrightsca.org\/sp\/wp-json\/wp\/v2\/types\/page"}],"author":[{"embeddable":true,"href":"https:\/\/serr.disabilityrightsca.org\/sp\/wp-json\/wp\/v2\/users\/1"}],"replies":[{"embeddable":true,"href":"https:\/\/serr.disabilityrightsca.org\/sp\/wp-json\/wp\/v2\/comments?post=1362"}],"version-history":[{"count":2,"href":"https:\/\/serr.disabilityrightsca.org\/sp\/wp-json\/wp\/v2\/pages\/1362\/revisions"}],"predecessor-version":[{"id":3419,"href":"https:\/\/serr.disabilityrightsca.org\/sp\/wp-json\/wp\/v2\/pages\/1362\/revisions\/3419"}],"up":[{"embeddable":true,"href":"https:\/\/serr.disabilityrightsca.org\/sp\/wp-json\/wp\/v2\/pages\/329"}],"wp:attachment":[{"href":"https:\/\/serr.disabilityrightsca.org\/sp\/wp-json\/wp\/v2\/media?parent=1362"}],"curies":[{"name":"wp","href":"https:\/\/api.w.org\/{rel}","templated":true}]}}