{"id":1379,"date":"2019-08-06T15:29:06","date_gmt":"2019-08-06T22:29:06","guid":{"rendered":"http:\/\/www.rula.disabilityrightsca.org\/serr\/sp\/?page_id=1379"},"modified":"2020-02-20T12:32:49","modified_gmt":"2020-02-20T20:32:49","slug":"3-24-si-un-alumno-es-elegible-para-los-servicios-conforme-el-articulo-504-solamente-puede-recibir-los-servicios-de-educacion-especial","status":"publish","type":"page","link":"https:\/\/serr.disabilityrightsca.org\/sp\/serr-manual\/capitulo-3-informacion-sobre-los-criterios-de-elegibilidad\/3-24-si-un-alumno-es-elegible-para-los-servicios-conforme-el-articulo-504-solamente-puede-recibir-los-servicios-de-educacion-especial\/","title":{"rendered":"(3.24) Si un alumno es elegible para los servicios conforme el art\u00edculo 504 solamente, \u00bfpuede recibir los servicios de educaci\u00f3n especial?"},"content":{"rendered":"\n<p>S\u00ed. Un memor\u00e1ndum de la OCR escrito el 29 de abril de\n1993 aborda esta cuesti\u00f3n: Un ni\u00f1o que presenta una discapacidad seg\u00fan el\nsignificado atribuido por el art\u00edculo 504, pero no conforme al IDEA, \u00bftiene\nderecho a recibir los servicios de educaci\u00f3n especial?<\/p>\n\n\n\n<p>S\u00ed. Si se determina que un ni\u00f1o tiene una discapacidad\nen los t\u00e9rminos del significado atribuido por el art\u00edculo 504, tiene derecho a\nrecibir cualquier servicio de educaci\u00f3n especial que el equipo de asignaci\u00f3n\nconsidere necesario. [19 IDELR 876].\n\nLos\ndistritos, por lo general, no est\u00e1n conscientes de esta interpretaci\u00f3n legal\ndel OCR. Si considera que su hijo necesita de los servicios de educaci\u00f3n\nespecial para recibir educaci\u00f3n p\u00fablica, adecuada y gratuita (free,\nappropriate, public education, FAPE), debe informar al equipo de planificaci\u00f3n\ndel Articulo 504 acerca del memor\u00e1ndum, antes de la reuni\u00f3n.\n\n\n\n<\/p>\n","protected":false},"excerpt":{"rendered":"<p>S\u00ed. Un memor\u00e1ndum de la OCR escrito el 29 de abril de 1993 aborda esta cuesti\u00f3n: Un ni\u00f1o que presenta una discapacidad seg\u00fan el significado&hellip;<\/p>\n","protected":false},"author":1,"featured_media":0,"parent":329,"menu_order":24,"comment_status":"closed","ping_status":"closed","template":"","meta":{"footnotes":""},"class_list":["post-1379","page","type-page","status-publish","hentry"],"_links":{"self":[{"href":"https:\/\/serr.disabilityrightsca.org\/sp\/wp-json\/wp\/v2\/pages\/1379","targetHints":{"allow":["GET"]}}],"collection":[{"href":"https:\/\/serr.disabilityrightsca.org\/sp\/wp-json\/wp\/v2\/pages"}],"about":[{"href":"https:\/\/serr.disabilityrightsca.org\/sp\/wp-json\/wp\/v2\/types\/page"}],"author":[{"embeddable":true,"href":"https:\/\/serr.disabilityrightsca.org\/sp\/wp-json\/wp\/v2\/users\/1"}],"replies":[{"embeddable":true,"href":"https:\/\/serr.disabilityrightsca.org\/sp\/wp-json\/wp\/v2\/comments?post=1379"}],"version-history":[{"count":4,"href":"https:\/\/serr.disabilityrightsca.org\/sp\/wp-json\/wp\/v2\/pages\/1379\/revisions"}],"predecessor-version":[{"id":3428,"href":"https:\/\/serr.disabilityrightsca.org\/sp\/wp-json\/wp\/v2\/pages\/1379\/revisions\/3428"}],"up":[{"embeddable":true,"href":"https:\/\/serr.disabilityrightsca.org\/sp\/wp-json\/wp\/v2\/pages\/329"}],"wp:attachment":[{"href":"https:\/\/serr.disabilityrightsca.org\/sp\/wp-json\/wp\/v2\/media?parent=1379"}],"curies":[{"name":"wp","href":"https:\/\/api.w.org\/{rel}","templated":true}]}}