{"id":1384,"date":"2019-08-06T15:32:37","date_gmt":"2019-08-06T22:32:37","guid":{"rendered":"http:\/\/www.rula.disabilityrightsca.org\/serr\/sp\/?page_id=1384"},"modified":"2020-02-20T13:53:50","modified_gmt":"2020-02-20T21:53:50","slug":"3-26-puede-el-distrito-escolar-limitar-los-servicios-que-recibe-mi-hijo-en-funcion-de-su-discapacidad","status":"publish","type":"page","link":"https:\/\/serr.disabilityrightsca.org\/sp\/serr-manual\/capitulo-3-informacion-sobre-los-criterios-de-elegibilidad\/3-26-puede-el-distrito-escolar-limitar-los-servicios-que-recibe-mi-hijo-en-funcion-de-su-discapacidad\/","title":{"rendered":"(3.26) \u00bfPuede el distrito escolar limitar los servicios que recibe mi hijo en funci\u00f3n de su discapacidad?"},"content":{"rendered":"\n<p>Las escuelas no pueden asumir que ciertas discapacidades afectan a los alumnos solo de determinadas maneras. Por ejemplo, limitar los servicios de los alumnos con discapacidad ortop\u00e9dica a la educaci\u00f3n f\u00edsica adaptada \u00fanicamente. Las discapacidades var\u00edan en el grado y en la manera en que impactan en las personas. La educaci\u00f3n especial y las decisiones sobre los servicios relacionados deben fundamentarse en las necesidades particulares de cada ni\u00f1o. [34 C.F.R. Secs. 300.39 &amp; 300.320(a)(2)(i)(A); Cal. Ed. Code Secs. 56031(a) &amp; 56345(a)(2)(A)].&nbsp; Los servicios y la asignaci\u00f3n que cada ni\u00f1o con una discapacidad requiere para recibir una educaci\u00f3n p\u00fablica, adecuada y gratuita deben fundamentarse en las necesidades espec\u00edficas del ni\u00f1o y no en su discapacidad. [34 C.F.R. Secs. 300.39 &amp; 300.324(a)].<\/p>\n","protected":false},"excerpt":{"rendered":"<p>Las escuelas no pueden asumir que ciertas discapacidades afectan a los alumnos solo de determinadas maneras. Por ejemplo, limitar los servicios de los alumnos con&hellip;<\/p>\n","protected":false},"author":1,"featured_media":0,"parent":329,"menu_order":26,"comment_status":"closed","ping_status":"closed","template":"","meta":{"footnotes":""},"class_list":["post-1384","page","type-page","status-publish","hentry"],"_links":{"self":[{"href":"https:\/\/serr.disabilityrightsca.org\/sp\/wp-json\/wp\/v2\/pages\/1384","targetHints":{"allow":["GET"]}}],"collection":[{"href":"https:\/\/serr.disabilityrightsca.org\/sp\/wp-json\/wp\/v2\/pages"}],"about":[{"href":"https:\/\/serr.disabilityrightsca.org\/sp\/wp-json\/wp\/v2\/types\/page"}],"author":[{"embeddable":true,"href":"https:\/\/serr.disabilityrightsca.org\/sp\/wp-json\/wp\/v2\/users\/1"}],"replies":[{"embeddable":true,"href":"https:\/\/serr.disabilityrightsca.org\/sp\/wp-json\/wp\/v2\/comments?post=1384"}],"version-history":[{"count":3,"href":"https:\/\/serr.disabilityrightsca.org\/sp\/wp-json\/wp\/v2\/pages\/1384\/revisions"}],"predecessor-version":[{"id":3431,"href":"https:\/\/serr.disabilityrightsca.org\/sp\/wp-json\/wp\/v2\/pages\/1384\/revisions\/3431"}],"up":[{"embeddable":true,"href":"https:\/\/serr.disabilityrightsca.org\/sp\/wp-json\/wp\/v2\/pages\/329"}],"wp:attachment":[{"href":"https:\/\/serr.disabilityrightsca.org\/sp\/wp-json\/wp\/v2\/media?parent=1384"}],"curies":[{"name":"wp","href":"https:\/\/api.w.org\/{rel}","templated":true}]}}