{"id":1457,"date":"2019-08-07T10:37:58","date_gmt":"2019-08-07T17:37:58","guid":{"rendered":"http:\/\/www.rula.disabilityrightsca.org\/serr\/sp\/?page_id=1457"},"modified":"2020-02-12T16:19:13","modified_gmt":"2020-02-13T00:19:13","slug":"2-39-si-solicito-una-evaluacion-para-determinar-la-elegibilidad-conforme-al-articulo-504-el-distrito-escolar-debe-evaluar-a-mi-hijo-para-determinar-si-reune-los-requisitos-necesarios-para-re","status":"publish","type":"page","link":"https:\/\/serr.disabilityrightsca.org\/sp\/serr-manual\/capitulo-2-informacion-sobre-las-evaluaciones\/2-39-si-solicito-una-evaluacion-para-determinar-la-elegibilidad-conforme-al-articulo-504-el-distrito-escolar-debe-evaluar-a-mi-hijo-para-determinar-si-reune-los-requisitos-necesarios-para-re\/","title":{"rendered":"(2.39)  Si solicito una evaluaci\u00f3n para determinar la elegibilidad conforme al art\u00edculo 504, \u00bfel distrito escolar debe evaluar a mi hijo para determinar si re\u00fane los requisitos necesarios para recibir adaptaciones o servicios?"},"content":{"rendered":"\n<p>No. Si el distrito escolar cree que su\nhijo no tiene una \u201cdiscapacidad f\u00edsica o mental que restrinja notablemente una\nactividad imprescindible para desempe\u00f1arse en la vida\u201d, el distrito puede\nnegarse a evaluarlo. Deber\u00e1 solicitar una audiencia conforme al art\u00edculo 504,\npara exigirle al distrito que eval\u00fae a su hijo para determinar si re\u00fane los\nrequisitos necesarios. [OCR Memorandum, April 29, 1993; 19 IDELR 876]. <\/p>\n\n\n\n<p>Sin embargo, si un distrito acepta que\nun ni\u00f1o tiene o podr\u00eda tener una discapacidad, una demora de cuatro meses para\nrealizar la evaluaci\u00f3n, infringir\u00eda el art\u00edculo 504. [<em>Tracy Unified\nSchool District<\/em> (2015) Office for Civil Rights, Western Division, San\nFrancisco].<\/p>\n","protected":false},"excerpt":{"rendered":"<p>No. Si el distrito escolar cree que su hijo no tiene una \u201cdiscapacidad f\u00edsica o mental que restrinja notablemente una actividad imprescindible para desempe\u00f1arse en&hellip;<\/p>\n","protected":false},"author":1,"featured_media":0,"parent":324,"menu_order":39,"comment_status":"closed","ping_status":"closed","template":"","meta":{"footnotes":""},"class_list":["post-1457","page","type-page","status-publish","hentry"],"_links":{"self":[{"href":"https:\/\/serr.disabilityrightsca.org\/sp\/wp-json\/wp\/v2\/pages\/1457","targetHints":{"allow":["GET"]}}],"collection":[{"href":"https:\/\/serr.disabilityrightsca.org\/sp\/wp-json\/wp\/v2\/pages"}],"about":[{"href":"https:\/\/serr.disabilityrightsca.org\/sp\/wp-json\/wp\/v2\/types\/page"}],"author":[{"embeddable":true,"href":"https:\/\/serr.disabilityrightsca.org\/sp\/wp-json\/wp\/v2\/users\/1"}],"replies":[{"embeddable":true,"href":"https:\/\/serr.disabilityrightsca.org\/sp\/wp-json\/wp\/v2\/comments?post=1457"}],"version-history":[{"count":3,"href":"https:\/\/serr.disabilityrightsca.org\/sp\/wp-json\/wp\/v2\/pages\/1457\/revisions"}],"predecessor-version":[{"id":3384,"href":"https:\/\/serr.disabilityrightsca.org\/sp\/wp-json\/wp\/v2\/pages\/1457\/revisions\/3384"}],"up":[{"embeddable":true,"href":"https:\/\/serr.disabilityrightsca.org\/sp\/wp-json\/wp\/v2\/pages\/324"}],"wp:attachment":[{"href":"https:\/\/serr.disabilityrightsca.org\/sp\/wp-json\/wp\/v2\/media?parent=1457"}],"curies":[{"name":"wp","href":"https:\/\/api.w.org\/{rel}","templated":true}]}}